{"id":32643,"date":"2025-10-03T09:51:23","date_gmt":"2025-10-03T09:51:23","guid":{"rendered":"https:\/\/accrosport.tn\/index.php\/product\/rase-2505-petroleum\/"},"modified":"2025-12-18T06:35:33","modified_gmt":"2025-12-18T06:35:33","slug":"rase-2505-petroleum","status":"publish","type":"product","link":"https:\/\/accrosport.tn\/index.php\/product\/rase-2505-petroleum\/","title":{"rendered":"Chaussures trail running Rase 2505 homme bleu p\u00e9trole"},"content":{"rendered":"<p>Chaussures de trail pour homme. Mod\u00e8le mixte tr\u00e8s efficace pour s&rsquo;entra\u00eener et comp\u00e9titionner. Dot\u00e9es d&rsquo;un excellent amorti et d&rsquo;une forme plus large, les Rase permettent d&rsquo;ajouter des kilom\u00e8tres \u00e0 des rythmes moyens et rapides tout en profitant d&rsquo;un confort fantastique.<\/p>\n<p>Tige \u00e9labor\u00e9e avec un mesh respirant gr\u00e2ce \u00e0 la technologie VTS destin\u00e9e \u00e0 l&rsquo;\u00e9vacuation de la transpiration. Pour un bon ajustement, elle comporte le syst\u00e8me thermoscell\u00e9 JOMA SPORTECH, qui maintient la l\u00e9g\u00e8ret\u00e9 des chaussures.<\/p>\n<p>Renfort thermoscell\u00e9 PROTECTION sur l&rsquo;avant et les c\u00f4t\u00e9s pour une protection et une durabilit\u00e9 accrues. Emp\u00eache les \u00e9l\u00e9ments ext\u00e9rieurs d&rsquo;entrer au fil des kilom\u00e8tres.<\/p>\n<p>Semelle interm\u00e9diaire construite avec REACTIVE BALL \u00e0 l&rsquo;arri\u00e8re pour absorber les chocs et propulser le coureur. Cette technologie adoucit la foul\u00e9e et offre un amorti sup\u00e9rieur. L&rsquo;avant est en phylon pour plus de stabilit\u00e9. Drop de 8 mm.<\/p>\n<p>Semelle en caoutchouc DURABILITY offrant une adh\u00e9rence maximale sur des terrains irr\u00e9guliers de difficult\u00e9 moyenne.<\/p>\n<ul class=\"featuresul\">\n<li>Empeigne en mesh respirant VTS<\/li>\n<li>Coupe avec syst\u00e8me de r\u00e9glage thermosoud\u00e9 SPORTECH<\/li>\n<li>Coupe avec syst\u00e8me de protection thermosoud\u00e9e PROTECTION<\/li>\n<li>Semelle interm\u00e9diaire en phylon REACTIVE BALL<\/li>\n<li>Semelle ext\u00e9rieure DURABILITY en caoutchouc<\/li>\n<\/ul>\n","protected":false},"excerpt":{"rendered":"<p>Chaussures de trail pour homme. Mod\u00e8le mixte tr\u00e8s efficace pour s&rsquo;entra\u00eener et comp\u00e9titionner. Dot\u00e9es d&rsquo;un excellent amorti et d&rsquo;une forme plus large, les Rase permettent d&rsquo;ajouter des kilom\u00e8tres \u00e0 des rythmes moyens et rapides tout en profitant d&rsquo;un confort fantastique.<\/p>\n","protected":false},"featured_media":33343,"template":"","meta":[],"product_brand":[],"product_cat":[61,33,77,114,113],"product_tag":[],"class_list":{"0":"post-32643","1":"product","2":"type-product","3":"status-publish","4":"has-post-thumbnail","6":"product_cat-chaussures-homme","7":"product_cat-homme","8":"product_cat-running","9":"product_cat-running-sport","10":"product_cat-sport","11":"pa_couleur-petroleum","12":"pa_taille-646","13":"pa_taille-650","14":"pa_taille-651","15":"pa_taille-653","16":"pa_taille-656","18":"first","19":"outofstock","20":"sale","21":"purchasable","22":"product-type-variable"},"_links":{"self":[{"href":"https:\/\/accrosport.tn\/index.php\/wp-json\/wp\/v2\/product\/32643","targetHints":{"allow":["GET"]}}],"collection":[{"href":"https:\/\/accrosport.tn\/index.php\/wp-json\/wp\/v2\/product"}],"about":[{"href":"https:\/\/accrosport.tn\/index.php\/wp-json\/wp\/v2\/types\/product"}],"wp:featuredmedia":[{"embeddable":true,"href":"https:\/\/accrosport.tn\/index.php\/wp-json\/wp\/v2\/media\/33343"}],"wp:attachment":[{"href":"https:\/\/accrosport.tn\/index.php\/wp-json\/wp\/v2\/media?parent=32643"}],"wp:term":[{"taxonomy":"product_brand","embeddable":true,"href":"https:\/\/accrosport.tn\/index.php\/wp-json\/wp\/v2\/product_brand?post=32643"},{"taxonomy":"product_cat","embeddable":true,"href":"https:\/\/accrosport.tn\/index.php\/wp-json\/wp\/v2\/product_cat?post=32643"},{"taxonomy":"product_tag","embeddable":true,"href":"https:\/\/accrosport.tn\/index.php\/wp-json\/wp\/v2\/product_tag?post=32643"}],"curies":[{"name":"wp","href":"https:\/\/api.w.org\/{rel}","templated":true}]}}