{"id":32636,"date":"2025-10-03T09:51:23","date_gmt":"2025-10-03T09:51:23","guid":{"rendered":"https:\/\/accrosport.tn\/index.php\/product\/elite-lady-2501-black\/"},"modified":"2025-10-28T17:28:09","modified_gmt":"2025-10-28T17:28:09","slug":"elite-lady-2501-black","status":"publish","type":"product","link":"https:\/\/accrosport.tn\/index.php\/product\/elite-lady-2501-black\/","title":{"rendered":"Chaussures running Elite Lady 2501 femme noir"},"content":{"rendered":"<p>Chaussures de course pour femme. Mod\u00e8le de course d\u00e9contract\u00e9 tr\u00e8s polyvalent : adapt\u00e9 pour des entra\u00eenements l\u00e9gers, pour marcher ou pour un usage quotidien. Retour du design estival ax\u00e9 sur la l\u00e9g\u00e8ret\u00e9 et la respirabilit\u00e9.<\/p>\n<p>Tige \u00e0 nouveau respirante principalement en textile. \u00c0 l&rsquo;avant, elle pr\u00e9sente un jacquard personnalis\u00e9 \u00e9quip\u00e9 de perforations VTS qui permettent la ventilation de la transpiration. \u00c0 l&rsquo;arri\u00e8re, elles ont un tissu anti-d\u00e9chirure pour augmenter leur durabilit\u00e9. Pour un meilleur ajustement, la technologie JOMA SPORTECH a \u00e9t\u00e9 appliqu\u00e9e, ajoutant du mat\u00e9riau synth\u00e9tique thermocoll\u00e9 sur des zones strat\u00e9giques. Languette rembourr\u00e9e et respirante pour un confort accru.<\/p>\n<p>La semelle interm\u00e9diaire est en phylon d&rsquo;une seule pi\u00e8ce, flexible et de haute qualit\u00e9, qui amortit les chocs et adoucit la foul\u00e9e.<\/p>\n<p>La semelle est en caoutchouc DURABILITY avec une haute r\u00e9sistance \u00e0 l&rsquo;abrasion sur l&rsquo;asphalte.<\/p>\n<p>Avec une forme sp\u00e9ciale pour femme, adapt\u00e9e \u00e0 la forme et \u00e0 la biom\u00e9canique du pied f\u00e9minin. Elle est plus \u00e9troite au niveau du talon et du m\u00e9dio-pied et plus large \u00e0 l&rsquo;avant-pied.<\/p>\n<ul class=\"featuresul\">\n<li>Empeigne en mesh respirant VTS<\/li>\n<li>Coupe avec syst\u00e8me de r\u00e9glage thermosoud\u00e9 SPORTECH<\/li>\n<li>Semelle interm\u00e9diaire en phylon<\/li>\n<li>Semelle ext\u00e9rieure en caoutchouc<\/li>\n<\/ul>\n","protected":false},"excerpt":{"rendered":"<p>Chaussures de course pour femme. Mod\u00e8le de course d\u00e9contract\u00e9 tr\u00e8s polyvalent : adapt\u00e9 pour des entra\u00eenements l\u00e9gers, pour marcher ou pour un usage quotidien. Retour du design estival ax\u00e9 sur la l\u00e9g\u00e8ret\u00e9 et la respirabilit\u00e9.<\/p>\n","protected":false},"featured_media":33337,"template":"","meta":[],"product_brand":[],"product_cat":[57,42,114,82,113],"product_tag":[],"class_list":{"0":"post-32636","1":"product","2":"type-product","3":"status-publish","4":"has-post-thumbnail","6":"product_cat-chaussures","7":"product_cat-femme","8":"product_cat-running-sport","9":"product_cat-running-chaussures","10":"product_cat-sport","11":"pa_couleur-noir","12":"pa_taille-641","13":"pa_taille-643","14":"pa_taille-37-5","15":"pa_taille-655","16":"pa_taille-644","17":"pa_taille-645","19":"first","20":"outofstock","21":"purchasable","22":"product-type-variable"},"_links":{"self":[{"href":"https:\/\/accrosport.tn\/index.php\/wp-json\/wp\/v2\/product\/32636","targetHints":{"allow":["GET"]}}],"collection":[{"href":"https:\/\/accrosport.tn\/index.php\/wp-json\/wp\/v2\/product"}],"about":[{"href":"https:\/\/accrosport.tn\/index.php\/wp-json\/wp\/v2\/types\/product"}],"wp:featuredmedia":[{"embeddable":true,"href":"https:\/\/accrosport.tn\/index.php\/wp-json\/wp\/v2\/media\/33337"}],"wp:attachment":[{"href":"https:\/\/accrosport.tn\/index.php\/wp-json\/wp\/v2\/media?parent=32636"}],"wp:term":[{"taxonomy":"product_brand","embeddable":true,"href":"https:\/\/accrosport.tn\/index.php\/wp-json\/wp\/v2\/product_brand?post=32636"},{"taxonomy":"product_cat","embeddable":true,"href":"https:\/\/accrosport.tn\/index.php\/wp-json\/wp\/v2\/product_cat?post=32636"},{"taxonomy":"product_tag","embeddable":true,"href":"https:\/\/accrosport.tn\/index.php\/wp-json\/wp\/v2\/product_tag?post=32636"}],"curies":[{"name":"wp","href":"https:\/\/api.w.org\/{rel}","templated":true}]}}