{"id":32629,"date":"2025-10-03T09:51:18","date_gmt":"2025-10-03T09:51:18","guid":{"rendered":"https:\/\/accrosport.tn\/index.php\/product\/active-men-2504-royal\/"},"modified":"2025-11-24T17:17:02","modified_gmt":"2025-11-24T17:17:02","slug":"active-men-2504-royal","status":"publish","type":"product","link":"https:\/\/accrosport.tn\/index.php\/product\/active-men-2504-royal\/","title":{"rendered":"Chaussures running Active Men 2504 homme bleu roi"},"content":{"rendered":"<p>Chaussures de course pour homme. Con\u00e7ues pour d\u00e9buter en course \u00e0 pied ou pour marcher, les Active offrent un confort maximal. Dot\u00e9es \u00e9galement d&rsquo;un excellent ajustement et d&rsquo;une respirabilit\u00e9 optimale.<\/p>\n<p>Tige fabriqu\u00e9e en mesh technique pour une meilleure \u00e9vacuation de la transpiration. Le syst\u00e8me de ventilation VTS favorise le flux d&rsquo;air et maintient les pieds frais.<\/p>\n<p>Semelle interm\u00e9diaire en phylon, un mat\u00e9riau l\u00e9ger, fonctionnel et flexible. Offre une bonne absorption des chocs en courant ou en marchant.<\/p>\n<p>Semelle en caoutchouc de bonne qualit\u00e9 et r\u00e9sistant \u00e0 l&rsquo;abrasion sur l&rsquo;asphalte.<\/p>\n<ul class=\"featuresul\">\n<li>Tige en semi-microfibre avec maille respirante VTS<\/li>\n<li>Semelle interm\u00e9diaire en phylon<\/li>\n<li>Semelle ext\u00e9rieure en caoutchouc<\/li>\n<\/ul>\n","protected":false},"excerpt":{"rendered":"<p>Chaussures de course pour homme. Con\u00e7ues pour d\u00e9buter en course \u00e0 pied ou pour marcher, les Active offrent un confort maximal. Dot\u00e9es \u00e9galement d&rsquo;un excellent ajustement et d&rsquo;une respirabilit\u00e9 optimale.<\/p>\n","protected":false},"featured_media":33378,"template":"","meta":[],"product_brand":[],"product_cat":[61,33,77,114,113],"product_tag":[],"class_list":{"0":"post-32629","1":"product","2":"type-product","3":"status-publish","4":"has-post-thumbnail","6":"product_cat-chaussures-homme","7":"product_cat-homme","8":"product_cat-running","9":"product_cat-running-sport","10":"product_cat-sport","11":"pa_couleur-royal-blue","12":"pa_taille-645","13":"pa_taille-646","14":"pa_taille-649","15":"pa_taille-650","16":"pa_taille-651","17":"pa_taille-653","19":"first","20":"outofstock","21":"purchasable","22":"product-type-variable"},"_links":{"self":[{"href":"https:\/\/accrosport.tn\/index.php\/wp-json\/wp\/v2\/product\/32629","targetHints":{"allow":["GET"]}}],"collection":[{"href":"https:\/\/accrosport.tn\/index.php\/wp-json\/wp\/v2\/product"}],"about":[{"href":"https:\/\/accrosport.tn\/index.php\/wp-json\/wp\/v2\/types\/product"}],"wp:featuredmedia":[{"embeddable":true,"href":"https:\/\/accrosport.tn\/index.php\/wp-json\/wp\/v2\/media\/33378"}],"wp:attachment":[{"href":"https:\/\/accrosport.tn\/index.php\/wp-json\/wp\/v2\/media?parent=32629"}],"wp:term":[{"taxonomy":"product_brand","embeddable":true,"href":"https:\/\/accrosport.tn\/index.php\/wp-json\/wp\/v2\/product_brand?post=32629"},{"taxonomy":"product_cat","embeddable":true,"href":"https:\/\/accrosport.tn\/index.php\/wp-json\/wp\/v2\/product_cat?post=32629"},{"taxonomy":"product_tag","embeddable":true,"href":"https:\/\/accrosport.tn\/index.php\/wp-json\/wp\/v2\/product_tag?post=32629"}],"curies":[{"name":"wp","href":"https:\/\/api.w.org\/{rel}","templated":true}]}}