{"id":32616,"date":"2025-10-03T09:51:18","date_gmt":"2025-10-03T09:51:18","guid":{"rendered":"https:\/\/accrosport.tn\/index.php\/product\/point-lady-2513-rosa\/"},"modified":"2025-10-07T10:40:58","modified_gmt":"2025-10-07T10:40:58","slug":"point-lady-2513-rosa","status":"publish","type":"product","link":"https:\/\/accrosport.tn\/index.php\/product\/point-lady-2513-rosa\/","title":{"rendered":"Chaussures Point Lady 2513 terrain dur femme rose"},"content":{"rendered":"<p>Chaussures de tennis pour femme. Mod\u00e8le \u00e9quip\u00e9 de haute technologie pour en tirer le meilleur rendement. Destin\u00e9 au tennis professionnel, des joueuses d&rsquo;\u00e9lite comme Magda Linette, Jessica Bouzas et Marie Bouzkova lui font confiance pour concourir dans des tournois internationaux WTA. Confort, stabilit\u00e9 et agilit\u00e9 r\u00e9unis dans une seule paire de chaussures.<\/p>\n<p>Tige \u00e9labor\u00e9e en mesh finition Jacquard pour assurer la transpiration de la sueur et la l\u00e9g\u00e8ret\u00e9. Le syst\u00e8me de perforations VTS assure la ventilation et maintient les pieds frais. Le syst\u00e8me thermoscell\u00e9 JOMA SPORTECH offre un ajustement confortable.<\/p>\n<p>Renfort en caoutchouc \u00e0 l&rsquo;avant, formant le syst\u00e8me PROTECTION. De m\u00eame, au talon, il comporte un contrefort EXO COUNTER pour assurer la stabilit\u00e9 de la zone lors des changements de direction.<\/p>\n<p>Semelle interm\u00e9diaire en phylon l\u00e9ger, flexible et capable d&rsquo;absorber les chocs. Le syst\u00e8me STABILIS \u00e9vite les torsions inad\u00e9quates entre l&rsquo;avant et l&rsquo;arri\u00e8re du pied.<\/p>\n<p>Semelle en caoutchouc DURABILITY all court, adapt\u00e9e et r\u00e9sistante pour jouer sur surface dure\/rapide. Le dessin permet au joueur de glisser et de freiner sur le court selon ses besoins.<\/p>\n<ul class=\"featuresul\">\n<li>Empeigne en mesh respirant VTS<\/li>\n<li>Coupe avec syst\u00e8me de r\u00e9glage thermosoud\u00e9 SPORTECH<\/li>\n<li>Coupe avec renfort en caoutchouc dans les zones strat\u00e9giques PROTECTION<\/li>\n<li>Semelle interm\u00e9diaire en phylon avec STABILIS<\/li>\n<li>Semelle ext\u00e9rieure DURABILITY en caoutchouc<\/li>\n<li>Contrefort EXO Counter<\/li>\n<\/ul>\n","protected":false},"excerpt":{"rendered":"<p>Chaussures de tennis pour femme. Mod\u00e8le \u00e9quip\u00e9 de haute technologie pour en tirer le meilleur rendement. Destin\u00e9 au tennis professionnel, des joueuses d&rsquo;\u00e9lite comme Magda Linette, Jessica Bouzas et Marie Bouzkova lui font confiance pour concourir dans des tournois internationaux WTA. Confort, stabilit\u00e9 et agilit\u00e9 r\u00e9unis dans une seule paire de chaussures.<\/p>\n","protected":false},"featured_media":33368,"template":"","meta":[],"product_brand":[],"product_cat":[57,42,113,81,272],"product_tag":[],"class_list":{"0":"post-32616","1":"product","2":"type-product","3":"status-publish","4":"has-post-thumbnail","6":"product_cat-chaussures","7":"product_cat-femme","8":"product_cat-sport","9":"product_cat-tennis-chaussures","10":"product_cat-tennis-sport","11":"pa_couleur-pink","12":"pa_taille-655","13":"pa_taille-644","14":"pa_taille-645","15":"pa_taille-40-5","16":"pa_taille-646","18":"first","19":"outofstock","20":"sale","21":"purchasable","22":"product-type-variable"},"_links":{"self":[{"href":"https:\/\/accrosport.tn\/index.php\/wp-json\/wp\/v2\/product\/32616","targetHints":{"allow":["GET"]}}],"collection":[{"href":"https:\/\/accrosport.tn\/index.php\/wp-json\/wp\/v2\/product"}],"about":[{"href":"https:\/\/accrosport.tn\/index.php\/wp-json\/wp\/v2\/types\/product"}],"wp:featuredmedia":[{"embeddable":true,"href":"https:\/\/accrosport.tn\/index.php\/wp-json\/wp\/v2\/media\/33368"}],"wp:attachment":[{"href":"https:\/\/accrosport.tn\/index.php\/wp-json\/wp\/v2\/media?parent=32616"}],"wp:term":[{"taxonomy":"product_brand","embeddable":true,"href":"https:\/\/accrosport.tn\/index.php\/wp-json\/wp\/v2\/product_brand?post=32616"},{"taxonomy":"product_cat","embeddable":true,"href":"https:\/\/accrosport.tn\/index.php\/wp-json\/wp\/v2\/product_cat?post=32616"},{"taxonomy":"product_tag","embeddable":true,"href":"https:\/\/accrosport.tn\/index.php\/wp-json\/wp\/v2\/product_tag?post=32616"}],"curies":[{"name":"wp","href":"https:\/\/api.w.org\/{rel}","templated":true}]}}