{"id":32445,"date":"2025-10-02T13:18:30","date_gmt":"2025-10-02T13:18:30","guid":{"rendered":"https:\/\/accrosport.tn\/index.php\/product\/open-men-2502-white-turquoise\/"},"modified":"2025-11-26T11:24:32","modified_gmt":"2025-11-26T11:24:32","slug":"open-men-2502-white-turquoise","status":"publish","type":"product","link":"https:\/\/accrosport.tn\/index.php\/product\/open-men-2502-white-turquoise\/","title":{"rendered":"Chaussures Open Men 2502 homme blanc turquoise"},"content":{"rendered":"<p>Tige en mesh respirant ultra-l\u00e9ger, avec petites perforations VTS. Syst\u00e8me de r\u00e9glage thermoscell\u00e9 JOMA SPORTECH pour un excellent maintien.<br \/>\nRenforc\u00e9 \u00e0 l&rsquo;avant avec la technologie PROTECTION.<br \/>\nNouvelle semelle interm\u00e9diaire bi-mati\u00e8re, \u00e0 la forme sp\u00e9ciale con\u00e7ue pour optimiser la protection et la stabilit\u00e9. La partie avant est en Phylon, souple et confortable, tandis que la partie arri\u00e8re est en FOAM REACTIVE, pour un amorti optimal. Elle est \u00e9galement dot\u00e9e d&rsquo;une pi\u00e8ce EXO COUNTER plus rigide qui agit comme un contrefort pour pr\u00e9venir les blessures.<br \/>\nSemelle Omni en caoutchouc DURABILITY, form\u00e9e de petits crampons circulaires am\u00e9liorant la r\u00e9sistance sur surfaces dures. Facilite les glissades pour atteindre la balle plus rapidement.<\/p>\n","protected":false},"excerpt":{"rendered":"<p>Baskets de padel sp\u00e9cifiques. Mod\u00e8le am\u00e9lior\u00e9 gr\u00e2ce \u00e0 l&rsquo;int\u00e9gration d&rsquo;une nouvelle semelle interm\u00e9diaire offrant une meilleure absorption des chocs, prot\u00e9geant et stabilisant le joueur. Con\u00e7ues pour ceux qui recherchent des chaussures de performance optimale. Test\u00e9es par des joueurs professionnels comme Pincho, Diestro et Nuria Rodr\u00edguez.<\/p>\n","protected":false},"featured_media":32557,"template":"","meta":[],"product_brand":[],"product_cat":[33,158,275],"product_tag":[],"class_list":{"0":"post-32445","1":"product","2":"type-product","3":"status-publish","4":"has-post-thumbnail","6":"product_cat-homme","7":"product_cat-nouvelle-collection","8":"product_cat-padel-homme","9":"pa_couleur-white-turquoise","10":"pa_taille-645","11":"pa_taille-646","12":"pa_taille-649","13":"pa_taille-650","14":"pa_taille-651","15":"pa_taille-653","17":"first","18":"outofstock","19":"sale","20":"purchasable","21":"product-type-variable"},"_links":{"self":[{"href":"https:\/\/accrosport.tn\/index.php\/wp-json\/wp\/v2\/product\/32445","targetHints":{"allow":["GET"]}}],"collection":[{"href":"https:\/\/accrosport.tn\/index.php\/wp-json\/wp\/v2\/product"}],"about":[{"href":"https:\/\/accrosport.tn\/index.php\/wp-json\/wp\/v2\/types\/product"}],"wp:featuredmedia":[{"embeddable":true,"href":"https:\/\/accrosport.tn\/index.php\/wp-json\/wp\/v2\/media\/32557"}],"wp:attachment":[{"href":"https:\/\/accrosport.tn\/index.php\/wp-json\/wp\/v2\/media?parent=32445"}],"wp:term":[{"taxonomy":"product_brand","embeddable":true,"href":"https:\/\/accrosport.tn\/index.php\/wp-json\/wp\/v2\/product_brand?post=32445"},{"taxonomy":"product_cat","embeddable":true,"href":"https:\/\/accrosport.tn\/index.php\/wp-json\/wp\/v2\/product_cat?post=32445"},{"taxonomy":"product_tag","embeddable":true,"href":"https:\/\/accrosport.tn\/index.php\/wp-json\/wp\/v2\/product_tag?post=32445"}],"curies":[{"name":"wp","href":"https:\/\/api.w.org\/{rel}","templated":true}]}}