{"id":32437,"date":"2025-10-02T13:18:30","date_gmt":"2025-10-02T13:18:30","guid":{"rendered":"https:\/\/accrosport.tn\/index.php\/product\/master-1000-men-2503-navy\/"},"modified":"2025-12-20T14:28:35","modified_gmt":"2025-12-20T14:28:35","slug":"master-1000-men-2503-navy","status":"publish","type":"product","link":"https:\/\/accrosport.tn\/index.php\/product\/master-1000-men-2503-navy\/","title":{"rendered":"Chaussures Master 1000 homme 2503 terre battue bleu marine"},"content":{"rendered":"<p>Tige en semi-microfibre l\u00e9g\u00e8re, flexible et extr\u00eamement durable. Pour assurer la transpiration, elle comporte des panneaux en mesh et des perforations VTS, situ\u00e9es dans des zones strat\u00e9giques pour permettre la circulation de l&rsquo;air. Ajustement garanti gr\u00e2ce au syst\u00e8me ergonomique de la\u00e7age.<\/p>\n<p>Semelle interm\u00e9diaire en phylon l\u00e9ger et flexible, qui absorbe les chocs. Elle pr\u00e9sente une hauteur plus importante sur le c\u00f4t\u00e9 en appliquant la technologie PROTECTION.<\/p>\n<p>Semelle en caoutchouc DURABILITY \u00e0 chevrons ou en terre battue. Offre l&rsquo;adh\u00e9rence n\u00e9cessaire sur les surfaces glissantes, car elle expulse le sable de la semelle, tout en permettant les glissades sur le court sans difficult\u00e9.<\/p>\n","protected":false},"excerpt":{"rendered":"<p>Chaussures de tennis pour hommes. Mod\u00e8le d&rsquo;initiation d\u00e9velopp\u00e9 pour les joueurs qui veulent faire leurs premiers pas dans le tennis et qui sont pr\u00eats \u00e0 perfectionner leur technique. C&rsquo;est pourquoi elles offrent l&rsquo;amorti, la protection et le confort n\u00e9cessaires pour cette \u00e9tape.<\/p>\n","protected":false},"featured_media":32524,"template":"","meta":[],"product_brand":[],"product_cat":[61,33,158,275,76],"product_tag":[],"class_list":{"0":"post-32437","1":"product","2":"type-product","3":"status-publish","4":"has-post-thumbnail","6":"product_cat-chaussures-homme","7":"product_cat-homme","8":"product_cat-nouvelle-collection","9":"product_cat-padel-homme","10":"product_cat-tennis","11":"pa_couleur-navy-blue","12":"pa_taille-646","13":"pa_taille-649","14":"pa_taille-650","15":"pa_taille-651","16":"pa_taille-653","17":"pa_taille-656","18":"pa_taille-719","20":"first","21":"outofstock","22":"sale","23":"purchasable","24":"product-type-variable"},"_links":{"self":[{"href":"https:\/\/accrosport.tn\/index.php\/wp-json\/wp\/v2\/product\/32437","targetHints":{"allow":["GET"]}}],"collection":[{"href":"https:\/\/accrosport.tn\/index.php\/wp-json\/wp\/v2\/product"}],"about":[{"href":"https:\/\/accrosport.tn\/index.php\/wp-json\/wp\/v2\/types\/product"}],"wp:featuredmedia":[{"embeddable":true,"href":"https:\/\/accrosport.tn\/index.php\/wp-json\/wp\/v2\/media\/32524"}],"wp:attachment":[{"href":"https:\/\/accrosport.tn\/index.php\/wp-json\/wp\/v2\/media?parent=32437"}],"wp:term":[{"taxonomy":"product_brand","embeddable":true,"href":"https:\/\/accrosport.tn\/index.php\/wp-json\/wp\/v2\/product_brand?post=32437"},{"taxonomy":"product_cat","embeddable":true,"href":"https:\/\/accrosport.tn\/index.php\/wp-json\/wp\/v2\/product_cat?post=32437"},{"taxonomy":"product_tag","embeddable":true,"href":"https:\/\/accrosport.tn\/index.php\/wp-json\/wp\/v2\/product_tag?post=32437"}],"curies":[{"name":"wp","href":"https:\/\/api.w.org\/{rel}","templated":true}]}}