{"id":32430,"date":"2025-10-02T13:18:25","date_gmt":"2025-10-02T13:18:25","guid":{"rendered":"https:\/\/accrosport.tn\/index.php\/product\/c-sena-men-2501-black\/"},"modified":"2025-12-20T12:45:33","modified_gmt":"2025-12-20T12:45:33","slug":"c-sena-men-2501-black","status":"publish","type":"product","link":"https:\/\/accrosport.tn\/index.php\/product\/c-sena-men-2501-black\/","title":{"rendered":"Chaussures casual C.Sena Men 2501 homme noir"},"content":{"rendered":"<p>La tige est en mesh l\u00e9ger et respirant, avec syst\u00e8me de ventilation VTS. Des empi\u00e8cements \u00e9lastiques permettent d&rsquo;ajuster la chaussure comme une chaussette.<\/p>\n<p>Semelle int\u00e9rieure en mousse \u00e0 m\u00e9moire de forme, compos\u00e9e d&rsquo;une base en mousse et d&rsquo;une semelle en EVA thermoform\u00e9e, pour une adh\u00e9rence optimale et un amorti optimal. Elle est dot\u00e9e de perforations VTS pour une meilleure respirabilit\u00e9.<\/p>\n<p>Semelle interm\u00e9diaire en Phylon haute densit\u00e9, un mat\u00e9riau souple et fonctionnel qui absorbe les chocs lors de la marche. La plaque REACTIVE STEP a \u00e9t\u00e9 int\u00e9gr\u00e9e pour optimiser le retour d&rsquo;\u00e9nergie pendant la marche.<\/p>\n<p>Semelle antid\u00e9rapante. Sa finition antid\u00e9rapante r\u00e9duit les risques de glissades pour une marche en toute s\u00e9curit\u00e9 et un contr\u00f4le optimal de la foul\u00e9e.<\/p>\n","protected":false},"excerpt":{"rendered":"<p>Chaussures de sport pour homme. Design ergonomique qui \u00e9pouse le pied comme une chaussette et offre un confort optimal. Con\u00e7ues pour les athl\u00e8tes recherchant des chaussures confortables pour la marche et souhaitant acc\u00e9l\u00e9rer leur allure.<\/p>\n","protected":false},"featured_media":33042,"template":"","meta":[],"product_brand":[],"product_cat":[78,33,158],"product_tag":[],"class_list":{"0":"post-32430","1":"product","2":"type-product","3":"status-publish","4":"has-post-thumbnail","6":"product_cat-casual","7":"product_cat-homme","8":"product_cat-nouvelle-collection","9":"pa_couleur-noir","10":"pa_taille-645","11":"pa_taille-646","12":"pa_taille-649","13":"pa_taille-650","14":"pa_taille-651","15":"pa_taille-653","17":"first","18":"outofstock","19":"sale","20":"purchasable","21":"product-type-variable"},"_links":{"self":[{"href":"https:\/\/accrosport.tn\/index.php\/wp-json\/wp\/v2\/product\/32430","targetHints":{"allow":["GET"]}}],"collection":[{"href":"https:\/\/accrosport.tn\/index.php\/wp-json\/wp\/v2\/product"}],"about":[{"href":"https:\/\/accrosport.tn\/index.php\/wp-json\/wp\/v2\/types\/product"}],"wp:featuredmedia":[{"embeddable":true,"href":"https:\/\/accrosport.tn\/index.php\/wp-json\/wp\/v2\/media\/33042"}],"wp:attachment":[{"href":"https:\/\/accrosport.tn\/index.php\/wp-json\/wp\/v2\/media?parent=32430"}],"wp:term":[{"taxonomy":"product_brand","embeddable":true,"href":"https:\/\/accrosport.tn\/index.php\/wp-json\/wp\/v2\/product_brand?post=32430"},{"taxonomy":"product_cat","embeddable":true,"href":"https:\/\/accrosport.tn\/index.php\/wp-json\/wp\/v2\/product_cat?post=32430"},{"taxonomy":"product_tag","embeddable":true,"href":"https:\/\/accrosport.tn\/index.php\/wp-json\/wp\/v2\/product_tag?post=32430"}],"curies":[{"name":"wp","href":"https:\/\/api.w.org\/{rel}","templated":true}]}}