{"id":32417,"date":"2025-10-02T13:18:25","date_gmt":"2025-10-02T13:18:25","guid":{"rendered":"https:\/\/accrosport.tn\/index.php\/product\/rodio-lady-2502-white\/"},"modified":"2025-10-03T08:30:54","modified_gmt":"2025-10-03T08:30:54","slug":"rodio-lady-2502-white","status":"publish","type":"product","link":"https:\/\/accrosport.tn\/index.php\/product\/rodio-lady-2502-white\/","title":{"rendered":"Chaussures running Rodio Lady 2502 femme blanc"},"content":{"rendered":"<p>Tige en mesh tr\u00e8s l\u00e9ger et respirant gr\u00e2ce au syst\u00e8me de perforations VTS. Assure la ventilation de la transpiration et maintient le pied frais. Le syst\u00e8me de r\u00e9glage thermoscell\u00e9 JOMA SPORTECH offre un ajustement l\u00e9ger et confortable au pied.<\/p>\n<p>Semelle interm\u00e9diaire en phylon d&rsquo;une seule pi\u00e8ce, riche en confort, flexibilit\u00e9 et amorti.<\/p>\n<p>Semelle en caoutchouc r\u00e9sistant \u00e0 l&rsquo;abrasion.<\/p>\n","protected":false},"excerpt":{"rendered":"<p>Chaussures de course pour femme. Le mod\u00e8le polyvalent Rodio offre un confort dans la ligne de course d\u00e9contract\u00e9e de Joma. Ces baskets sont parfaites pour un usage quotidien, pour la marche et pour celles qui veulent se lancer dans la course \u00e0 pied.<\/p>\n","protected":false},"featured_media":32575,"template":"","meta":[],"product_brand":[],"product_cat":[42,82],"product_tag":[],"class_list":{"0":"post-32417","1":"product","2":"type-product","3":"status-publish","4":"has-post-thumbnail","6":"product_cat-femme","7":"product_cat-running-chaussures","8":"pa_couleur-white","9":"pa_taille-641","10":"pa_taille-655","11":"pa_taille-644","12":"pa_taille-645","13":"pa_taille-646","15":"first","16":"outofstock","17":"purchasable","18":"product-type-variable"},"_links":{"self":[{"href":"https:\/\/accrosport.tn\/index.php\/wp-json\/wp\/v2\/product\/32417","targetHints":{"allow":["GET"]}}],"collection":[{"href":"https:\/\/accrosport.tn\/index.php\/wp-json\/wp\/v2\/product"}],"about":[{"href":"https:\/\/accrosport.tn\/index.php\/wp-json\/wp\/v2\/types\/product"}],"wp:featuredmedia":[{"embeddable":true,"href":"https:\/\/accrosport.tn\/index.php\/wp-json\/wp\/v2\/media\/32575"}],"wp:attachment":[{"href":"https:\/\/accrosport.tn\/index.php\/wp-json\/wp\/v2\/media?parent=32417"}],"wp:term":[{"taxonomy":"product_brand","embeddable":true,"href":"https:\/\/accrosport.tn\/index.php\/wp-json\/wp\/v2\/product_brand?post=32417"},{"taxonomy":"product_cat","embeddable":true,"href":"https:\/\/accrosport.tn\/index.php\/wp-json\/wp\/v2\/product_cat?post=32417"},{"taxonomy":"product_tag","embeddable":true,"href":"https:\/\/accrosport.tn\/index.php\/wp-json\/wp\/v2\/product_tag?post=32417"}],"curies":[{"name":"wp","href":"https:\/\/api.w.org\/{rel}","templated":true}]}}