{"id":32401,"date":"2025-10-02T13:18:21","date_gmt":"2025-10-02T13:18:21","guid":{"rendered":"https:\/\/accrosport.tn\/index.php\/product\/spin-men-2508-naranja\/"},"modified":"2025-12-22T18:44:40","modified_gmt":"2025-12-22T18:44:40","slug":"spin-men-2508-naranja","status":"publish","type":"product","link":"https:\/\/accrosport.tn\/index.php\/product\/spin-men-2508-naranja\/","title":{"rendered":"Chaussures Spin Men 2508 homme orange"},"content":{"rendered":"<p>Tige en mesh technique. La technologie VTS optimise la respirabilit\u00e9 et maintient les pieds \u00e0 une temp\u00e9rature constante. Le syst\u00e8me de r\u00e9glage thermoscell\u00e9 JOMA SPORTECH offre un maintien confortable et l\u00e9ger. De plus, les parties sensibles sont renforc\u00e9es avec la technologie PROTECTION.<\/p>\n<p>Semelle interm\u00e9diaire en phylon flexible, l\u00e9g\u00e8re et capable d&rsquo;amortir les chocs. Ses deux STABILIS maximisent la stabilit\u00e9 des mouvements et pr\u00e9viennent d&rsquo;\u00e9ventuelles blessures.<\/p>\n<p>Semelle Omni en caoutchouc DURABILITY offrant une adh\u00e9rence sup\u00e9rieure, permettant des changements de direction agiles sans perdre en stabilit\u00e9.<\/p>\n","protected":false},"excerpt":{"rendered":"<p>Chaussures de padel pour homme. Mod\u00e8le professionnel haut de gamme destin\u00e9 aux joueurs recherchant des performances \u00e9lev\u00e9es sur le terrain. Ils offrent un maximum de protection, de stabilit\u00e9 et de performance. Test\u00e9 par des joueurs comme la l\u00e9gende du padel Juani Mieres et Alba Gal\u00e1n.<\/p>\n","protected":false},"featured_media":33123,"template":"","meta":[],"product_brand":[],"product_cat":[33,275],"product_tag":[],"class_list":{"0":"post-32401","1":"product","2":"type-product","3":"status-publish","4":"has-post-thumbnail","6":"product_cat-homme","7":"product_cat-padel-homme","8":"pa_couleur-orange","9":"pa_taille-40-5","10":"pa_taille-646","11":"pa_taille-649","12":"pa_taille-42-5","13":"pa_taille-650","14":"pa_taille-43-5","15":"pa_taille-651","16":"pa_taille-44-5","17":"pa_taille-653","19":"first","20":"outofstock","21":"sale","22":"purchasable","23":"product-type-variable"},"_links":{"self":[{"href":"https:\/\/accrosport.tn\/index.php\/wp-json\/wp\/v2\/product\/32401","targetHints":{"allow":["GET"]}}],"collection":[{"href":"https:\/\/accrosport.tn\/index.php\/wp-json\/wp\/v2\/product"}],"about":[{"href":"https:\/\/accrosport.tn\/index.php\/wp-json\/wp\/v2\/types\/product"}],"wp:featuredmedia":[{"embeddable":true,"href":"https:\/\/accrosport.tn\/index.php\/wp-json\/wp\/v2\/media\/33123"}],"wp:attachment":[{"href":"https:\/\/accrosport.tn\/index.php\/wp-json\/wp\/v2\/media?parent=32401"}],"wp:term":[{"taxonomy":"product_brand","embeddable":true,"href":"https:\/\/accrosport.tn\/index.php\/wp-json\/wp\/v2\/product_brand?post=32401"},{"taxonomy":"product_cat","embeddable":true,"href":"https:\/\/accrosport.tn\/index.php\/wp-json\/wp\/v2\/product_cat?post=32401"},{"taxonomy":"product_tag","embeddable":true,"href":"https:\/\/accrosport.tn\/index.php\/wp-json\/wp\/v2\/product_tag?post=32401"}],"curies":[{"name":"wp","href":"https:\/\/api.w.org\/{rel}","templated":true}]}}