{"id":32386,"date":"2025-10-02T13:18:16","date_gmt":"2025-10-02T13:18:16","guid":{"rendered":"https:\/\/accrosport.tn\/index.php\/product\/sodio-men-2512-grey\/"},"modified":"2026-01-08T15:27:54","modified_gmt":"2026-01-08T15:27:54","slug":"sodio-men-2512-grey","status":"publish","type":"product","link":"https:\/\/accrosport.tn\/index.php\/product\/sodio-men-2512-grey\/","title":{"rendered":"Chaussures running Sodio Men 2512 homme gris"},"content":{"rendered":"<p>Tige en mesh respirant et l\u00e9ger. Gr\u00e2ce au syst\u00e8me de ventilation VTS, l&rsquo;\u00e9coulement de l&rsquo;air est assur\u00e9 pour maintenir le pied au frais. Syst\u00e8me de r\u00e9glage int\u00e9gr\u00e9 pour un meilleur maintien.<\/p>\n<p>La semelle est en phylon d&rsquo;une seule pi\u00e8ce, offrant une bonne r\u00e9sistance \u00e0 l&rsquo;abrasion, \u00e9lasticit\u00e9 et l\u00e9g\u00e8ret\u00e9. Ce composant garantit une sensation d&rsquo;amorti sous les pieds.<\/p>\n","protected":false},"excerpt":{"rendered":"<p>Chaussures de course pour homme. Les baskets Sodio sont synonymes de confort et de l\u00e9g\u00e8ret\u00e9. Parfaites pour la marche et un usage quotidien, elles offrent un soutien, un amorti et une respirabilit\u00e9.<\/p>\n","protected":false},"featured_media":33206,"template":"","meta":[],"product_brand":[],"product_cat":[33,77],"product_tag":[],"class_list":{"0":"post-32386","1":"product","2":"type-product","3":"status-publish","4":"has-post-thumbnail","6":"product_cat-homme","7":"product_cat-running","8":"pa_couleur-gray","9":"pa_taille-645","10":"pa_taille-646","11":"pa_taille-649","12":"pa_taille-650","13":"pa_taille-651","14":"pa_taille-653","15":"pa_taille-656","17":"first","18":"outofstock","19":"purchasable","20":"product-type-variable"},"_links":{"self":[{"href":"https:\/\/accrosport.tn\/index.php\/wp-json\/wp\/v2\/product\/32386","targetHints":{"allow":["GET"]}}],"collection":[{"href":"https:\/\/accrosport.tn\/index.php\/wp-json\/wp\/v2\/product"}],"about":[{"href":"https:\/\/accrosport.tn\/index.php\/wp-json\/wp\/v2\/types\/product"}],"wp:featuredmedia":[{"embeddable":true,"href":"https:\/\/accrosport.tn\/index.php\/wp-json\/wp\/v2\/media\/33206"}],"wp:attachment":[{"href":"https:\/\/accrosport.tn\/index.php\/wp-json\/wp\/v2\/media?parent=32386"}],"wp:term":[{"taxonomy":"product_brand","embeddable":true,"href":"https:\/\/accrosport.tn\/index.php\/wp-json\/wp\/v2\/product_brand?post=32386"},{"taxonomy":"product_cat","embeddable":true,"href":"https:\/\/accrosport.tn\/index.php\/wp-json\/wp\/v2\/product_cat?post=32386"},{"taxonomy":"product_tag","embeddable":true,"href":"https:\/\/accrosport.tn\/index.php\/wp-json\/wp\/v2\/product_tag?post=32386"}],"curies":[{"name":"wp","href":"https:\/\/api.w.org\/{rel}","templated":true}]}}