{"id":32379,"date":"2025-10-02T13:18:16","date_gmt":"2025-10-02T13:18:16","guid":{"rendered":"https:\/\/accrosport.tn\/index.php\/product\/active-men-2501-black\/"},"modified":"2025-12-18T15:36:51","modified_gmt":"2025-12-18T15:36:51","slug":"active-men-2501-black","status":"publish","type":"product","link":"https:\/\/accrosport.tn\/index.php\/product\/active-men-2501-black\/","title":{"rendered":"Chaussures Running Active Men 2501 homme noir"},"content":{"rendered":"<p><span dir=\"auto\">Tige en mesh technique pour une meilleure respirabilit\u00e9. Le syst\u00e8me de ventilation VTS favorise la circulation de l&rsquo;air et garde les pieds au frais.<\/span><\/p>\n<p><span dir=\"auto\">Semelle interm\u00e9diaire en Phylon, un mat\u00e9riau l\u00e9ger, fonctionnel et flexible. Elle offre une bonne absorption des chocs lors de la course ou de la marche.<\/span><\/p>\n<p><span dir=\"auto\">Semelle ext\u00e9rieure en caoutchouc de bonne qualit\u00e9 et r\u00e9sistante \u00e0 l&rsquo;abrasion sur asphalte.<\/span><\/p>\n","protected":false},"excerpt":{"rendered":"<p>Chaussures de course pour homme. Con\u00e7ues pour les d\u00e9butants en course \u00e0 pied ou en marche, les chaussures Active offrent un confort optimal. Elles offrent \u00e9galement un excellent ajustement et une excellente respirabilit\u00e9.<\/p>\n","protected":false},"featured_media":33190,"template":"","meta":[],"product_brand":[],"product_cat":[33,77],"product_tag":[],"class_list":{"0":"post-32379","1":"product","2":"type-product","3":"status-publish","4":"has-post-thumbnail","6":"product_cat-homme","7":"product_cat-running","8":"pa_couleur-noir","9":"pa_taille-645","10":"pa_taille-646","11":"pa_taille-649","12":"pa_taille-650","13":"pa_taille-651","14":"pa_taille-653","16":"first","17":"outofstock","18":"purchasable","19":"product-type-variable"},"_links":{"self":[{"href":"https:\/\/accrosport.tn\/index.php\/wp-json\/wp\/v2\/product\/32379","targetHints":{"allow":["GET"]}}],"collection":[{"href":"https:\/\/accrosport.tn\/index.php\/wp-json\/wp\/v2\/product"}],"about":[{"href":"https:\/\/accrosport.tn\/index.php\/wp-json\/wp\/v2\/types\/product"}],"wp:featuredmedia":[{"embeddable":true,"href":"https:\/\/accrosport.tn\/index.php\/wp-json\/wp\/v2\/media\/33190"}],"wp:attachment":[{"href":"https:\/\/accrosport.tn\/index.php\/wp-json\/wp\/v2\/media?parent=32379"}],"wp:term":[{"taxonomy":"product_brand","embeddable":true,"href":"https:\/\/accrosport.tn\/index.php\/wp-json\/wp\/v2\/product_brand?post=32379"},{"taxonomy":"product_cat","embeddable":true,"href":"https:\/\/accrosport.tn\/index.php\/wp-json\/wp\/v2\/product_cat?post=32379"},{"taxonomy":"product_tag","embeddable":true,"href":"https:\/\/accrosport.tn\/index.php\/wp-json\/wp\/v2\/product_tag?post=32379"}],"curies":[{"name":"wp","href":"https:\/\/api.w.org\/{rel}","templated":true}]}}