{"id":32367,"date":"2025-10-02T13:18:11","date_gmt":"2025-10-02T13:18:11","guid":{"rendered":"https:\/\/accrosport.tn\/index.php\/product\/propulsion-2505-turquoise-artificial-grass\/"},"modified":"2025-12-18T06:35:34","modified_gmt":"2025-12-18T06:35:34","slug":"propulsion-2505-turquoise-artificial-grass","status":"publish","type":"product","link":"https:\/\/accrosport.tn\/index.php\/product\/propulsion-2505-turquoise-artificial-grass\/","title":{"rendered":"Chaussures football Propulsion 2505 gazon synth\u00e9tique AG turquoise"},"content":{"rendered":"<ul class=\"featuresul\">\n<li>Coupe en mat\u00e9riau synth\u00e9tique (Fibertech) r\u00e9sistant au frottement avec la technologie ONE PIECE<\/li>\n<li>Semelle en fibre synth\u00e9tique<\/li>\n<li>Contrefort EXO Counter<\/li>\n<li>Col SOCK SYSTEM<\/li>\n<\/ul>\n","protected":false},"excerpt":{"rendered":"<p>Coupe en mat\u00e9riau synth\u00e9tique (Fibertech) r\u00e9sistant au frottement avec la technologie ONE PIECE Semelle en fibre synth\u00e9tique Contrefort EXO Counter Col SOCK SYSTEM<\/p>\n","protected":false},"featured_media":33386,"template":"","meta":[],"product_brand":[],"product_cat":[61,75,33,113],"product_tag":[],"class_list":{"0":"post-32367","1":"product","2":"type-product","3":"status-publish","4":"has-post-thumbnail","6":"product_cat-chaussures-homme","7":"product_cat-foot","8":"product_cat-homme","9":"product_cat-sport","10":"pa_couleur-turquoise","11":"pa_taille-645","12":"pa_taille-646","13":"pa_taille-649","14":"pa_taille-650","15":"pa_taille-651","16":"pa_taille-653","18":"first","19":"outofstock","20":"sale","21":"purchasable","22":"product-type-variable"},"_links":{"self":[{"href":"https:\/\/accrosport.tn\/index.php\/wp-json\/wp\/v2\/product\/32367","targetHints":{"allow":["GET"]}}],"collection":[{"href":"https:\/\/accrosport.tn\/index.php\/wp-json\/wp\/v2\/product"}],"about":[{"href":"https:\/\/accrosport.tn\/index.php\/wp-json\/wp\/v2\/types\/product"}],"wp:featuredmedia":[{"embeddable":true,"href":"https:\/\/accrosport.tn\/index.php\/wp-json\/wp\/v2\/media\/33386"}],"wp:attachment":[{"href":"https:\/\/accrosport.tn\/index.php\/wp-json\/wp\/v2\/media?parent=32367"}],"wp:term":[{"taxonomy":"product_brand","embeddable":true,"href":"https:\/\/accrosport.tn\/index.php\/wp-json\/wp\/v2\/product_brand?post=32367"},{"taxonomy":"product_cat","embeddable":true,"href":"https:\/\/accrosport.tn\/index.php\/wp-json\/wp\/v2\/product_cat?post=32367"},{"taxonomy":"product_tag","embeddable":true,"href":"https:\/\/accrosport.tn\/index.php\/wp-json\/wp\/v2\/product_tag?post=32367"}],"curies":[{"name":"wp","href":"https:\/\/api.w.org\/{rel}","templated":true}]}}