{"id":32354,"date":"2025-10-02T13:18:05","date_gmt":"2025-10-02T13:18:05","guid":{"rendered":"https:\/\/accrosport.tn\/index.php\/product\/selene-men-2533-blue\/"},"modified":"2026-01-08T15:27:53","modified_gmt":"2026-01-08T15:27:53","slug":"selene-men-2533-blue","status":"publish","type":"product","link":"https:\/\/accrosport.tn\/index.php\/product\/selene-men-2533-blue\/","title":{"rendered":"Chaussures casual Selene Men 2533 homme bleu"},"content":{"rendered":"<p><span dir=\"auto\">Baskets pour homme. Mod\u00e8le am\u00e9lior\u00e9 de chaussures de sport, con\u00e7u pour un usage quotidien et la marche. La semelle interm\u00e9diaire REACTIVE STEP offre amorti et retour d&rsquo;\u00e9nergie pour une marche plus rapide.<\/span><\/p>\n<p><span dir=\"auto\">Tige en mesh l\u00e9ger et respirant. La technologie VTS a \u00e9t\u00e9 int\u00e9gr\u00e9e pour faciliter l&rsquo;\u00e9vacuation de la transpiration. De plus, elle est dot\u00e9e du syst\u00e8me thermoscell\u00e9 JOMA SPORTECH pour un ajustement confortable et l\u00e9ger.<\/span><\/p>\n<p><span dir=\"auto\">Semelle int\u00e9rieure en mousse \u00e0 m\u00e9moire de forme, compos\u00e9e d&rsquo;une base en mousse et d&rsquo;une semelle en EVA thermoform\u00e9e, pour une adh\u00e9rence optimale et un amorti optimal. Elle est dot\u00e9e de perforations VTS pour une meilleure respirabilit\u00e9.<\/span><\/p>\n<p><span dir=\"auto\">Semelle interm\u00e9diaire en Phylon haute densit\u00e9 absorbant les chocs. La plaque REACTIVE STEP int\u00e9gr\u00e9e optimise les performances de marche.<\/span><\/p>\n<ul class=\"featuresul\">\n<li>Empeigne en mesh respirant VTS<\/li>\n<li>Coupe avec syst\u00e8me de r\u00e9glage thermosoud\u00e9 SPORTECH<\/li>\n<li>Semelle interm\u00e9diaire en phylon avec technologie REACTIVE STEP<\/li>\n<li>Semelle ext\u00e9rieure DURABILITY en caoutchouc<\/li>\n<li>Forme large<\/li>\n<\/ul>\n","protected":false},"excerpt":{"rendered":"<p>Baskets pour homme. Mod\u00e8le am\u00e9lior\u00e9 de chaussures de sport, con\u00e7u pour un usage quotidien et la marche. La semelle interm\u00e9diaire REACTIVE STEP offre amorti et retour d&rsquo;\u00e9nergie pour une marche plus rapide.<\/p>\n","protected":false},"featured_media":33406,"template":"","meta":[],"product_brand":[],"product_cat":[78,61,33],"product_tag":[],"class_list":{"0":"post-32354","1":"product","2":"type-product","3":"status-publish","4":"has-post-thumbnail","6":"product_cat-casual","7":"product_cat-chaussures-homme","8":"product_cat-homme","9":"pa_couleur-blue","10":"pa_taille-646","11":"pa_taille-650","12":"pa_taille-651","13":"pa_taille-653","14":"pa_taille-656","16":"first","17":"outofstock","18":"sale","19":"purchasable","20":"product-type-variable"},"_links":{"self":[{"href":"https:\/\/accrosport.tn\/index.php\/wp-json\/wp\/v2\/product\/32354","targetHints":{"allow":["GET"]}}],"collection":[{"href":"https:\/\/accrosport.tn\/index.php\/wp-json\/wp\/v2\/product"}],"about":[{"href":"https:\/\/accrosport.tn\/index.php\/wp-json\/wp\/v2\/types\/product"}],"wp:featuredmedia":[{"embeddable":true,"href":"https:\/\/accrosport.tn\/index.php\/wp-json\/wp\/v2\/media\/33406"}],"wp:attachment":[{"href":"https:\/\/accrosport.tn\/index.php\/wp-json\/wp\/v2\/media?parent=32354"}],"wp:term":[{"taxonomy":"product_brand","embeddable":true,"href":"https:\/\/accrosport.tn\/index.php\/wp-json\/wp\/v2\/product_brand?post=32354"},{"taxonomy":"product_cat","embeddable":true,"href":"https:\/\/accrosport.tn\/index.php\/wp-json\/wp\/v2\/product_cat?post=32354"},{"taxonomy":"product_tag","embeddable":true,"href":"https:\/\/accrosport.tn\/index.php\/wp-json\/wp\/v2\/product_tag?post=32354"}],"curies":[{"name":"wp","href":"https:\/\/api.w.org\/{rel}","templated":true}]}}