{"id":32347,"date":"2025-10-02T13:18:05","date_gmt":"2025-10-02T13:18:05","guid":{"rendered":"https:\/\/accrosport.tn\/index.php\/product\/c-laceless-2501-black-white\/"},"modified":"2026-04-03T18:35:52","modified_gmt":"2026-04-03T18:35:52","slug":"c-laceless-2501-black-white","status":"publish","type":"product","link":"https:\/\/accrosport.tn\/index.php\/product\/c-laceless-2501-black-white\/","title":{"rendered":"Chaussures casual C.Laceless 2501 homme noir blanc"},"content":{"rendered":"<p>Chaussures de sport pour homme. Confort et maintien garantis toute la journ\u00e9e avec ce mod\u00e8le \u00e0 enfiler. Con\u00e7u pour r\u00e9sister \u00e0 toutes vos heures de marche ou de station debout.<\/p>\n<p>La tige est en mesh l\u00e9ger et respirant, avec syst\u00e8me de ventilation VTS. Deux empi\u00e8cements lat\u00e9raux \u00e9lastiques permettent d&rsquo;ajuster la chaussure comme une chaussette.<\/p>\n<p>PROTECTION Renforts thermo-soud\u00e9s pour augmenter la durabilit\u00e9 des chaussures.<\/p>\n<p>Semelle int\u00e9rieure en mousse \u00e0 m\u00e9moire de forme, compos\u00e9e d&rsquo;une base en mousse et d&rsquo;une semelle en EVA thermoform\u00e9e, pour une adh\u00e9rence optimale et un amorti optimal. Elle est dot\u00e9e de perforations VTS pour une meilleure respirabilit\u00e9.<\/p>\n<p>Semelle interm\u00e9diaire en phylon haute densit\u00e9, un mat\u00e9riau flexible et fonctionnel qui absorbe les impacts lors de la marche.<\/p>\n<p>Semelle antid\u00e9rapante. Sa finition antid\u00e9rapante r\u00e9duit les risques de glissade pour une marche en toute s\u00e9curit\u00e9 et un contr\u00f4le optimal de la foul\u00e9e.<\/p>\n<ul class=\"featuresul\">\n<li><span dir=\"auto\" style=\"vertical-align: inherit;\"><span dir=\"auto\" style=\"vertical-align: inherit;\">Conception VTS avec maille respirante<\/span><\/span><\/li>\n<li><span dir=\"auto\" style=\"vertical-align: inherit;\"><span dir=\"auto\" style=\"vertical-align: inherit;\">Conception avec syst\u00e8me ROTECTION thermoscell\u00e9<\/span><\/span><\/li>\n<li><span dir=\"auto\" style=\"vertical-align: inherit;\"><span dir=\"auto\" style=\"vertical-align: inherit;\">Semelle interm\u00e9diaire en Phylon<\/span><\/span><\/li>\n<li><span dir=\"auto\" style=\"vertical-align: inherit;\"><span dir=\"auto\" style=\"vertical-align: inherit;\">Semelle en caoutchouc avec technologies DURABILIT\u00c9 et ANTID\u00c9RAPANTE<\/span><\/span><\/li>\n<li><span dir=\"auto\" style=\"vertical-align: inherit;\"><span dir=\"auto\" style=\"vertical-align: inherit;\">Forme extra large WIDE PLUS<\/span><\/span><\/li>\n<\/ul>\n","protected":false},"excerpt":{"rendered":"<p>Chaussures de sport pour homme. Confort et maintien garantis toute la journ\u00e9e avec ce mod\u00e8le \u00e0 enfiler. Con\u00e7u pour r\u00e9sister \u00e0 toutes vos heures de marche ou de station debout.<\/p>\n","protected":false},"featured_media":33402,"template":"","meta":[],"product_brand":[],"product_cat":[78,61,33],"product_tag":[],"class_list":{"0":"post-32347","1":"product","2":"type-product","3":"status-publish","4":"has-post-thumbnail","6":"product_cat-casual","7":"product_cat-chaussures-homme","8":"product_cat-homme","9":"pa_couleur-black-white","10":"pa_taille-645","11":"pa_taille-646","12":"pa_taille-649","13":"pa_taille-650","14":"pa_taille-651","15":"pa_taille-653","17":"first","18":"outofstock","19":"sale","20":"purchasable","21":"product-type-variable"},"_links":{"self":[{"href":"https:\/\/accrosport.tn\/index.php\/wp-json\/wp\/v2\/product\/32347","targetHints":{"allow":["GET"]}}],"collection":[{"href":"https:\/\/accrosport.tn\/index.php\/wp-json\/wp\/v2\/product"}],"about":[{"href":"https:\/\/accrosport.tn\/index.php\/wp-json\/wp\/v2\/types\/product"}],"wp:featuredmedia":[{"embeddable":true,"href":"https:\/\/accrosport.tn\/index.php\/wp-json\/wp\/v2\/media\/33402"}],"wp:attachment":[{"href":"https:\/\/accrosport.tn\/index.php\/wp-json\/wp\/v2\/media?parent=32347"}],"wp:term":[{"taxonomy":"product_brand","embeddable":true,"href":"https:\/\/accrosport.tn\/index.php\/wp-json\/wp\/v2\/product_brand?post=32347"},{"taxonomy":"product_cat","embeddable":true,"href":"https:\/\/accrosport.tn\/index.php\/wp-json\/wp\/v2\/product_cat?post=32347"},{"taxonomy":"product_tag","embeddable":true,"href":"https:\/\/accrosport.tn\/index.php\/wp-json\/wp\/v2\/product_tag?post=32347"}],"curies":[{"name":"wp","href":"https:\/\/api.w.org\/{rel}","templated":true}]}}