{"id":32321,"date":"2025-10-02T13:18:01","date_gmt":"2025-10-02T13:18:01","guid":{"rendered":"https:\/\/accrosport.tn\/index.php\/product\/c-ribbon-men-2501-black-elastic\/"},"modified":"2026-04-18T15:56:06","modified_gmt":"2026-04-18T15:56:06","slug":"c-ribbon-men-2501-black-elastic","status":"publish","type":"product","link":"https:\/\/accrosport.tn\/index.php\/product\/c-ribbon-men-2501-black-elastic\/","title":{"rendered":"C.RIBBON MEN 2501 BLACK ELASTIC"},"content":{"rendered":"","protected":false},"excerpt":{"rendered":"<p>Les chaussures de sport homme JOMA C.RIBBON MEN 2501 BLACK ELASTIC CRIBS2501 offrent un parfait \u00e9quilibre entre confort, performance et style. Gr\u00e2ce \u00e0 leur maintien optimal, leur semelle adh\u00e9rente et leur conception \u00e9lastique, elles assurent une aisance maximale \u00e0 chaque pas. Leur design moderne et fonctionnel en fait un choix id\u00e9al pour le sport comme pour le quotidien.<\/p>\n","protected":false},"featured_media":35353,"template":"","meta":[],"product_brand":[],"product_cat":[78,61,33],"product_tag":[],"class_list":{"0":"post-32321","1":"product","2":"type-product","3":"status-publish","4":"has-post-thumbnail","6":"product_cat-casual","7":"product_cat-chaussures-homme","8":"product_cat-homme","9":"pa_couleur-noir","10":"pa_taille-645","11":"pa_taille-646","12":"pa_taille-649","13":"pa_taille-650","14":"pa_taille-651","15":"pa_taille-653","17":"first","18":"outofstock","19":"sale","20":"purchasable","21":"product-type-variable"},"_links":{"self":[{"href":"https:\/\/accrosport.tn\/index.php\/wp-json\/wp\/v2\/product\/32321","targetHints":{"allow":["GET"]}}],"collection":[{"href":"https:\/\/accrosport.tn\/index.php\/wp-json\/wp\/v2\/product"}],"about":[{"href":"https:\/\/accrosport.tn\/index.php\/wp-json\/wp\/v2\/types\/product"}],"wp:featuredmedia":[{"embeddable":true,"href":"https:\/\/accrosport.tn\/index.php\/wp-json\/wp\/v2\/media\/35353"}],"wp:attachment":[{"href":"https:\/\/accrosport.tn\/index.php\/wp-json\/wp\/v2\/media?parent=32321"}],"wp:term":[{"taxonomy":"product_brand","embeddable":true,"href":"https:\/\/accrosport.tn\/index.php\/wp-json\/wp\/v2\/product_brand?post=32321"},{"taxonomy":"product_cat","embeddable":true,"href":"https:\/\/accrosport.tn\/index.php\/wp-json\/wp\/v2\/product_cat?post=32321"},{"taxonomy":"product_tag","embeddable":true,"href":"https:\/\/accrosport.tn\/index.php\/wp-json\/wp\/v2\/product_tag?post=32321"}],"curies":[{"name":"wp","href":"https:\/\/api.w.org\/{rel}","templated":true}]}}