{"id":32308,"date":"2025-10-02T13:17:56","date_gmt":"2025-10-02T13:17:56","guid":{"rendered":"https:\/\/accrosport.tn\/index.php\/product\/point-men-2402-blanco-azul\/"},"modified":"2026-03-09T10:57:53","modified_gmt":"2026-03-09T10:57:53","slug":"point-men-2402-blanco-azul","status":"publish","type":"product","link":"https:\/\/accrosport.tn\/index.php\/product\/point-men-2402-blanco-azul\/","title":{"rendered":"Chaussures Point Men 2402 terrain dur homme blanc bleu"},"content":{"rendered":"<p>Chaussures de tennis pour homme. Mod\u00e8le d\u00e9velopp\u00e9 pour les joueurs ayant une bonne technique et demandant des performances \u00e9lev\u00e9es \u00e0 leurs chaussures. Le niveau maximal de confort et d&rsquo;agilit\u00e9 sont quelques-uns de ses points forts.<\/p>\n<p>La coupe est fabriqu\u00e9e avec une maille finie en jacquard personnalis\u00e9 pour assurer la transpiration de la sueur et la l\u00e9g\u00e8ret\u00e9. Dans ce mat\u00e9riau, nous avons appliqu\u00e9 des perforations VTS, qui permettent la ventilation et maintiennent les pieds frais. Le syst\u00e8me thermoscell\u00e9 JOMA SPORTECH conserve les propri\u00e9t\u00e9s d&rsquo;ajustement et de maintien sans ajouter de poids aux chaussures.<\/p>\n<p>Renfort en caoutchouc \u00e0 l&rsquo;avant, formant le syst\u00e8me PROTECTION. De m\u00eame, au talon, il y a un contrefort EXO COUNTER pour apporter de la stabilit\u00e9 \u00e0 la zone lors des changements de direction.<\/p>\n<p>Semelle interm\u00e9diaire construite avec du phylon l\u00e9ger, flexible pour augmenter l&rsquo;amorti des impacts. Le syst\u00e8me STABILIS \u00e9vite les torsions inappropri\u00e9es entre l&rsquo;avant et l&rsquo;arri\u00e8re du pied.<\/p>\n<p>Semelle en caoutchouc DURABILITY all court, adapt\u00e9e et r\u00e9sistante pour jouer sur terrain dur\/r\u00e9actif. Le motif permet au joueur de glisser et de freiner sur le court selon ses besoins.<\/p>\n<ul class=\"featuresul\">\n<li>Empeigne en mesh respirant VTS<\/li>\n<li>Coupe avec syst\u00e8me de r\u00e9glage thermosoud\u00e9 SPORTECH<\/li>\n<li>Coupe avec renfort en caoutchouc dans les zones strat\u00e9giques PROTECTION<\/li>\n<li>Semelle interm\u00e9diaire en phylon avec STABILIS<\/li>\n<li>Semelle ext\u00e9rieure DURABILITY en caoutchouc<\/li>\n<li>Contrefort EXO au talon<\/li>\n<li>Renfort \u00e0 l&rsquo;avant PROTECTION<\/li>\n<\/ul>\n","protected":false},"excerpt":{"rendered":"<p>Chaussures de tennis pour homme. Mod\u00e8le d\u00e9velopp\u00e9 pour les joueurs ayant une bonne technique et demandant des performances \u00e9lev\u00e9es \u00e0 leurs chaussures. Le niveau maximal de confort et d&rsquo;agilit\u00e9 sont quelques-uns de ses points forts.<\/p>\n","protected":false},"featured_media":33422,"template":"","meta":[],"product_brand":[],"product_cat":[61,33,113,272,76],"product_tag":[],"class_list":{"0":"post-32308","1":"product","2":"type-product","3":"status-publish","4":"has-post-thumbnail","6":"product_cat-chaussures-homme","7":"product_cat-homme","8":"product_cat-sport","9":"product_cat-tennis-sport","10":"product_cat-tennis","11":"pa_couleur-white-blue","12":"pa_taille-645","13":"pa_taille-40-5","14":"pa_taille-646","15":"pa_taille-649","16":"pa_taille-42-5","18":"first","19":"outofstock","20":"sale","21":"purchasable","22":"product-type-variable"},"_links":{"self":[{"href":"https:\/\/accrosport.tn\/index.php\/wp-json\/wp\/v2\/product\/32308","targetHints":{"allow":["GET"]}}],"collection":[{"href":"https:\/\/accrosport.tn\/index.php\/wp-json\/wp\/v2\/product"}],"about":[{"href":"https:\/\/accrosport.tn\/index.php\/wp-json\/wp\/v2\/types\/product"}],"wp:featuredmedia":[{"embeddable":true,"href":"https:\/\/accrosport.tn\/index.php\/wp-json\/wp\/v2\/media\/33422"}],"wp:attachment":[{"href":"https:\/\/accrosport.tn\/index.php\/wp-json\/wp\/v2\/media?parent=32308"}],"wp:term":[{"taxonomy":"product_brand","embeddable":true,"href":"https:\/\/accrosport.tn\/index.php\/wp-json\/wp\/v2\/product_brand?post=32308"},{"taxonomy":"product_cat","embeddable":true,"href":"https:\/\/accrosport.tn\/index.php\/wp-json\/wp\/v2\/product_cat?post=32308"},{"taxonomy":"product_tag","embeddable":true,"href":"https:\/\/accrosport.tn\/index.php\/wp-json\/wp\/v2\/product_tag?post=32308"}],"curies":[{"name":"wp","href":"https:\/\/api.w.org\/{rel}","templated":true}]}}