{"id":32294,"date":"2025-10-02T13:17:52","date_gmt":"2025-10-02T13:17:52","guid":{"rendered":"https:\/\/accrosport.tn\/index.php\/product\/vitaly-men-2512-gris\/"},"modified":"2026-02-21T00:12:13","modified_gmt":"2026-02-21T00:12:13","slug":"vitaly-men-2512-gris","status":"publish","type":"product","link":"https:\/\/accrosport.tn\/index.php\/product\/vitaly-men-2512-gris\/","title":{"rendered":"Chaussures running Vitaly 2512 homme gris"},"content":{"rendered":"<p>Chaussures de course pour hommes. Mod\u00e8le d\u00e9velopp\u00e9 pour les coureurs d\u00e9butants dans ce sport, ainsi que pour la marche. Ce sont des chaussures qui vous offriront l&rsquo;essentiel lorsque vous commencez encore : confort et durabilit\u00e9.<\/p>\n<p>Tige en mesh technique avec des perforations VTS, permettant la ventilation de la transpiration pour maintenir le pied \u00e0 une temp\u00e9rature constante. Maintien garanti gr\u00e2ce au syst\u00e8me de r\u00e9glage int\u00e9gr\u00e9.<\/p>\n<p>Semelle interm\u00e9diaire en phylon, un mat\u00e9riau l\u00e9ger, fonctionnel et flexible. Offre une bonne absorption des chocs en courant ou en marchant.<\/p>\n<p>La semelle est en caoutchouc r\u00e9sistant \u00e0 l&rsquo;abrasion.<\/p>\n<ul class=\"featuresul\">\n<li>Tige en semi-microfibre avec maille respirante VTS<\/li>\n<li>Semelle interm\u00e9diaire en phylon<\/li>\n<li>Semelle ext\u00e9rieure en caoutchouc<\/li>\n<\/ul>\n","protected":false},"excerpt":{"rendered":"<p>Chaussures de course pour hommes. Mod\u00e8le d\u00e9velopp\u00e9 pour les coureurs d\u00e9butants dans ce sport, ainsi que pour la marche. Ce sont des chaussures qui vous offriront l&rsquo;essentiel lorsque vous commencez encore : confort et durabilit\u00e9.<\/p>\n","protected":false},"featured_media":33442,"template":"","meta":[],"product_brand":[],"product_cat":[61,33,77,113,137],"product_tag":[],"class_list":{"0":"post-32294","1":"product","2":"type-product","3":"status-publish","4":"has-post-thumbnail","6":"product_cat-chaussures-homme","7":"product_cat-homme","8":"product_cat-running","9":"product_cat-sport","10":"product_cat-training","11":"pa_couleur-gray","12":"pa_taille-645","13":"pa_taille-646","14":"pa_taille-649","15":"pa_taille-650","16":"pa_taille-651","17":"pa_taille-653","19":"first","20":"outofstock","21":"purchasable","22":"product-type-variable"},"_links":{"self":[{"href":"https:\/\/accrosport.tn\/index.php\/wp-json\/wp\/v2\/product\/32294","targetHints":{"allow":["GET"]}}],"collection":[{"href":"https:\/\/accrosport.tn\/index.php\/wp-json\/wp\/v2\/product"}],"about":[{"href":"https:\/\/accrosport.tn\/index.php\/wp-json\/wp\/v2\/types\/product"}],"wp:featuredmedia":[{"embeddable":true,"href":"https:\/\/accrosport.tn\/index.php\/wp-json\/wp\/v2\/media\/33442"}],"wp:attachment":[{"href":"https:\/\/accrosport.tn\/index.php\/wp-json\/wp\/v2\/media?parent=32294"}],"wp:term":[{"taxonomy":"product_brand","embeddable":true,"href":"https:\/\/accrosport.tn\/index.php\/wp-json\/wp\/v2\/product_brand?post=32294"},{"taxonomy":"product_cat","embeddable":true,"href":"https:\/\/accrosport.tn\/index.php\/wp-json\/wp\/v2\/product_cat?post=32294"},{"taxonomy":"product_tag","embeddable":true,"href":"https:\/\/accrosport.tn\/index.php\/wp-json\/wp\/v2\/product_tag?post=32294"}],"curies":[{"name":"wp","href":"https:\/\/api.w.org\/{rel}","templated":true}]}}