{"id":32287,"date":"2025-10-02T13:17:52","date_gmt":"2025-10-02T13:17:52","guid":{"rendered":"https:\/\/accrosport.tn\/index.php\/product\/elite-men-2501-negro\/"},"modified":"2025-10-07T13:19:22","modified_gmt":"2025-10-07T13:19:22","slug":"elite-men-2501-negro","status":"publish","type":"product","link":"https:\/\/accrosport.tn\/index.php\/product\/elite-men-2501-negro\/","title":{"rendered":"Chaussures running Elite Men 2501 homme noir"},"content":{"rendered":"<p>Chaussures de course pour homme. Les \u00c9lite font partie de notre gamme de running d\u00e9contract\u00e9. Polyvalence, confort et respirabilit\u00e9 dans une seule paire de chaussures.<\/p>\n<p>Tige en mesh l\u00e9ger et respirant. Le syst\u00e8me de ventilation VTS permet d&rsquo;\u00e9vacuer la transpiration et de garder le pied frais \u00e0 l&rsquo;int\u00e9rieur des baskets.<\/p>\n<p>Semelle interm\u00e9diaire en phylon d&rsquo;une seule pi\u00e8ce, riche en confort, flexibilit\u00e9 et amorti.<\/p>\n<p>Semelle en caoutchouc r\u00e9sistant \u00e0 l&rsquo;abrasion sur l&rsquo;asphalte.<\/p>\n<ul class=\"featuresul\">\n<li>Empeigne en mesh respirant VTS<\/li>\n<li>Coupe avec syst\u00e8me de r\u00e9glage thermosoud\u00e9 SPORTECH<\/li>\n<li>Semelle interm\u00e9diaire en phylon<\/li>\n<li>Semelle ext\u00e9rieure en caoutchouc<\/li>\n<\/ul>\n","protected":false},"excerpt":{"rendered":"<p>Chaussures de course pour homme. Les \u00c9lite font partie de notre gamme de running d\u00e9contract\u00e9. Polyvalence, confort et respirabilit\u00e9 dans une seule paire de chaussures.<\/p>\n","protected":false},"featured_media":33436,"template":"","meta":[],"product_brand":[],"product_cat":[61,33,77],"product_tag":[],"class_list":{"0":"post-32287","1":"product","2":"type-product","3":"status-publish","4":"has-post-thumbnail","6":"product_cat-chaussures-homme","7":"product_cat-homme","8":"product_cat-running","9":"pa_couleur-noir","10":"pa_taille-645","11":"pa_taille-646","12":"pa_taille-649","13":"pa_taille-650","14":"pa_taille-651","15":"pa_taille-653","17":"first","18":"outofstock","19":"sale","20":"purchasable","21":"product-type-variable"},"_links":{"self":[{"href":"https:\/\/accrosport.tn\/index.php\/wp-json\/wp\/v2\/product\/32287","targetHints":{"allow":["GET"]}}],"collection":[{"href":"https:\/\/accrosport.tn\/index.php\/wp-json\/wp\/v2\/product"}],"about":[{"href":"https:\/\/accrosport.tn\/index.php\/wp-json\/wp\/v2\/types\/product"}],"wp:featuredmedia":[{"embeddable":true,"href":"https:\/\/accrosport.tn\/index.php\/wp-json\/wp\/v2\/media\/33436"}],"wp:attachment":[{"href":"https:\/\/accrosport.tn\/index.php\/wp-json\/wp\/v2\/media?parent=32287"}],"wp:term":[{"taxonomy":"product_brand","embeddable":true,"href":"https:\/\/accrosport.tn\/index.php\/wp-json\/wp\/v2\/product_brand?post=32287"},{"taxonomy":"product_cat","embeddable":true,"href":"https:\/\/accrosport.tn\/index.php\/wp-json\/wp\/v2\/product_cat?post=32287"},{"taxonomy":"product_tag","embeddable":true,"href":"https:\/\/accrosport.tn\/index.php\/wp-json\/wp\/v2\/product_tag?post=32287"}],"curies":[{"name":"wp","href":"https:\/\/api.w.org\/{rel}","templated":true}]}}