{"id":32278,"date":"2025-10-02T13:17:52","date_gmt":"2025-10-02T13:17:52","guid":{"rendered":"https:\/\/accrosport.tn\/index.php\/product\/zen-men-2503-marino\/"},"modified":"2025-12-18T06:35:34","modified_gmt":"2025-12-18T06:35:34","slug":"zen-men-2503-marino","status":"publish","type":"product","link":"https:\/\/accrosport.tn\/index.php\/product\/zen-men-2503-marino\/","title":{"rendered":"Chaussures casual Zen 2503 homme bleu marine"},"content":{"rendered":"<p>Chaussures de sport pour un usage quotidien et la marche. Mod\u00e8le pour homme. Parmi ses points forts, on peut souligner le confort, la l\u00e9g\u00e8ret\u00e9 et l&rsquo;amorti des chocs.<\/p>\n<p>Tige confectionn\u00e9e en mesh respirant et l\u00e9ger. Le syst\u00e8me de perforations VTS permet l&rsquo;\u00e9vacuation de la transpiration et maintient le pied frais \u00e0 l&rsquo;int\u00e9rieur de la chaussure.<\/p>\n<p>Renfort thermosoud\u00e9 PROTECTION sur l&rsquo;avant du pied.<\/p>\n<p>Semelle int\u00e9rieure en MEMORY FOAM \u00e9labor\u00e9e avec de la mousse et une base en EVA thermoform\u00e9e pour s&rsquo;adapter parfaitement \u00e0 la foul\u00e9e et l&rsquo;adoucir. Elle comporte des perforations VTS pour plus de respirabilit\u00e9.<\/p>\n<p>Semelle interm\u00e9diaire en phylon. Ce mat\u00e9riau absorbe les chocs, est l\u00e9ger et flexible, s&rsquo;adaptant parfaitement \u00e0 la foul\u00e9e.<\/p>\n<p>Semelle antid\u00e9rapante SLIP RESISTANT. La finition antid\u00e9rapante r\u00e9duit le risque de glissade pour marcher en toute s\u00e9curit\u00e9 et contr\u00f4ler la foul\u00e9e.<\/p>\n<ul class=\"featuresul\">\n<li>Empeigne en mesh respirant VTS<\/li>\n<li>Coupe avec syst\u00e8me de protection thermosoud\u00e9e PROTECTION<\/li>\n<li>Semelle interm\u00e9diaire en phylon<\/li>\n<li>Semelle en caoutchouc avec les technologies DURABILITY et SLIP-RESISTANT<\/li>\n<li>Forme large<\/li>\n<\/ul>\n","protected":false},"excerpt":{"rendered":"<p>Chaussures de sport pour un usage quotidien et la marche. Mod\u00e8le pour homme. Parmi ses points forts, on peut souligner le confort, la l\u00e9g\u00e8ret\u00e9 et l&rsquo;amorti des chocs.<\/p>\n","protected":false},"featured_media":33431,"template":"","meta":[],"product_brand":[],"product_cat":[78,61,33],"product_tag":[],"class_list":{"0":"post-32278","1":"product","2":"type-product","3":"status-publish","4":"has-post-thumbnail","6":"product_cat-casual","7":"product_cat-chaussures-homme","8":"product_cat-homme","9":"pa_couleur-navy-blue","10":"pa_taille-644","11":"pa_taille-645","12":"pa_taille-646","13":"pa_taille-649","14":"pa_taille-650","15":"pa_taille-651","16":"pa_taille-653","17":"pa_taille-656","19":"first","20":"outofstock","21":"sale","22":"purchasable","23":"product-type-variable"},"_links":{"self":[{"href":"https:\/\/accrosport.tn\/index.php\/wp-json\/wp\/v2\/product\/32278","targetHints":{"allow":["GET"]}}],"collection":[{"href":"https:\/\/accrosport.tn\/index.php\/wp-json\/wp\/v2\/product"}],"about":[{"href":"https:\/\/accrosport.tn\/index.php\/wp-json\/wp\/v2\/types\/product"}],"wp:featuredmedia":[{"embeddable":true,"href":"https:\/\/accrosport.tn\/index.php\/wp-json\/wp\/v2\/media\/33431"}],"wp:attachment":[{"href":"https:\/\/accrosport.tn\/index.php\/wp-json\/wp\/v2\/media?parent=32278"}],"wp:term":[{"taxonomy":"product_brand","embeddable":true,"href":"https:\/\/accrosport.tn\/index.php\/wp-json\/wp\/v2\/product_brand?post=32278"},{"taxonomy":"product_cat","embeddable":true,"href":"https:\/\/accrosport.tn\/index.php\/wp-json\/wp\/v2\/product_cat?post=32278"},{"taxonomy":"product_tag","embeddable":true,"href":"https:\/\/accrosport.tn\/index.php\/wp-json\/wp\/v2\/product_tag?post=32278"}],"curies":[{"name":"wp","href":"https:\/\/api.w.org\/{rel}","templated":true}]}}