{"id":32262,"date":"2025-10-02T13:17:48","date_gmt":"2025-10-02T13:17:48","guid":{"rendered":"https:\/\/accrosport.tn\/index.php\/product\/naturka-men-2505-royal\/"},"modified":"2026-03-11T12:46:41","modified_gmt":"2026-03-11T12:46:41","slug":"naturka-men-2505-royal","status":"publish","type":"product","link":"https:\/\/accrosport.tn\/index.php\/product\/naturka-men-2505-royal\/","title":{"rendered":"Chaussures Naturka 2505 unisexe bleu roi"},"content":{"rendered":"<p>Chaussures techniques de handball et de volley-ball. Profil haut. Ce nouveau mod\u00e8le de haute performance assure un jeu professionnel gr\u00e2ce \u00e0 sa haute qualit\u00e9 et \u00e0 l&rsquo;incorporation de la technologie.<\/p>\n<p>Sa construction en cuir offre une combinaison id\u00e9ale de confort et de durabilit\u00e9. Sa flexibilit\u00e9 lui permet de s&rsquo;adapter au pied, en plus d&rsquo;offrir une excellente respirabilit\u00e9 pour garder le pied frais. Sa surface douce r\u00e9duit la friction, minimisant le risque d&rsquo;ampoules. De plus, elle est r\u00e9sistante \u00e0 l&rsquo;usure et \u00e0 l&rsquo;abrasion, ce qui en fait un choix parfait pour le jeu en int\u00e9rieur.<\/p>\n<p>Le syst\u00e8me VTS int\u00e9gr\u00e9 dans la partie sup\u00e9rieure assure une ventilation optimale, permettant au pied de rester frais m\u00eame dans les moments les plus intenses du jeu. De plus, la technologie PROTECTION garantit un renforcement dans les zones les plus expos\u00e9es, apportant stabilit\u00e9 et pr\u00e9venant tout type de blessure.<\/p>\n<p>La semelle interm\u00e9diaire r\u00e9alis\u00e9e en phylon arri\u00e8re plus ferme pour apporter stabilit\u00e9, tandis que l&rsquo;avant en REACTIVE BALL absorbe chaque impact et optimise le confort. Sa forme avec des mont\u00e9es dans des parties strat\u00e9giques prot\u00e8ge contre les mouvements brusques.<\/p>\n<p>Semelle en caoutchouc DURABILITY de haute qualit\u00e9 et r\u00e9sistance \u00e0 l&rsquo;abrasion.<\/p>\n<ul class=\"featuresul\">\n<li>Empeigne en cuir avec technologie VTS<\/li>\n<li>Semelle interm\u00e9diaire en phylon REACTIVE BALL<\/li>\n<li>Semelle ext\u00e9rieure DURABILITY en caoutchouc<\/li>\n<\/ul>\n","protected":false},"excerpt":{"rendered":"<p>Chaussures techniques de handball et de volley-ball. Profil haut. Ce nouveau mod\u00e8le de haute performance assure un jeu professionnel gr\u00e2ce \u00e0 sa haute qualit\u00e9 et \u00e0 l&rsquo;incorporation de la technologie.<\/p>\n","protected":false},"featured_media":33453,"template":"","meta":[],"product_brand":[],"product_cat":[61,57,42,33,273,275,276,113],"product_tag":[],"class_list":{"0":"post-32262","1":"product","2":"type-product","3":"status-publish","4":"has-post-thumbnail","6":"product_cat-chaussures-homme","7":"product_cat-chaussures","8":"product_cat-femme","9":"product_cat-homme","10":"product_cat-padel","11":"product_cat-padel-homme","12":"product_cat-padel-femme","13":"product_cat-sport","14":"pa_couleur-royal-blue","15":"pa_taille-644","16":"pa_taille-645","17":"pa_taille-646","18":"pa_taille-649","19":"pa_taille-650","20":"pa_taille-651","21":"pa_taille-653","22":"pa_taille-656","24":"first","25":"outofstock","26":"sale","27":"purchasable","28":"product-type-variable"},"_links":{"self":[{"href":"https:\/\/accrosport.tn\/index.php\/wp-json\/wp\/v2\/product\/32262","targetHints":{"allow":["GET"]}}],"collection":[{"href":"https:\/\/accrosport.tn\/index.php\/wp-json\/wp\/v2\/product"}],"about":[{"href":"https:\/\/accrosport.tn\/index.php\/wp-json\/wp\/v2\/types\/product"}],"wp:featuredmedia":[{"embeddable":true,"href":"https:\/\/accrosport.tn\/index.php\/wp-json\/wp\/v2\/media\/33453"}],"wp:attachment":[{"href":"https:\/\/accrosport.tn\/index.php\/wp-json\/wp\/v2\/media?parent=32262"}],"wp:term":[{"taxonomy":"product_brand","embeddable":true,"href":"https:\/\/accrosport.tn\/index.php\/wp-json\/wp\/v2\/product_brand?post=32262"},{"taxonomy":"product_cat","embeddable":true,"href":"https:\/\/accrosport.tn\/index.php\/wp-json\/wp\/v2\/product_cat?post=32262"},{"taxonomy":"product_tag","embeddable":true,"href":"https:\/\/accrosport.tn\/index.php\/wp-json\/wp\/v2\/product_tag?post=32262"}],"curies":[{"name":"wp","href":"https:\/\/api.w.org\/{rel}","templated":true}]}}