{"id":32255,"date":"2025-10-02T13:17:48","date_gmt":"2025-10-02T13:17:48","guid":{"rendered":"https:\/\/accrosport.tn\/index.php\/product\/vitaly-lady-2533-marino-azul\/"},"modified":"2025-12-17T09:38:28","modified_gmt":"2025-12-17T09:38:28","slug":"vitaly-lady-2533-marino-azul","status":"publish","type":"product","link":"https:\/\/accrosport.tn\/index.php\/product\/vitaly-lady-2533-marino-azul\/","title":{"rendered":"Chaussures running Vitaly Lady 2533 femme bleu marine bleu"},"content":{"rendered":"<p>Chaussures de course pour femme. Les \u00c9lite font partie de notre gamme de course d\u00e9contract\u00e9e. Polyvalence, confort et respirabilit\u00e9 dans une seule paire de chaussures.<\/p>\n<p>Tige en mesh l\u00e9ger et respirant. Le syst\u00e8me de ventilation VTS permet une ventilation de la transpiration et permet au pied de rester frais \u00e0 l&rsquo;int\u00e9rieur des baskets.<\/p>\n<p>Semelle interm\u00e9diaire en phylon d&rsquo;une seule pi\u00e8ce, riche en confort, flexibilit\u00e9 et amorti.<\/p>\n<p>Semelle en caoutchouc r\u00e9sistant \u00e0 l&rsquo;abrasion sur l&rsquo;asphalte.<\/p>\n<ul class=\"featuresul\">\n<li>Tige en semi-microfibre avec maille respirante VTS<\/li>\n<li>Semelle interm\u00e9diaire en phylon<\/li>\n<li>Semelle ext\u00e9rieure en caoutchouc<\/li>\n<\/ul>\n","protected":false},"excerpt":{"rendered":"<p>Chaussures de course pour femme. Les \u00c9lite font partie de notre gamme de course d\u00e9contract\u00e9e. Polyvalence, confort et respirabilit\u00e9 dans une seule paire de chaussures.<\/p>\n","protected":false},"featured_media":33447,"template":"","meta":[],"product_brand":[],"product_cat":[57,42,82,113,137],"product_tag":[],"class_list":{"0":"post-32255","1":"product","2":"type-product","3":"status-publish","4":"has-post-thumbnail","6":"product_cat-chaussures","7":"product_cat-femme","8":"product_cat-running-chaussures","9":"product_cat-sport","10":"product_cat-training","11":"pa_couleur-navy-blue-blue","12":"pa_taille-641","13":"pa_taille-643","14":"pa_taille-655","15":"pa_taille-644","16":"pa_taille-645","17":"pa_taille-646","19":"first","20":"outofstock","21":"purchasable","22":"product-type-variable"},"_links":{"self":[{"href":"https:\/\/accrosport.tn\/index.php\/wp-json\/wp\/v2\/product\/32255","targetHints":{"allow":["GET"]}}],"collection":[{"href":"https:\/\/accrosport.tn\/index.php\/wp-json\/wp\/v2\/product"}],"about":[{"href":"https:\/\/accrosport.tn\/index.php\/wp-json\/wp\/v2\/types\/product"}],"wp:featuredmedia":[{"embeddable":true,"href":"https:\/\/accrosport.tn\/index.php\/wp-json\/wp\/v2\/media\/33447"}],"wp:attachment":[{"href":"https:\/\/accrosport.tn\/index.php\/wp-json\/wp\/v2\/media?parent=32255"}],"wp:term":[{"taxonomy":"product_brand","embeddable":true,"href":"https:\/\/accrosport.tn\/index.php\/wp-json\/wp\/v2\/product_brand?post=32255"},{"taxonomy":"product_cat","embeddable":true,"href":"https:\/\/accrosport.tn\/index.php\/wp-json\/wp\/v2\/product_cat?post=32255"},{"taxonomy":"product_tag","embeddable":true,"href":"https:\/\/accrosport.tn\/index.php\/wp-json\/wp\/v2\/product_tag?post=32255"}],"curies":[{"name":"wp","href":"https:\/\/api.w.org\/{rel}","templated":true}]}}