{"id":32066,"date":"2025-10-02T07:22:26","date_gmt":"2025-10-02T07:22:26","guid":{"rendered":"https:\/\/accrosport.tn\/index.php\/product\/maxima-2531-negro-turquesa-turf\/"},"modified":"2026-03-11T12:46:46","modified_gmt":"2026-03-11T12:46:46","slug":"maxima-2531-negro-turquesa-turf","status":"publish","type":"product","link":"https:\/\/accrosport.tn\/index.php\/product\/maxima-2531-negro-turquesa-turf\/","title":{"rendered":"Chaussures de football pour homme Maxima 2531 TF noir turquoise"},"content":{"rendered":"<p>Chaussures de football pour terrain synth\u00e9tique et moquette. Mod\u00e8le polyvalent con\u00e7u pour les d\u00e9butants. Offre le confort et le contr\u00f4le n\u00e9cessaires pour faire ses premiers pas.<\/p>\n<p>La tige est principalement compos\u00e9e de synth\u00e9tique, un mat\u00e9riau abordable offrant durabilit\u00e9 et excellent contact avec le ballon, id\u00e9al pour les d\u00e9butants en futsal. De petites perforations du syst\u00e8me VTS ont \u00e9t\u00e9 int\u00e9gr\u00e9es pour am\u00e9liorer la ventilation.<\/p>\n<p>Pi\u00e8ce de PROTECTION sur l&rsquo;orteil.<\/p>\n<p>Semelle ext\u00e9rieure en caoutchouc DURABILITY de haute qualit\u00e9 et r\u00e9sistante \u00e0 l&rsquo;abrasion. Elle est \u00e9galement dot\u00e9e d&rsquo;un syst\u00e8me de crampons multiples qui r\u00e9duit la pression du pied et assure un bon maintien.<\/p>\n","protected":false},"excerpt":{"rendered":"<p>Chaussures de football contient un mat\u00e9riau innovant utilis\u00e9 dans diff\u00e9rentes parties de la chaussure pour am\u00e9liorer sa durabilit\u00e9 et renforcer sa r\u00e9sistance aux dommages.<\/p>\n","protected":false},"featured_media":32142,"template":"","meta":[],"product_brand":[],"product_cat":[61,75,33,158],"product_tag":[],"class_list":{"0":"post-32066","1":"product","2":"type-product","3":"status-publish","4":"has-post-thumbnail","6":"product_cat-chaussures-homme","7":"product_cat-foot","8":"product_cat-homme","9":"product_cat-nouvelle-collection","10":"pa_couleur-black-turquoise","11":"pa_taille-645","12":"pa_taille-646","13":"pa_taille-649","14":"pa_taille-650","15":"pa_taille-651","16":"pa_taille-653","17":"pa_taille-656","19":"first","20":"outofstock","21":"sale","22":"purchasable","23":"product-type-variable"},"_links":{"self":[{"href":"https:\/\/accrosport.tn\/index.php\/wp-json\/wp\/v2\/product\/32066","targetHints":{"allow":["GET"]}}],"collection":[{"href":"https:\/\/accrosport.tn\/index.php\/wp-json\/wp\/v2\/product"}],"about":[{"href":"https:\/\/accrosport.tn\/index.php\/wp-json\/wp\/v2\/types\/product"}],"wp:featuredmedia":[{"embeddable":true,"href":"https:\/\/accrosport.tn\/index.php\/wp-json\/wp\/v2\/media\/32142"}],"wp:attachment":[{"href":"https:\/\/accrosport.tn\/index.php\/wp-json\/wp\/v2\/media?parent=32066"}],"wp:term":[{"taxonomy":"product_brand","embeddable":true,"href":"https:\/\/accrosport.tn\/index.php\/wp-json\/wp\/v2\/product_brand?post=32066"},{"taxonomy":"product_cat","embeddable":true,"href":"https:\/\/accrosport.tn\/index.php\/wp-json\/wp\/v2\/product_cat?post=32066"},{"taxonomy":"product_tag","embeddable":true,"href":"https:\/\/accrosport.tn\/index.php\/wp-json\/wp\/v2\/product_tag?post=32066"}],"curies":[{"name":"wp","href":"https:\/\/api.w.org\/{rel}","templated":true}]}}