{"id":32055,"date":"2025-10-02T07:22:22","date_gmt":"2025-10-02T07:22:22","guid":{"rendered":"https:\/\/accrosport.tn\/index.php\/product\/super-cross-jr-2541-negro-turquesa\/"},"modified":"2026-03-15T08:41:47","modified_gmt":"2026-03-15T08:41:47","slug":"super-cross-jr-2541-negro-turquesa","status":"publish","type":"product","link":"https:\/\/accrosport.tn\/index.php\/product\/super-cross-jr-2541-negro-turquesa\/","title":{"rendered":"Chaussures running Super Cross Jr 2541 junior noir turquoise"},"content":{"rendered":"<p>Chaussures de course pour gar\u00e7on\/fille. Supercross transpose le meilleur du mod\u00e8le adulte adapt\u00e9 aux plus petits : amorti, stabilit\u00e9 et confort. D\u00e9velopp\u00e9 pour l&rsquo;initiation et \u00e9galement adapt\u00e9 aux activit\u00e9s quotidiennes.<\/p>\n<p>Tige \u00e9labor\u00e9e avec un mesh l\u00e9ger et respirant gr\u00e2ce \u00e0 la technologie VTS, qui optimise la ventilation de la transpiration et permet la circulation de l&rsquo;air \u00e0 l&rsquo;int\u00e9rieur des chaussures. Int\u00e8gre le syst\u00e8me de r\u00e9glage thermoscell\u00e9 JOMA SPORTECH.<\/p>\n<p>Renfort thermoscell\u00e9 PROTECTION sur l&rsquo;avant-pied, limitant les frottements dans la zone et prolongeant la durabilit\u00e9 des chaussures.<\/p>\n<p>La semelle interm\u00e9diaire est en phylon. Ce mat\u00e9riau l\u00e9ger et flexible absorbe les chocs et offre un confort sous les pieds.<\/p>\n<p>Semelle en caoutchouc DURABILITY avec une bonne abrasion et une haute durabilit\u00e9.<\/p>\n<ul class=\"featuresul\">\n<li>Empeigne en mesh respirant VTS<\/li>\n<li>Coupe avec syst\u00e8me de r\u00e9glage thermosoud\u00e9 SPORTECH<\/li>\n<li>Semelle interm\u00e9diaire en phylon<\/li>\n<li>Semelle ext\u00e9rieure DURABILITY en caoutchouc<\/li>\n<\/ul>\n","protected":false},"excerpt":{"rendered":"<p>Chaussures de course pour gar\u00e7on\/fille. Supercross transpose le meilleur du mod\u00e8le adulte adapt\u00e9 aux plus petits : amorti, stabilit\u00e9 et confort. D\u00e9velopp\u00e9 pour l&rsquo;initiation et \u00e9galement adapt\u00e9 aux activit\u00e9s quotidiennes.<\/p>\n","protected":false},"featured_media":33461,"template":"","meta":[],"product_brand":[],"product_cat":[69,49,86,113,137],"product_tag":[],"class_list":{"0":"post-32055","1":"product","2":"type-product","3":"status-publish","4":"has-post-thumbnail","6":"product_cat-chaussures-enfant","7":"product_cat-enfant","8":"product_cat-runnning","9":"product_cat-sport","10":"product_cat-training","11":"pa_couleur-black-turquoise","12":"pa_taille-682","13":"pa_taille-671","14":"pa_taille-667","15":"pa_taille-668","16":"pa_taille-669","17":"pa_taille-670","18":"pa_taille-641","19":"pa_taille-643","20":"pa_taille-655","21":"pa_taille-644","23":"first","24":"outofstock","25":"sale","26":"purchasable","27":"product-type-variable"},"_links":{"self":[{"href":"https:\/\/accrosport.tn\/index.php\/wp-json\/wp\/v2\/product\/32055","targetHints":{"allow":["GET"]}}],"collection":[{"href":"https:\/\/accrosport.tn\/index.php\/wp-json\/wp\/v2\/product"}],"about":[{"href":"https:\/\/accrosport.tn\/index.php\/wp-json\/wp\/v2\/types\/product"}],"wp:featuredmedia":[{"embeddable":true,"href":"https:\/\/accrosport.tn\/index.php\/wp-json\/wp\/v2\/media\/33461"}],"wp:attachment":[{"href":"https:\/\/accrosport.tn\/index.php\/wp-json\/wp\/v2\/media?parent=32055"}],"wp:term":[{"taxonomy":"product_brand","embeddable":true,"href":"https:\/\/accrosport.tn\/index.php\/wp-json\/wp\/v2\/product_brand?post=32055"},{"taxonomy":"product_cat","embeddable":true,"href":"https:\/\/accrosport.tn\/index.php\/wp-json\/wp\/v2\/product_cat?post=32055"},{"taxonomy":"product_tag","embeddable":true,"href":"https:\/\/accrosport.tn\/index.php\/wp-json\/wp\/v2\/product_tag?post=32055"}],"curies":[{"name":"wp","href":"https:\/\/api.w.org\/{rel}","templated":true}]}}