{"id":32048,"date":"2025-10-02T07:22:22","date_gmt":"2025-10-02T07:22:22","guid":{"rendered":"https:\/\/accrosport.tn\/index.php\/product\/zen-lady-2501-negro-blanco\/"},"modified":"2026-03-11T12:46:45","modified_gmt":"2026-03-11T12:46:45","slug":"zen-lady-2501-negro-blanco","status":"publish","type":"product","link":"https:\/\/accrosport.tn\/index.php\/product\/zen-lady-2501-negro-blanco\/","title":{"rendered":"Chaussures casual Zen Lady 2501 femme noir blanc"},"content":{"rendered":"<p>Chaussures de sport pour femme. D\u00e9velopp\u00e9es pour les sportifs \u00e0 la recherche de chaussures confortables, l\u00e9g\u00e8res et amortissantes pour la marche.<\/p>\n<p>Tige confectionn\u00e9e en mesh l\u00e9ger et respirant. Les perforations VTS couvrent toute la coupe pour lui donner un suppl\u00e9ment de ventilation. Ainsi, le pied restera \u00e0 temp\u00e9rature constante en tout temps.<\/p>\n<p>Semelle int\u00e9rieure MEMORY FOAM \u00e9labor\u00e9e avec de la mousse et une base en EVA thermoform\u00e9e pour s&rsquo;adapter totalement \u00e0 la foul\u00e9e et la rendre plus douce. Elle comporte des perforations VTS pour la rendre plus respirante.<\/p>\n<p>Semelle interm\u00e9diaire en phylon divis\u00e9e en sections pour ajuster les chaussures de mani\u00e8re ergonomique au mouvement du pied. Ce mat\u00e9riau l\u00e9ger et flexible a la capacit\u00e9 d&rsquo;absorber les chocs.<\/p>\n<p>Semelle SLIP RESISTANT. La finition antid\u00e9rapante r\u00e9duit le risque de glissement pour marcher en toute s\u00e9curit\u00e9 et contr\u00f4ler la foul\u00e9e.<\/p>\n<ul class=\"featuresul\">\n<li>Empeigne en mesh respirant VTS<\/li>\n<li>Semelle interm\u00e9diaire en phylon<\/li>\n<li>Semelle en caoutchouc avec les technologies DURABILITY et SLIP-RESISTANT<\/li>\n<li>Forme large<\/li>\n<\/ul>\n","protected":false},"excerpt":{"rendered":"<p>Chaussures de sport pour femme. D\u00e9velopp\u00e9es pour les sportifs \u00e0 la recherche de chaussures confortables, l\u00e9g\u00e8res et amortissantes pour la marche. Tige confectionn\u00e9e en mesh l\u00e9ger et respirant. Les perforations VTS couvrent toute la coupe pour lui donner un suppl\u00e9ment de ventilation. Ainsi, le pied restera \u00e0 temp\u00e9rature constante en tout temps. Semelle int\u00e9rieure MEMORY [&hellip;]<\/p>\n","protected":false},"featured_media":33458,"template":"","meta":[],"product_brand":[],"product_cat":[80,57,42],"product_tag":[],"class_list":{"0":"post-32048","1":"product","2":"type-product","3":"status-publish","4":"has-post-thumbnail","6":"product_cat-chaussures-casual-femme-tunisie","7":"product_cat-chaussures","8":"product_cat-femme","9":"pa_couleur-black-white","10":"pa_taille-641","11":"pa_taille-643","12":"pa_taille-655","13":"pa_taille-644","14":"pa_taille-645","15":"pa_taille-646","17":"first","18":"outofstock","19":"sale","20":"purchasable","21":"product-type-variable"},"_links":{"self":[{"href":"https:\/\/accrosport.tn\/index.php\/wp-json\/wp\/v2\/product\/32048","targetHints":{"allow":["GET"]}}],"collection":[{"href":"https:\/\/accrosport.tn\/index.php\/wp-json\/wp\/v2\/product"}],"about":[{"href":"https:\/\/accrosport.tn\/index.php\/wp-json\/wp\/v2\/types\/product"}],"wp:featuredmedia":[{"embeddable":true,"href":"https:\/\/accrosport.tn\/index.php\/wp-json\/wp\/v2\/media\/33458"}],"wp:attachment":[{"href":"https:\/\/accrosport.tn\/index.php\/wp-json\/wp\/v2\/media?parent=32048"}],"wp:term":[{"taxonomy":"product_brand","embeddable":true,"href":"https:\/\/accrosport.tn\/index.php\/wp-json\/wp\/v2\/product_brand?post=32048"},{"taxonomy":"product_cat","embeddable":true,"href":"https:\/\/accrosport.tn\/index.php\/wp-json\/wp\/v2\/product_cat?post=32048"},{"taxonomy":"product_tag","embeddable":true,"href":"https:\/\/accrosport.tn\/index.php\/wp-json\/wp\/v2\/product_tag?post=32048"}],"curies":[{"name":"wp","href":"https:\/\/api.w.org\/{rel}","templated":true}]}}