{"id":32040,"date":"2025-10-02T07:22:17","date_gmt":"2025-10-02T07:22:17","guid":{"rendered":"https:\/\/accrosport.tn\/index.php\/product\/c-laceless-lady-2521-negro\/"},"modified":"2025-10-07T13:50:59","modified_gmt":"2025-10-07T13:50:59","slug":"c-laceless-lady-2521-negro","status":"publish","type":"product","link":"https:\/\/accrosport.tn\/index.php\/product\/c-laceless-lady-2521-negro\/","title":{"rendered":"Chaussures casual C.Laceless Lady 2521 femme noir"},"content":{"rendered":"<p>Chaussures de sport pour femme. Le confort et le maintien sont garantis toute la journ\u00e9e avec ce mod\u00e8le sans lacets. D\u00e9velopp\u00e9 pour supporter toutes les heures que vous souhaitez debout ou en marchant.<\/p>\n<p>La tige est fabriqu\u00e9e en mesh l\u00e9ger et respirant avec le syst\u00e8me de ventilation VTS. Il dispose de deux panneaux lat\u00e9raux \u00e9lastiques pour ajuster les chaussures comme une chaussette.<\/p>\n<p>Semelle int\u00e9rieure MEMORY FOAM fabriqu\u00e9e avec de la mousse et une base en EVA thermoform\u00e9e pour s&rsquo;adapter parfaitement \u00e0 la d\u00e9marche et l&rsquo;adoucir. Il dispose de perforations VTS pour la rendre plus respirante.<\/p>\n<p>Semelle interm\u00e9diaire EASY STEP construite avec du phylon, un mat\u00e9riau l\u00e9ger et flexible offrant une bonne absorption des chocs.<\/p>\n<p>Semelle en caoutchouc pour une durabilit\u00e9 accrue.<\/p>\n<ul class=\"featuresul\">\n<li>Empeigne en mesh respirant VTS<\/li>\n<li>Semelle int\u00e9rieure en mousse \u00e0 m\u00e9moire de forme thermoform\u00e9e EVA<\/li>\n<li>Semelle interm\u00e9diaire en phylon EASY STEP<\/li>\n<li>Semelle ext\u00e9rieure DURABILITY en caoutchouc<\/li>\n<\/ul>\n","protected":false},"excerpt":{"rendered":"<p>Chaussures de sport pour femme. Le confort et le maintien sont garantis toute la journ\u00e9e avec ce mod\u00e8le sans lacets. D\u00e9velopp\u00e9 pour supporter toutes les heures que vous souhaitez debout ou en marchant.<\/p>\n","protected":false},"featured_media":33472,"template":"","meta":[],"product_brand":[],"product_cat":[80,57,42],"product_tag":[],"class_list":{"0":"post-32040","1":"product","2":"type-product","3":"status-publish","4":"has-post-thumbnail","6":"product_cat-chaussures-casual-femme-tunisie","7":"product_cat-chaussures","8":"product_cat-femme","9":"pa_couleur-noir","10":"pa_taille-641","11":"pa_taille-643","12":"pa_taille-655","13":"pa_taille-644","14":"pa_taille-645","15":"pa_taille-646","17":"first","18":"outofstock","19":"sale","20":"purchasable","21":"product-type-variable"},"_links":{"self":[{"href":"https:\/\/accrosport.tn\/index.php\/wp-json\/wp\/v2\/product\/32040","targetHints":{"allow":["GET"]}}],"collection":[{"href":"https:\/\/accrosport.tn\/index.php\/wp-json\/wp\/v2\/product"}],"about":[{"href":"https:\/\/accrosport.tn\/index.php\/wp-json\/wp\/v2\/types\/product"}],"wp:featuredmedia":[{"embeddable":true,"href":"https:\/\/accrosport.tn\/index.php\/wp-json\/wp\/v2\/media\/33472"}],"wp:attachment":[{"href":"https:\/\/accrosport.tn\/index.php\/wp-json\/wp\/v2\/media?parent=32040"}],"wp:term":[{"taxonomy":"product_brand","embeddable":true,"href":"https:\/\/accrosport.tn\/index.php\/wp-json\/wp\/v2\/product_brand?post=32040"},{"taxonomy":"product_cat","embeddable":true,"href":"https:\/\/accrosport.tn\/index.php\/wp-json\/wp\/v2\/product_cat?post=32040"},{"taxonomy":"product_tag","embeddable":true,"href":"https:\/\/accrosport.tn\/index.php\/wp-json\/wp\/v2\/product_tag?post=32040"}],"curies":[{"name":"wp","href":"https:\/\/api.w.org\/{rel}","templated":true}]}}