{"id":32033,"date":"2025-10-02T07:22:17","date_gmt":"2025-10-02T07:22:17","guid":{"rendered":"https:\/\/accrosport.tn\/index.php\/product\/tundra-lady-2520-rosa\/"},"modified":"2025-11-27T07:31:16","modified_gmt":"2025-11-27T07:31:16","slug":"tundra-lady-2520-rosa","status":"publish","type":"product","link":"https:\/\/accrosport.tn\/index.php\/product\/tundra-lady-2520-rosa\/","title":{"rendered":"Chaussures trail running Tundra Lady 2520 femme rose"},"content":{"rendered":"<p>Chaussures de trail pour femme. Le mod\u00e8le Tundra a \u00e9t\u00e9 d\u00e9velopp\u00e9 pour l&rsquo;entra\u00eenement. L&rsquo;un des plus complets de Joma, offrant polyvalence, adh\u00e9rence efficace et amorti \u00e0 chaque pas pour se concentrer uniquement sur la ma\u00eetrise des sentiers.<\/p>\n<p>Tige fabriqu\u00e9e en partie avec un mesh technique et respirant. Gr\u00e2ce au syst\u00e8me de ventilation VTS, l&rsquo;\u00e9vacuation de la transpiration est assur\u00e9e et le pied restera frais. D&rsquo;autre part, il comporte le syst\u00e8me de r\u00e9glage thermoscell\u00e9 JOMA SPORTECH, situ\u00e9 dans des zones strat\u00e9giques sans couture pour maintenir la l\u00e9g\u00e8ret\u00e9.<\/p>\n<p>Renfort thermoscell\u00e9 PROTECTION sur l&rsquo;avant-pied pour augmenter sa durabilit\u00e9.<\/p>\n<p>La semelle interm\u00e9diaire est en phylon, un mat\u00e9riau l\u00e9ger et flexible qui att\u00e9nue les chocs de la foul\u00e9e. Avec une forme large pour offrir un meilleur soutien et confort.<\/p>\n<p>Semelle en caoutchouc DURABILITY r\u00e9sistant \u00e0 l&rsquo;abrasion. Les crampons \u00e0 double direction facilitent l&rsquo;adh\u00e9rence sur les terrains peu difficiles et donc la stabilit\u00e9.<\/p>\n<ul class=\"featuresul\">\n<li>Empeigne en mesh respirant VTS<\/li>\n<li>Coupe avec syst\u00e8me de r\u00e9glage thermosoud\u00e9 SPORTECH<\/li>\n<li>Coupe avec syst\u00e8me de protection thermosoud\u00e9e PROTECTION<\/li>\n<li>Semelle interm\u00e9diaire en phylon<\/li>\n<li>Semelle ext\u00e9rieure DURABILITY en caoutchouc<\/li>\n<\/ul>\n","protected":false},"excerpt":{"rendered":"<p>Chaussures de trail pour femme. Le mod\u00e8le Tundra a \u00e9t\u00e9 d\u00e9velopp\u00e9 pour l&rsquo;entra\u00eenement. L&rsquo;un des plus complets de Joma, offrant polyvalence, adh\u00e9rence efficace et amorti \u00e0 chaque pas pour se concentrer uniquement sur la ma\u00eetrise des sentiers.<\/p>\n","protected":false},"featured_media":33466,"template":"","meta":[],"product_brand":[],"product_cat":[57,42,82,114,113],"product_tag":[],"class_list":{"0":"post-32033","1":"product","2":"type-product","3":"status-publish","4":"has-post-thumbnail","6":"product_cat-chaussures","7":"product_cat-femme","8":"product_cat-running-chaussures","9":"product_cat-running-sport","10":"product_cat-sport","11":"pa_couleur-pink","12":"pa_taille-641","13":"pa_taille-643","14":"pa_taille-655","15":"pa_taille-644","16":"pa_taille-645","17":"pa_taille-646","19":"first","20":"outofstock","21":"sale","22":"purchasable","23":"product-type-variable"},"_links":{"self":[{"href":"https:\/\/accrosport.tn\/index.php\/wp-json\/wp\/v2\/product\/32033","targetHints":{"allow":["GET"]}}],"collection":[{"href":"https:\/\/accrosport.tn\/index.php\/wp-json\/wp\/v2\/product"}],"about":[{"href":"https:\/\/accrosport.tn\/index.php\/wp-json\/wp\/v2\/types\/product"}],"wp:featuredmedia":[{"embeddable":true,"href":"https:\/\/accrosport.tn\/index.php\/wp-json\/wp\/v2\/media\/33466"}],"wp:attachment":[{"href":"https:\/\/accrosport.tn\/index.php\/wp-json\/wp\/v2\/media?parent=32033"}],"wp:term":[{"taxonomy":"product_brand","embeddable":true,"href":"https:\/\/accrosport.tn\/index.php\/wp-json\/wp\/v2\/product_brand?post=32033"},{"taxonomy":"product_cat","embeddable":true,"href":"https:\/\/accrosport.tn\/index.php\/wp-json\/wp\/v2\/product_cat?post=32033"},{"taxonomy":"product_tag","embeddable":true,"href":"https:\/\/accrosport.tn\/index.php\/wp-json\/wp\/v2\/product_tag?post=32033"}],"curies":[{"name":"wp","href":"https:\/\/api.w.org\/{rel}","templated":true}]}}