{"id":32017,"date":"2025-10-02T07:22:13","date_gmt":"2025-10-02T07:22:13","guid":{"rendered":"https:\/\/accrosport.tn\/index.php\/product\/numero-10-2503-marino-firm-ground\/"},"modified":"2026-04-01T15:56:06","modified_gmt":"2026-04-01T15:56:06","slug":"numero-10-2503-marino-firm-ground","status":"publish","type":"product","link":"https:\/\/accrosport.tn\/index.php\/product\/numero-10-2503-marino-firm-ground\/","title":{"rendered":"Chaussures football Numero-10 2503 terrain ferme FG bleu marine"},"content":{"rendered":"<p>Chaussures de football pour jouer sur terrains fermes (FG). Ce mod\u00e8le d\u00e9velopp\u00e9 pour les jeunes espoirs du sport vedette est parfait pour les footballeurs qui veulent am\u00e9liorer leur technique. Il offre les performances n\u00e9cessaires pour bien ma\u00eetriser le ballon.<\/p>\n<p>Tige de style classique en cuir synth\u00e9tique avec la nouvelle technologie SOCK SYSTEM pour am\u00e9liorer l&rsquo;ajustement et le confort. Ce mat\u00e9riau l\u00e9ger se distingue par sa r\u00e9sistance \u00e0 l&rsquo;abrasion. Le syst\u00e8me de perforations VTS r\u00e9gule l&rsquo;accumulation de la transpiration.<\/p>\n<p>Elles int\u00e8grent un contrefort EXO COUNTER \u00e0 l&rsquo;arri\u00e8re pour stabiliser la zone lors des changements de direction.<\/p>\n<p>La semelle est en fibre synth\u00e9tique avec un effet translucide, adapt\u00e9e \u00e0 ce type de terrain pour contr\u00f4ler efficacement les mouvements sur des terrains fermes non abrasifs.<\/p>\n<ul class=\"featuresul\">\n<li>Coupe en mat\u00e9riau synth\u00e9tique (Fibertech) r\u00e9sistant aux frottements avec technologie VTS<\/li>\n<li>Semelle en fibre synth\u00e9tique<\/li>\n<li>Contrefort EXO Counter<\/li>\n<li>Col SOCK SYSTEM<\/li>\n<\/ul>\n<p>&nbsp;<\/p>\n","protected":false},"excerpt":{"rendered":"<p>Chaussures de football pour jouer sur terrains fermes (FG). Ce mod\u00e8le d\u00e9velopp\u00e9 pour les jeunes espoirs du sport vedette est parfait pour les footballeurs qui veulent am\u00e9liorer leur technique. Il offre les performances n\u00e9cessaires pour bien ma\u00eetriser le ballon.<\/p>\n","protected":false},"featured_media":33482,"template":"","meta":[],"product_brand":[],"product_cat":[61,75,33],"product_tag":[],"class_list":{"0":"post-32017","1":"product","2":"type-product","3":"status-publish","4":"has-post-thumbnail","6":"product_cat-chaussures-homme","7":"product_cat-foot","8":"product_cat-homme","9":"pa_couleur-navy-blue","10":"pa_taille-645","11":"pa_taille-646","12":"pa_taille-649","13":"pa_taille-650","14":"pa_taille-651","15":"pa_taille-653","17":"first","18":"outofstock","19":"sale","20":"purchasable","21":"product-type-variable"},"_links":{"self":[{"href":"https:\/\/accrosport.tn\/index.php\/wp-json\/wp\/v2\/product\/32017","targetHints":{"allow":["GET"]}}],"collection":[{"href":"https:\/\/accrosport.tn\/index.php\/wp-json\/wp\/v2\/product"}],"about":[{"href":"https:\/\/accrosport.tn\/index.php\/wp-json\/wp\/v2\/types\/product"}],"wp:featuredmedia":[{"embeddable":true,"href":"https:\/\/accrosport.tn\/index.php\/wp-json\/wp\/v2\/media\/33482"}],"wp:attachment":[{"href":"https:\/\/accrosport.tn\/index.php\/wp-json\/wp\/v2\/media?parent=32017"}],"wp:term":[{"taxonomy":"product_brand","embeddable":true,"href":"https:\/\/accrosport.tn\/index.php\/wp-json\/wp\/v2\/product_brand?post=32017"},{"taxonomy":"product_cat","embeddable":true,"href":"https:\/\/accrosport.tn\/index.php\/wp-json\/wp\/v2\/product_cat?post=32017"},{"taxonomy":"product_tag","embeddable":true,"href":"https:\/\/accrosport.tn\/index.php\/wp-json\/wp\/v2\/product_tag?post=32017"}],"curies":[{"name":"wp","href":"https:\/\/api.w.org\/{rel}","templated":true}]}}