{"id":32010,"date":"2025-10-02T07:22:13","date_gmt":"2025-10-02T07:22:13","guid":{"rendered":"https:\/\/accrosport.tn\/index.php\/product\/n-100-lady-2501-negro-blanco\/"},"modified":"2025-12-18T13:38:10","modified_gmt":"2025-12-18T13:38:10","slug":"n-100-lady-2501-negro-blanco","status":"publish","type":"product","link":"https:\/\/accrosport.tn\/index.php\/product\/n-100-lady-2501-negro-blanco\/","title":{"rendered":"Chaussures casual N-100 Lady 2501 femme noir blanc"},"content":{"rendered":"<p>Chaussures de sport pour femmes. Mod\u00e8le polyvalent pour un usage quotidien, tr\u00e8s l\u00e9ger et confortable. Parfait pour la marche et toute activit\u00e9 quotidienne. Tige en mesh respirant, \u00e9quip\u00e9e de la technologie VTS. Les perforations autour de la partie sup\u00e9rieure permettent \u00e0 la transpiration de s&rsquo;a\u00e9rer et maintiennent le pied \u00e0 temp\u00e9rature constante. Syst\u00e8me de r\u00e9glage int\u00e9gr\u00e9 pour un meilleur maintien. Semelle int\u00e9rieure en MEMORY FOAM fabriqu\u00e9e avec de la mousse et une base en EVA thermoform\u00e9e pour s&rsquo;adapter parfaitement \u00e0 la foul\u00e9e et l&rsquo;adoucir. Elle comporte des perforations VTS pour la rendre plus respirante. Semelle interm\u00e9diaire EASY STEP construite avec du phylon, un mat\u00e9riau l\u00e9ger et flexible offrant une bonne absorption des chocs. Offre un niveau de confort sup\u00e9rieur sous les pieds. Semelle en caoutchouc pour une durabilit\u00e9 accrue.<\/p>\n<ul class=\"featuresul\">\n<li>Empeigne en cuir synth\u00e9tique avec maille respirante VTS<\/li>\n<li>Semelle interm\u00e9diaire en phylon EASY STEP<\/li>\n<li>Semelle ext\u00e9rieure en caoutchouc<\/li>\n<li>Forme normale<\/li>\n<\/ul>\n","protected":false},"excerpt":{"rendered":"<p>Chaussures de sport pour femmes. Mod\u00e8le polyvalent pour un usage quotidien, tr\u00e8s l\u00e9ger et confortable<\/p>\n","protected":false},"featured_media":33478,"template":"","meta":[],"product_brand":[],"product_cat":[80,57,42],"product_tag":[],"class_list":{"0":"post-32010","1":"product","2":"type-product","3":"status-publish","4":"has-post-thumbnail","6":"product_cat-chaussures-casual-femme-tunisie","7":"product_cat-chaussures","8":"product_cat-femme","9":"pa_couleur-black-white","10":"pa_taille-641","11":"pa_taille-643","12":"pa_taille-655","13":"pa_taille-644","14":"pa_taille-645","15":"pa_taille-646","17":"first","18":"outofstock","19":"sale","20":"purchasable","21":"product-type-variable"},"_links":{"self":[{"href":"https:\/\/accrosport.tn\/index.php\/wp-json\/wp\/v2\/product\/32010","targetHints":{"allow":["GET"]}}],"collection":[{"href":"https:\/\/accrosport.tn\/index.php\/wp-json\/wp\/v2\/product"}],"about":[{"href":"https:\/\/accrosport.tn\/index.php\/wp-json\/wp\/v2\/types\/product"}],"wp:featuredmedia":[{"embeddable":true,"href":"https:\/\/accrosport.tn\/index.php\/wp-json\/wp\/v2\/media\/33478"}],"wp:attachment":[{"href":"https:\/\/accrosport.tn\/index.php\/wp-json\/wp\/v2\/media?parent=32010"}],"wp:term":[{"taxonomy":"product_brand","embeddable":true,"href":"https:\/\/accrosport.tn\/index.php\/wp-json\/wp\/v2\/product_brand?post=32010"},{"taxonomy":"product_cat","embeddable":true,"href":"https:\/\/accrosport.tn\/index.php\/wp-json\/wp\/v2\/product_cat?post=32010"},{"taxonomy":"product_tag","embeddable":true,"href":"https:\/\/accrosport.tn\/index.php\/wp-json\/wp\/v2\/product_tag?post=32010"}],"curies":[{"name":"wp","href":"https:\/\/api.w.org\/{rel}","templated":true}]}}