{"id":32002,"date":"2025-10-02T07:22:08","date_gmt":"2025-10-02T07:22:08","guid":{"rendered":"https:\/\/accrosport.tn\/index.php\/product\/c-daily-men-2421-negro\/"},"modified":"2026-04-17T15:56:06","modified_gmt":"2026-04-17T15:56:06","slug":"c-daily-men-2421-negro","status":"publish","type":"product","link":"https:\/\/accrosport.tn\/index.php\/product\/c-daily-men-2421-negro\/","title":{"rendered":"Chaussures casual C.Daily Men 2421 homme noir"},"content":{"rendered":"<p>Chaussures de sport pour homme. Mod\u00e8le pour un usage quotidien et pour la marche. Parmi ses avantages, on souligne son niveau \u00e9lev\u00e9 de confort lors des promenades et sa semelle antid\u00e9rapante.<\/p>\n<p>La tige est fabriqu\u00e9e en cuir synth\u00e9tique, offrant r\u00e9sistance, durabilit\u00e9 et bon entretien, ainsi qu&rsquo;un aspect \u00e9l\u00e9gant pour le quotidien.<\/p>\n<p>Nouvelle semelle int\u00e9rieure MEMORY FOAM \u00e9labor\u00e9e avec de la mousse et une base en EVA thermoform\u00e9e pour s&rsquo;adapter parfaitement \u00e0 la foul\u00e9e et la rendre plus douce. Elle est maintenant plus respirante gr\u00e2ce \u00e0 l&rsquo;application du syst\u00e8me de perforations VTS.<\/p>\n<p>La semelle interm\u00e9diaire en phylon amortit la foul\u00e9e et s&rsquo;adapte \u00e0 celle-ci pour un confort accru.<\/p>\n<p>Semelle en caoutchouc DURABILITY avec finition antid\u00e9rapante. La technologie SLIP RESISTANT r\u00e9duit le risque de glissement pour une marche en toute s\u00e9curit\u00e9 et un contr\u00f4le de la foul\u00e9e.<\/p>\n<ul class=\"featuresul\">\n<li>Tige en cuir synth\u00e9tique<\/li>\n<li>Semelle en MOUSSE \u00c0 M\u00c9MOIRE DE FORME<\/li>\n<li>Semelle interm\u00e9diaire en phylon<\/li>\n<li>Semelle en caoutchouc avec les technologies DURABILITY et SLIP-RESISTANT<\/li>\n<li>Forme large<\/li>\n<\/ul>\n","protected":false},"excerpt":{"rendered":"<p>Chaussures de sport pour homme. Mod\u00e8le pour un usage quotidien et pour la marche. Parmi ses avantages, on souligne son niveau \u00e9lev\u00e9 de confort lors des promenades et sa semelle antid\u00e9rapante.<\/p>\n","protected":false},"featured_media":33505,"template":"","meta":[],"product_brand":[],"product_cat":[78,61,33],"product_tag":[],"class_list":{"0":"post-32002","1":"product","2":"type-product","3":"status-publish","4":"has-post-thumbnail","6":"product_cat-casual","7":"product_cat-chaussures-homme","8":"product_cat-homme","9":"pa_couleur-noir","10":"pa_taille-644","11":"pa_taille-645","12":"pa_taille-646","13":"pa_taille-649","14":"pa_taille-650","15":"pa_taille-651","16":"pa_taille-653","18":"first","19":"outofstock","20":"sale","21":"purchasable","22":"product-type-variable"},"_links":{"self":[{"href":"https:\/\/accrosport.tn\/index.php\/wp-json\/wp\/v2\/product\/32002","targetHints":{"allow":["GET"]}}],"collection":[{"href":"https:\/\/accrosport.tn\/index.php\/wp-json\/wp\/v2\/product"}],"about":[{"href":"https:\/\/accrosport.tn\/index.php\/wp-json\/wp\/v2\/types\/product"}],"wp:featuredmedia":[{"embeddable":true,"href":"https:\/\/accrosport.tn\/index.php\/wp-json\/wp\/v2\/media\/33505"}],"wp:attachment":[{"href":"https:\/\/accrosport.tn\/index.php\/wp-json\/wp\/v2\/media?parent=32002"}],"wp:term":[{"taxonomy":"product_brand","embeddable":true,"href":"https:\/\/accrosport.tn\/index.php\/wp-json\/wp\/v2\/product_brand?post=32002"},{"taxonomy":"product_cat","embeddable":true,"href":"https:\/\/accrosport.tn\/index.php\/wp-json\/wp\/v2\/product_cat?post=32002"},{"taxonomy":"product_tag","embeddable":true,"href":"https:\/\/accrosport.tn\/index.php\/wp-json\/wp\/v2\/product_tag?post=32002"}],"curies":[{"name":"wp","href":"https:\/\/api.w.org\/{rel}","templated":true}]}}