{"id":31977,"date":"2025-10-02T07:22:03","date_gmt":"2025-10-02T07:22:03","guid":{"rendered":"https:\/\/accrosport.tn\/index.php\/product\/toledo-jr-2501-negro-turf\/"},"modified":"2025-11-14T14:30:25","modified_gmt":"2025-11-14T14:30:25","slug":"toledo-jr-2501-negro-turf","status":"publish","type":"product","link":"https:\/\/accrosport.tn\/index.php\/product\/toledo-jr-2501-negro-turf\/","title":{"rendered":"Joma &#8211; Toledo jr noir\/jaune TOJS2501TF"},"content":{"rendered":"","protected":false},"excerpt":{"rendered":"<p>La soci\u00e9t\u00e9 Joma est connue pour produire des chaussures de football de haute qualit\u00e9 et ce mod\u00e8le ne fait pas exception.<\/p>\n","protected":false},"featured_media":35366,"template":"","meta":[],"product_brand":[],"product_cat":[61,69,49,87,75,33,113],"product_tag":[],"class_list":{"0":"post-31977","1":"product","2":"type-product","3":"status-publish","4":"has-post-thumbnail","6":"product_cat-chaussures-homme","7":"product_cat-chaussures-enfant","8":"product_cat-enfant","9":"product_cat-foot-chaussures-enfant","10":"product_cat-foot","11":"product_cat-homme","12":"product_cat-sport","13":"pa_couleur-noir","14":"pa_taille-671","15":"pa_taille-667","16":"pa_taille-668","17":"pa_taille-669","18":"pa_taille-670","19":"pa_taille-641","20":"pa_taille-643","21":"pa_taille-655","23":"first","24":"outofstock","25":"sale","26":"purchasable","27":"product-type-variable"},"_links":{"self":[{"href":"https:\/\/accrosport.tn\/index.php\/wp-json\/wp\/v2\/product\/31977","targetHints":{"allow":["GET"]}}],"collection":[{"href":"https:\/\/accrosport.tn\/index.php\/wp-json\/wp\/v2\/product"}],"about":[{"href":"https:\/\/accrosport.tn\/index.php\/wp-json\/wp\/v2\/types\/product"}],"wp:featuredmedia":[{"embeddable":true,"href":"https:\/\/accrosport.tn\/index.php\/wp-json\/wp\/v2\/media\/35366"}],"wp:attachment":[{"href":"https:\/\/accrosport.tn\/index.php\/wp-json\/wp\/v2\/media?parent=31977"}],"wp:term":[{"taxonomy":"product_brand","embeddable":true,"href":"https:\/\/accrosport.tn\/index.php\/wp-json\/wp\/v2\/product_brand?post=31977"},{"taxonomy":"product_cat","embeddable":true,"href":"https:\/\/accrosport.tn\/index.php\/wp-json\/wp\/v2\/product_cat?post=31977"},{"taxonomy":"product_tag","embeddable":true,"href":"https:\/\/accrosport.tn\/index.php\/wp-json\/wp\/v2\/product_tag?post=31977"}],"curies":[{"name":"wp","href":"https:\/\/api.w.org\/{rel}","templated":true}]}}