{"id":31969,"date":"2025-10-02T07:22:03","date_gmt":"2025-10-02T07:22:03","guid":{"rendered":"https:\/\/accrosport.tn\/index.php\/product\/maxima-2501-negro-turf\/"},"modified":"2026-03-11T12:46:46","modified_gmt":"2026-03-11T12:46:46","slug":"maxima-2501-negro-turf","status":"publish","type":"product","link":"https:\/\/accrosport.tn\/index.php\/product\/maxima-2501-negro-turf\/","title":{"rendered":"Chaussures football Maxima 2501 moquette &#8211; turf noir"},"content":{"rendered":"<p>Chaussures de football pour terrain synth\u00e9tique (surfaces synth\u00e9tiques et moquette). Mod\u00e8le polyvalent d\u00e9velopp\u00e9 pour l&rsquo;\u00e9tape d&rsquo;initiation. Confort et contr\u00f4le n\u00e9cessaires pour faire les premiers pas dans le jeu.<\/p>\n<p>Tige principalement en mati\u00e8re synth\u00e9tique, un mat\u00e9riau abordable qui apporte r\u00e9sistance et bon contact avec le ballon, parfait pour commencer dans le futsal. Pour am\u00e9liorer la ventilation de la transpiration, de petites perforations du syst\u00e8me VTS ont \u00e9t\u00e9 incluses.<\/p>\n<p>Pi\u00e8ce de PROTECTION sur l&#8217;embout.<\/p>\n<p>Semelle en caoutchouc DURABILITY hautement r\u00e9sistante \u00e0 l&rsquo;abrasion et de qualit\u00e9. De plus, elle pr\u00e9sente un syst\u00e8me de crampons multiples qui aide \u00e0 r\u00e9duire la pression de la foul\u00e9e, assurant un bon soutien.<\/p>\n<ul class=\"featuresul\">\n<li>Coupe en mat\u00e9riau synth\u00e9tique (Fibertech) avec mesh respirant VTS<\/li>\n<li>Semelle ext\u00e9rieure DURABILITY en caoutchouc<\/li>\n<\/ul>\n","protected":false},"excerpt":{"rendered":"<p>Chaussures de football pour terrain synth\u00e9tique (surfaces synth\u00e9tiques et moquette). Mod\u00e8le polyvalent d\u00e9velopp\u00e9 pour l&rsquo;\u00e9tape d&rsquo;initiation. Confort et contr\u00f4le n\u00e9cessaires pour faire les premiers pas dans le jeu.<\/p>\n","protected":false},"featured_media":33510,"template":"","meta":[],"product_brand":[],"product_cat":[61,75,33],"product_tag":[],"class_list":{"0":"post-31969","1":"product","2":"type-product","3":"status-publish","4":"has-post-thumbnail","6":"product_cat-chaussures-homme","7":"product_cat-foot","8":"product_cat-homme","9":"pa_couleur-noir","10":"pa_taille-645","11":"pa_taille-646","12":"pa_taille-649","13":"pa_taille-650","14":"pa_taille-651","15":"pa_taille-653","16":"pa_taille-656","18":"first","19":"outofstock","20":"sale","21":"purchasable","22":"product-type-variable"},"_links":{"self":[{"href":"https:\/\/accrosport.tn\/index.php\/wp-json\/wp\/v2\/product\/31969","targetHints":{"allow":["GET"]}}],"collection":[{"href":"https:\/\/accrosport.tn\/index.php\/wp-json\/wp\/v2\/product"}],"about":[{"href":"https:\/\/accrosport.tn\/index.php\/wp-json\/wp\/v2\/types\/product"}],"wp:featuredmedia":[{"embeddable":true,"href":"https:\/\/accrosport.tn\/index.php\/wp-json\/wp\/v2\/media\/33510"}],"wp:attachment":[{"href":"https:\/\/accrosport.tn\/index.php\/wp-json\/wp\/v2\/media?parent=31969"}],"wp:term":[{"taxonomy":"product_brand","embeddable":true,"href":"https:\/\/accrosport.tn\/index.php\/wp-json\/wp\/v2\/product_brand?post=31969"},{"taxonomy":"product_cat","embeddable":true,"href":"https:\/\/accrosport.tn\/index.php\/wp-json\/wp\/v2\/product_cat?post=31969"},{"taxonomy":"product_tag","embeddable":true,"href":"https:\/\/accrosport.tn\/index.php\/wp-json\/wp\/v2\/product_tag?post=31969"}],"curies":[{"name":"wp","href":"https:\/\/api.w.org\/{rel}","templated":true}]}}