{"id":31955,"date":"2025-10-02T07:21:58","date_gmt":"2025-10-02T07:21:58","guid":{"rendered":"https:\/\/accrosport.tn\/index.php\/product\/spin-lady-2501-negro\/"},"modified":"2026-03-25T12:23:21","modified_gmt":"2026-03-25T12:23:21","slug":"spin-lady-2501-negro","status":"publish","type":"product","link":"https:\/\/accrosport.tn\/index.php\/product\/spin-lady-2501-negro\/","title":{"rendered":"Chaussures Spin Lady 2501 femme noir"},"content":{"rendered":"<p>Chaussures de padel pour femme. Mod\u00e8le professionnel haut de gamme destin\u00e9 aux joueuses recherchant de hautes performances sur le court. Ils offrent un niveau maximal de protection, de stabilit\u00e9 et de performance. Test\u00e9 par des joueurs comme la l\u00e9gende du padel Juani Mieres et Alba Gal\u00e1n. Tige confectionn\u00e9e en mesh technique. La technologie VTS optimise la respirabilit\u00e9 et maintient les pieds \u00e0 temp\u00e9rature constante. Le syst\u00e8me de r\u00e9glage thermoscell\u00e9 JOMA SPORTECH offre un maintien confortable et l\u00e9ger. De plus, les parties sensibles sont renforc\u00e9es avec la technologie PROTECTION. Semelle interm\u00e9diaire en phylon flexible, l\u00e9ger et capable d&rsquo;amortir les chocs. Ses deux STABILIS maximisent la stabilit\u00e9 des mouvements et pr\u00e9viennent les \u00e9ventuelles blessures. Semelle Omni en caoutchouc DURABILITY offrant une adh\u00e9rence sup\u00e9rieure, permettant des changements de direction agiles sans perdre de stabilit\u00e9.<\/p>\n<ul class=\"featuresul\">\n<li>Empeigne en mesh respirant VTS<\/li>\n<li>Coupe avec syst\u00e8me de r\u00e9glage thermosoud\u00e9 SPORTECH<\/li>\n<li>Coupe avec syst\u00e8me de protection thermosoud\u00e9e PROTECTION<\/li>\n<li>Semelle interm\u00e9diaire en phylon avec STABILIS<\/li>\n<li>Semelle ext\u00e9rieure DURABILITY en caoutchouc<\/li>\n<\/ul>\n","protected":false},"excerpt":{"rendered":"<p>Chaussures de padel pour femme. Mod\u00e8le professionnel haut de gamme destin\u00e9 aux joueuses recherchant de hautes performances sur le court. Ils offrent un niveau maximal de protection, de stabilit\u00e9 et de performance. Test\u00e9 par des joueurs comme la l\u00e9gende du padel Juani Mieres et Alba Gal\u00e1n. <\/p>\n","protected":false},"featured_media":33518,"template":"","meta":[],"product_brand":[],"product_cat":[57,42,276],"product_tag":[],"class_list":{"0":"post-31955","1":"product","2":"type-product","3":"status-publish","4":"has-post-thumbnail","6":"product_cat-chaussures","7":"product_cat-femme","8":"product_cat-padel-femme","9":"pa_couleur-noir","10":"pa_taille-643","11":"pa_taille-655","12":"pa_taille-644","13":"pa_taille-645","14":"pa_taille-646","16":"first","17":"outofstock","18":"sale","19":"purchasable","20":"product-type-variable"},"_links":{"self":[{"href":"https:\/\/accrosport.tn\/index.php\/wp-json\/wp\/v2\/product\/31955","targetHints":{"allow":["GET"]}}],"collection":[{"href":"https:\/\/accrosport.tn\/index.php\/wp-json\/wp\/v2\/product"}],"about":[{"href":"https:\/\/accrosport.tn\/index.php\/wp-json\/wp\/v2\/types\/product"}],"wp:featuredmedia":[{"embeddable":true,"href":"https:\/\/accrosport.tn\/index.php\/wp-json\/wp\/v2\/media\/33518"}],"wp:attachment":[{"href":"https:\/\/accrosport.tn\/index.php\/wp-json\/wp\/v2\/media?parent=31955"}],"wp:term":[{"taxonomy":"product_brand","embeddable":true,"href":"https:\/\/accrosport.tn\/index.php\/wp-json\/wp\/v2\/product_brand?post=31955"},{"taxonomy":"product_cat","embeddable":true,"href":"https:\/\/accrosport.tn\/index.php\/wp-json\/wp\/v2\/product_cat?post=31955"},{"taxonomy":"product_tag","embeddable":true,"href":"https:\/\/accrosport.tn\/index.php\/wp-json\/wp\/v2\/product_tag?post=31955"}],"curies":[{"name":"wp","href":"https:\/\/api.w.org\/{rel}","templated":true}]}}