{"id":31928,"date":"2025-10-02T07:21:52","date_gmt":"2025-10-02T07:21:52","guid":{"rendered":"https:\/\/accrosport.tn\/index.php\/product\/set-men-2531-amarillo-negro\/"},"modified":"2025-10-07T15:17:41","modified_gmt":"2025-10-07T15:17:41","slug":"set-men-2531-amarillo-negro","status":"publish","type":"product","link":"https:\/\/accrosport.tn\/index.php\/product\/set-men-2531-amarillo-negro\/","title":{"rendered":"Chaussures Set 2531 terrain dur homme jaune noir"},"content":{"rendered":"<p>Chaussures de tennis pour homme. Le mod\u00e8le Set est d\u00e9velopp\u00e9 pour les joueurs en perfectionnement, qui pratiquent des d\u00e9placements avec une intensit\u00e9 mod\u00e9r\u00e9e. Gr\u00e2ce \u00e0 l&rsquo;incorporation de la technologie de maintien et de stabilit\u00e9, elles fournissent l&rsquo;aide n\u00e9cessaire \u00e0 ceux qui veulent am\u00e9liorer leur technique. Tige confectionn\u00e9e en mesh respirant. Le syst\u00e8me de ventilation VTS permet le flux d&rsquo;air et garde le pied frais \u00e0 l&rsquo;int\u00e9rieur de la chaussure. Par ailleurs, le renfort thermoscell\u00e9 PROTECTION de la partie sup\u00e9rieure augmente la durabilit\u00e9 et prot\u00e8ge la zone. Ajustement assur\u00e9 gr\u00e2ce au syst\u00e8me ergonomique de la\u00e7age. Semelle interm\u00e9diaire en phylon avec STABILIS, qui enveloppe les zones les plus susceptibles de subir des torsions inad\u00e9quates et pr\u00e9vient les blessures \u00e9ventuelles. Le phylon est un mat\u00e9riau fonctionnel qui offre flexibilit\u00e9, l\u00e9g\u00e8ret\u00e9 et absorption des chocs. Semelle en caoutchouc DURABILITY all court, adapt\u00e9e et r\u00e9sistante pour jouer sur terrain dur\/rapide. Le motif permet au joueur de glisser et de freiner sur le terrain selon ses besoins.<\/p>\n<ul class=\"featuresul\">\n<li>Empeigne en mesh respirant VTS<\/li>\n<li>Coupe avec syst\u00e8me de r\u00e9glage thermosoud\u00e9 SPORTECH<\/li>\n<li>Coupe avec syst\u00e8me de protection thermosoud\u00e9e PROTECTION<\/li>\n<li>Semelle interm\u00e9diaire en phylon avec STABILIS<\/li>\n<li>Semelle ext\u00e9rieure DURABILITY en caoutchouc<\/li>\n<\/ul>\n","protected":false},"excerpt":{"rendered":"<p>Chaussures de tennis pour homme. Le mod\u00e8le Set est d\u00e9velopp\u00e9 pour les joueurs en perfectionnement, qui pratiquent des d\u00e9placements avec une intensit\u00e9 mod\u00e9r\u00e9e. Gr\u00e2ce \u00e0 l&rsquo;incorporation de la technologie de maintien et de stabilit\u00e9, elles fournissent l&rsquo;aide n\u00e9cessaire \u00e0 ceux qui veulent am\u00e9liorer leur technique.<\/p>\n","protected":false},"featured_media":33527,"template":"","meta":[],"product_brand":[],"product_cat":[61,33,113,272,76],"product_tag":[],"class_list":{"0":"post-31928","1":"product","2":"type-product","3":"status-publish","4":"has-post-thumbnail","6":"product_cat-chaussures-homme","7":"product_cat-homme","8":"product_cat-sport","9":"product_cat-tennis-sport","10":"product_cat-tennis","11":"pa_couleur-yellow-black","12":"pa_taille-644","13":"pa_taille-645","14":"pa_taille-40-5","15":"pa_taille-646","16":"pa_taille-649","17":"pa_taille-42-5","18":"pa_taille-650","19":"pa_taille-43-5","21":"first","22":"outofstock","23":"sale","24":"purchasable","25":"product-type-variable"},"_links":{"self":[{"href":"https:\/\/accrosport.tn\/index.php\/wp-json\/wp\/v2\/product\/31928","targetHints":{"allow":["GET"]}}],"collection":[{"href":"https:\/\/accrosport.tn\/index.php\/wp-json\/wp\/v2\/product"}],"about":[{"href":"https:\/\/accrosport.tn\/index.php\/wp-json\/wp\/v2\/types\/product"}],"wp:featuredmedia":[{"embeddable":true,"href":"https:\/\/accrosport.tn\/index.php\/wp-json\/wp\/v2\/media\/33527"}],"wp:attachment":[{"href":"https:\/\/accrosport.tn\/index.php\/wp-json\/wp\/v2\/media?parent=31928"}],"wp:term":[{"taxonomy":"product_brand","embeddable":true,"href":"https:\/\/accrosport.tn\/index.php\/wp-json\/wp\/v2\/product_brand?post=31928"},{"taxonomy":"product_cat","embeddable":true,"href":"https:\/\/accrosport.tn\/index.php\/wp-json\/wp\/v2\/product_cat?post=31928"},{"taxonomy":"product_tag","embeddable":true,"href":"https:\/\/accrosport.tn\/index.php\/wp-json\/wp\/v2\/product_tag?post=31928"}],"curies":[{"name":"wp","href":"https:\/\/api.w.org\/{rel}","templated":true}]}}