{"id":31908,"date":"2025-10-02T07:21:48","date_gmt":"2025-10-02T07:21:48","guid":{"rendered":"https:\/\/accrosport.tn\/index.php\/product\/sodio-men-2501-negro\/"},"modified":"2025-10-07T15:41:21","modified_gmt":"2025-10-07T15:41:21","slug":"sodio-men-2501-negro","status":"publish","type":"product","link":"https:\/\/accrosport.tn\/index.php\/product\/sodio-men-2501-negro\/","title":{"rendered":"Chaussures running Sodio Men 2501 homme noir"},"content":{"rendered":"<p>Chaussures de course pour homme. Les baskets Sodio sont synonymes de confort et de l\u00e9g\u00e8ret\u00e9. Parfaites pour la marche et un usage quotidien, elles offrent un soutien, un amorti et une respirabilit\u00e9.<\/p>\n<p>Tige en mesh respirant et l\u00e9ger. Gr\u00e2ce au syst\u00e8me de ventilation VTS, l&rsquo;\u00e9coulement de l&rsquo;air est assur\u00e9 pour maintenir le pied au frais. Syst\u00e8me de r\u00e9glage int\u00e9gr\u00e9 pour un meilleur maintien.<\/p>\n<p>La semelle est en phylon d&rsquo;une seule pi\u00e8ce, offrant une bonne r\u00e9sistance \u00e0 l&rsquo;abrasion, \u00e9lasticit\u00e9 et l\u00e9g\u00e8ret\u00e9. Ce composant garantit une sensation d&rsquo;amorti sous les pieds.<\/p>\n<ul class=\"featuresul\">\n<li>Tige en semi-microfibre avec maille respirante VTS<\/li>\n<li>Semelle en phylon avec une bonne combinaison entre amorti et stabilit\u00e9<\/li>\n<\/ul>\n","protected":false},"excerpt":{"rendered":"<p>Chaussures de course pour homme. Les baskets Sodio sont synonymes de confort et de l\u00e9g\u00e8ret\u00e9. Parfaites pour la marche et un usage quotidien, elles offrent un soutien, un amorti et une respirabilit\u00e9.<\/p>\n","protected":false},"featured_media":33542,"template":"","meta":[],"product_brand":[],"product_cat":[61,33,77,114,113],"product_tag":[],"class_list":{"0":"post-31908","1":"product","2":"type-product","3":"status-publish","4":"has-post-thumbnail","6":"product_cat-chaussures-homme","7":"product_cat-homme","8":"product_cat-running","9":"product_cat-running-sport","10":"product_cat-sport","11":"pa_couleur-noir","12":"pa_taille-645","13":"pa_taille-646","14":"pa_taille-649","15":"pa_taille-650","16":"pa_taille-651","17":"pa_taille-653","19":"first","20":"outofstock","21":"purchasable","22":"product-type-variable"},"_links":{"self":[{"href":"https:\/\/accrosport.tn\/index.php\/wp-json\/wp\/v2\/product\/31908","targetHints":{"allow":["GET"]}}],"collection":[{"href":"https:\/\/accrosport.tn\/index.php\/wp-json\/wp\/v2\/product"}],"about":[{"href":"https:\/\/accrosport.tn\/index.php\/wp-json\/wp\/v2\/types\/product"}],"wp:featuredmedia":[{"embeddable":true,"href":"https:\/\/accrosport.tn\/index.php\/wp-json\/wp\/v2\/media\/33542"}],"wp:attachment":[{"href":"https:\/\/accrosport.tn\/index.php\/wp-json\/wp\/v2\/media?parent=31908"}],"wp:term":[{"taxonomy":"product_brand","embeddable":true,"href":"https:\/\/accrosport.tn\/index.php\/wp-json\/wp\/v2\/product_brand?post=31908"},{"taxonomy":"product_cat","embeddable":true,"href":"https:\/\/accrosport.tn\/index.php\/wp-json\/wp\/v2\/product_cat?post=31908"},{"taxonomy":"product_tag","embeddable":true,"href":"https:\/\/accrosport.tn\/index.php\/wp-json\/wp\/v2\/product_tag?post=31908"}],"curies":[{"name":"wp","href":"https:\/\/api.w.org\/{rel}","templated":true}]}}