{"id":31902,"date":"2025-10-02T07:21:43","date_gmt":"2025-10-02T07:21:43","guid":{"rendered":"https:\/\/accrosport.tn\/index.php\/product\/c-chiara-lady-2501-negro\/"},"modified":"2026-01-08T15:27:51","modified_gmt":"2026-01-08T15:27:51","slug":"c-chiara-lady-2501-negro","status":"publish","type":"product","link":"https:\/\/accrosport.tn\/index.php\/product\/c-chiara-lady-2501-negro\/","title":{"rendered":"Chaussures casual C.Chiara Lady 2501 femme noir"},"content":{"rendered":"<p>Chaussures de sport pour femmes. Ce nouveau mod\u00e8le \u00e0 talon compens\u00e9 r\u00e9invente les chaussures de tous les jours. Tr\u00e8s confortable \u00e9galement pour la marche, il offre un haut niveau de l\u00e9g\u00e8ret\u00e9 et d&rsquo;amorti.<\/p>\n<p>Tige fabriqu\u00e9e en mesh respirant. Gr\u00e2ce au syst\u00e8me de ventilation VTS, la transpiration sera correctement \u00e9vacu\u00e9e et le pied restera frais \u00e0 l&rsquo;int\u00e9rieur.<\/p>\n<p>Semelle int\u00e9rieure en MEMORY FOAM fabriqu\u00e9e avec de la mousse et une base en EVA thermoform\u00e9e pour s&rsquo;adapter totalement \u00e0 la foul\u00e9e et l&rsquo;adoucir. Elle comporte des perforations VTS pour la rendre plus respirante.<\/p>\n<p>Semelle interm\u00e9diaire EASY STEP construite avec du phylon, un mat\u00e9riau l\u00e9ger et flexible offrant une bonne absorption des chocs. Avec un talon compens\u00e9 de faible hauteur pour apporter de l&rsquo;\u00e9l\u00e9gance aux tenues de loisirs.<\/p>\n<p>Semelle en caoutchouc pour une durabilit\u00e9 accrue.<\/p>\n<ul class=\"featuresul\">\n<li>Empeigne en mesh respirant VTS<\/li>\n<li>Coupe avec syst\u00e8me de r\u00e9glage thermosoud\u00e9 SPORTECH<\/li>\n<li>Semelle interm\u00e9diaire en phylon EASY STEP<\/li>\n<li>Semelle ext\u00e9rieure en caoutchouc<\/li>\n<li>Forme normale<\/li>\n<\/ul>\n","protected":false},"excerpt":{"rendered":"<p>Chaussures de sport pour femmes. Ce nouveau mod\u00e8le \u00e0 talon compens\u00e9 r\u00e9invente les chaussures de tous les jours. Tr\u00e8s confortable \u00e9galement pour la marche, il offre un haut niveau de l\u00e9g\u00e8ret\u00e9 et d&rsquo;amorti.<\/p>\n","protected":false},"featured_media":33566,"template":"","meta":[],"product_brand":[],"product_cat":[80,57,42],"product_tag":[],"class_list":{"0":"post-31902","1":"product","2":"type-product","3":"status-publish","4":"has-post-thumbnail","6":"product_cat-chaussures-casual-femme-tunisie","7":"product_cat-chaussures","8":"product_cat-femme","9":"pa_couleur-noir","10":"pa_taille-643","11":"pa_taille-655","12":"pa_taille-644","13":"pa_taille-645","14":"pa_taille-646","16":"first","17":"outofstock","18":"purchasable","19":"product-type-variable"},"_links":{"self":[{"href":"https:\/\/accrosport.tn\/index.php\/wp-json\/wp\/v2\/product\/31902","targetHints":{"allow":["GET"]}}],"collection":[{"href":"https:\/\/accrosport.tn\/index.php\/wp-json\/wp\/v2\/product"}],"about":[{"href":"https:\/\/accrosport.tn\/index.php\/wp-json\/wp\/v2\/types\/product"}],"wp:featuredmedia":[{"embeddable":true,"href":"https:\/\/accrosport.tn\/index.php\/wp-json\/wp\/v2\/media\/33566"}],"wp:attachment":[{"href":"https:\/\/accrosport.tn\/index.php\/wp-json\/wp\/v2\/media?parent=31902"}],"wp:term":[{"taxonomy":"product_brand","embeddable":true,"href":"https:\/\/accrosport.tn\/index.php\/wp-json\/wp\/v2\/product_brand?post=31902"},{"taxonomy":"product_cat","embeddable":true,"href":"https:\/\/accrosport.tn\/index.php\/wp-json\/wp\/v2\/product_cat?post=31902"},{"taxonomy":"product_tag","embeddable":true,"href":"https:\/\/accrosport.tn\/index.php\/wp-json\/wp\/v2\/product_tag?post=31902"}],"curies":[{"name":"wp","href":"https:\/\/api.w.org\/{rel}","templated":true}]}}