{"id":31879,"date":"2025-10-02T07:21:38","date_gmt":"2025-10-02T07:21:38","guid":{"rendered":"https:\/\/accrosport.tn\/index.php\/product\/c-attica-lady-2512-blanco-gris\/"},"modified":"2026-03-11T12:46:42","modified_gmt":"2026-03-11T12:46:42","slug":"c-attica-lady-2512-blanco-gris","status":"publish","type":"product","link":"https:\/\/accrosport.tn\/index.php\/product\/c-attica-lady-2512-blanco-gris\/","title":{"rendered":"Chaussures casual C.Attica Lady 2512 femme blanc gris"},"content":{"rendered":"<p>Chaussures de sport pour femme. Le mod\u00e8le Attica offre un style intemporel, des performances \u00e9lev\u00e9es et une qualit\u00e9 gr\u00e2ce \u00e0 la tige en cuir. Inspir\u00e9es des anciennes baskets de basketball, elles offrent style et polyvalence, c&rsquo;est pourquoi elles sont parfaites pour toutes les activit\u00e9s quotidiennes.<\/p>\n<p>La tige est fabriqu\u00e9e en cuir souple, durable et respirant. Pour optimiser la ventilation de la transpiration, nous avons ajout\u00e9 le syst\u00e8me de perforations VTS dans des zones strat\u00e9giques. Elles permettent l&rsquo;\u00e9vacuation de la transpiration pour que le pied reste frais en tout temps.<\/p>\n<p>Semelle int\u00e9rieure en MEMORY FOAM fabriqu\u00e9e avec de la mousse et une base en EVA thermoform\u00e9e pour s&rsquo;adapter parfaitement \u00e0 la foul\u00e9e et la rendre plus douce. Elle comporte des perforations VTS pour plus de respirabilit\u00e9.<\/p>\n<p>La semelle est en caoutchouc DURABILITY, tr\u00e8s r\u00e9sistante \u00e0 l&rsquo;abrasion, prolongeant ainsi la dur\u00e9e de vie des chaussures.<\/p>\n<ul class=\"featuresul\">\n<li>Empeigne en cuir avec technologie VTS<\/li>\n<li>Semelle ext\u00e9rieure DURABILITY en caoutchouc<\/li>\n<\/ul>\n","protected":false},"excerpt":{"rendered":"<p>Chaussures de sport pour femme. Le mod\u00e8le Attica offre un style intemporel, des performances \u00e9lev\u00e9es et une qualit\u00e9 gr\u00e2ce \u00e0 la tige en cuir. Inspir\u00e9es des anciennes baskets de basketball, elles offrent style et polyvalence, c&rsquo;est pourquoi elles sont parfaites pour toutes les activit\u00e9s quotidiennes.<\/p>\n","protected":false},"featured_media":33583,"template":"","meta":[],"product_brand":[],"product_cat":[80,57,42,15],"product_tag":[],"class_list":{"0":"post-31879","1":"product","2":"type-product","3":"status-publish","4":"has-post-thumbnail","6":"product_cat-chaussures-casual-femme-tunisie","7":"product_cat-chaussures","8":"product_cat-femme","9":"product_cat-fitness","10":"pa_couleur-white-gray","11":"pa_taille-641","12":"pa_taille-643","13":"pa_taille-655","14":"pa_taille-644","15":"pa_taille-645","16":"pa_taille-646","18":"first","19":"outofstock","20":"sale","21":"purchasable","22":"product-type-variable"},"_links":{"self":[{"href":"https:\/\/accrosport.tn\/index.php\/wp-json\/wp\/v2\/product\/31879","targetHints":{"allow":["GET"]}}],"collection":[{"href":"https:\/\/accrosport.tn\/index.php\/wp-json\/wp\/v2\/product"}],"about":[{"href":"https:\/\/accrosport.tn\/index.php\/wp-json\/wp\/v2\/types\/product"}],"wp:featuredmedia":[{"embeddable":true,"href":"https:\/\/accrosport.tn\/index.php\/wp-json\/wp\/v2\/media\/33583"}],"wp:attachment":[{"href":"https:\/\/accrosport.tn\/index.php\/wp-json\/wp\/v2\/media?parent=31879"}],"wp:term":[{"taxonomy":"product_brand","embeddable":true,"href":"https:\/\/accrosport.tn\/index.php\/wp-json\/wp\/v2\/product_brand?post=31879"},{"taxonomy":"product_cat","embeddable":true,"href":"https:\/\/accrosport.tn\/index.php\/wp-json\/wp\/v2\/product_cat?post=31879"},{"taxonomy":"product_tag","embeddable":true,"href":"https:\/\/accrosport.tn\/index.php\/wp-json\/wp\/v2\/product_tag?post=31879"}],"curies":[{"name":"wp","href":"https:\/\/api.w.org\/{rel}","templated":true}]}}