{"id":31848,"date":"2025-10-02T07:21:33","date_gmt":"2025-10-02T07:21:33","guid":{"rendered":"https:\/\/accrosport.tn\/index.php\/product\/c-501-men-2521-marino\/"},"modified":"2026-04-18T07:21:59","modified_gmt":"2026-04-18T07:21:59","slug":"c-501-men-2521-marino","status":"publish","type":"product","link":"https:\/\/accrosport.tn\/index.php\/product\/c-501-men-2521-marino\/","title":{"rendered":"Chaussures casual C.501 Men 2521 homme bleu marine"},"content":{"rendered":"<p>Chaussures de sport pour homme. Nouveau mod\u00e8le d\u00e9velopp\u00e9 pour les activit\u00e9s quotidiennes inspir\u00e9 des baskets classiques, mais en adaptant le design aux tendances actuelles de la chaussure de sport. Confort et polyvalence vont de pair dans les C.501.<\/p>\n<p>Tige fabriqu\u00e9e en combinant du mesh respirant et du cuir synth\u00e9tique. Le syst\u00e8me de ventilation VTS \u00e9vacue la transpiration et maintient la fra\u00eecheur du pied \u00e0 l&rsquo;int\u00e9rieur des baskets.<\/p>\n<p>Semelle int\u00e9rieure fabriqu\u00e9e avec des mat\u00e9riaux recycl\u00e9s.<\/p>\n<p>Semelle interm\u00e9diaire en phylon recycl\u00e9, un mat\u00e9riau l\u00e9ger, flexible et capable d&rsquo;absorber les chocs. Sa fabrication \u00e0 partir de mat\u00e9riaux recycl\u00e9s fait partie de l&rsquo;engagement de Joma pour la protection de la plan\u00e8te.<\/p>\n<p>Semelle en caoutchouc DURABILITY \u00e9galement issue de mat\u00e9riaux recycl\u00e9s. L\u00e9g\u00e8re et tr\u00e8s r\u00e9sistante \u00e0 l&rsquo;abrasion.<\/p>\n<ul class=\"featuresul\">\n<li>Empeigne en cuir synth\u00e9tique avec maille respirante VTS<\/li>\n<li>Semelle interm\u00e9diaire en phylon<\/li>\n<li>Semelle en caoutchouc DURABILITY avec STABILIS int\u00e9gr\u00e9<\/li>\n<li>Forme normale<\/li>\n<\/ul>\n","protected":false},"excerpt":{"rendered":"<p>Chaussures de sport pour homme. Nouveau mod\u00e8le d\u00e9velopp\u00e9 pour les activit\u00e9s quotidiennes inspir\u00e9 des baskets classiques, mais en adaptant le design aux tendances actuelles de la chaussure de sport. Confort et polyvalence vont de pair dans les C.501.<\/p>\n","protected":false},"featured_media":33592,"template":"","meta":[],"product_brand":[],"product_cat":[78,61,33],"product_tag":[],"class_list":{"0":"post-31848","1":"product","2":"type-product","3":"status-publish","4":"has-post-thumbnail","6":"product_cat-casual","7":"product_cat-chaussures-homme","8":"product_cat-homme","9":"pa_couleur-navy-blue","10":"pa_taille-645","11":"pa_taille-646","12":"pa_taille-649","13":"pa_taille-650","14":"pa_taille-651","15":"pa_taille-653","16":"pa_taille-656","18":"first","19":"outofstock","20":"sale","21":"purchasable","22":"product-type-variable"},"_links":{"self":[{"href":"https:\/\/accrosport.tn\/index.php\/wp-json\/wp\/v2\/product\/31848","targetHints":{"allow":["GET"]}}],"collection":[{"href":"https:\/\/accrosport.tn\/index.php\/wp-json\/wp\/v2\/product"}],"about":[{"href":"https:\/\/accrosport.tn\/index.php\/wp-json\/wp\/v2\/types\/product"}],"wp:featuredmedia":[{"embeddable":true,"href":"https:\/\/accrosport.tn\/index.php\/wp-json\/wp\/v2\/media\/33592"}],"wp:attachment":[{"href":"https:\/\/accrosport.tn\/index.php\/wp-json\/wp\/v2\/media?parent=31848"}],"wp:term":[{"taxonomy":"product_brand","embeddable":true,"href":"https:\/\/accrosport.tn\/index.php\/wp-json\/wp\/v2\/product_brand?post=31848"},{"taxonomy":"product_cat","embeddable":true,"href":"https:\/\/accrosport.tn\/index.php\/wp-json\/wp\/v2\/product_cat?post=31848"},{"taxonomy":"product_tag","embeddable":true,"href":"https:\/\/accrosport.tn\/index.php\/wp-json\/wp\/v2\/product_tag?post=31848"}],"curies":[{"name":"wp","href":"https:\/\/api.w.org\/{rel}","templated":true}]}}