{"id":31847,"date":"2025-10-02T07:21:33","date_gmt":"2025-10-02T07:21:33","guid":{"rendered":"https:\/\/accrosport.tn\/index.php\/product\/c-367-men-2515-green\/"},"modified":"2026-02-09T11:31:53","modified_gmt":"2026-02-09T11:31:53","slug":"c-367-men-2515-green","status":"publish","type":"product","link":"https:\/\/accrosport.tn\/index.php\/product\/c-367-men-2515-green\/","title":{"rendered":"Chaussures casual C.367 Men 2515 homme vert"},"content":{"rendered":"<p>Chaussures de sport pour homme. Indiqu\u00e9es pour un usage quotidien dans toutes les activit\u00e9s quotidiennes. Leur design \u00e9l\u00e9gant est inspir\u00e9 du style classique, combin\u00e9 \u00e0 des touches modernes pour suivre les tendances actuelles de la chaussure de sport. De plus, une partie des mat\u00e9riaux utilis\u00e9s sont recycl\u00e9s. Avec elles, Joma rejoint la mode durable.<\/p>\n<p>Tige fabriqu\u00e9e en mesh pour les rendre plus l\u00e9g\u00e8res et respirantes, accompagn\u00e9e de daim de haute qualit\u00e9 et durabilit\u00e9.<\/p>\n<p>Semelle int\u00e9rieure \u00e9labor\u00e9e avec des mat\u00e9riaux recycl\u00e9s.<\/p>\n<p>Semelle interm\u00e9diaire en phylon recycl\u00e9, un mat\u00e9riau l\u00e9ger, flexible et capable d&rsquo;absorber les chocs. Sa fabrication \u00e0 partir de mat\u00e9riaux recycl\u00e9s fait partie de l&rsquo;engagement de Joma pour la protection de la plan\u00e8te. Elle comporte une pi\u00e8ce STABILIS \u00e0 l&rsquo;arri\u00e8re pour stabiliser la foul\u00e9e.<\/p>\n<p>Semelle en caoutchouc DURABILITY \u00e9galement issue de mat\u00e9riaux recycl\u00e9s. L\u00e9g\u00e8re et tr\u00e8s r\u00e9sistante \u00e0 l&rsquo;abrasion.<\/p>\n<ul class=\"featuresul\">\n<li>Empeigne en cuir synth\u00e9tique avec maille respirante VTS<\/li>\n<li>Coupe en cuir<\/li>\n<li>Semelle interm\u00e9diaire en phylon<\/li>\n<li>Semelle en caoutchouc DURABILITY avec STABILIS int\u00e9gr\u00e9<\/li>\n<li>Forme normale<\/li>\n<\/ul>\n","protected":false},"excerpt":{"rendered":"<p>Chaussures de sport pour homme. Indiqu\u00e9es pour un usage quotidien dans toutes les activit\u00e9s quotidiennes. Leur design \u00e9l\u00e9gant est inspir\u00e9 du style classique, combin\u00e9 \u00e0 des touches modernes pour suivre les tendances actuelles de la chaussure de sport. De plus, une partie des mat\u00e9riaux utilis\u00e9s sont recycl\u00e9s. Avec elles, Joma rejoint la mode durable.<\/p>\n","protected":false},"featured_media":33587,"template":"","meta":[],"product_brand":[],"product_cat":[78,61,33],"product_tag":[],"class_list":{"0":"post-31847","1":"product","2":"type-product","3":"status-publish","4":"has-post-thumbnail","6":"product_cat-casual","7":"product_cat-chaussures-homme","8":"product_cat-homme","9":"pa_couleur-green","10":"pa_taille-656","12":"first","13":"instock","14":"sale","15":"purchasable","16":"product-type-simple"},"_links":{"self":[{"href":"https:\/\/accrosport.tn\/index.php\/wp-json\/wp\/v2\/product\/31847","targetHints":{"allow":["GET"]}}],"collection":[{"href":"https:\/\/accrosport.tn\/index.php\/wp-json\/wp\/v2\/product"}],"about":[{"href":"https:\/\/accrosport.tn\/index.php\/wp-json\/wp\/v2\/types\/product"}],"wp:featuredmedia":[{"embeddable":true,"href":"https:\/\/accrosport.tn\/index.php\/wp-json\/wp\/v2\/media\/33587"}],"wp:attachment":[{"href":"https:\/\/accrosport.tn\/index.php\/wp-json\/wp\/v2\/media?parent=31847"}],"wp:term":[{"taxonomy":"product_brand","embeddable":true,"href":"https:\/\/accrosport.tn\/index.php\/wp-json\/wp\/v2\/product_brand?post=31847"},{"taxonomy":"product_cat","embeddable":true,"href":"https:\/\/accrosport.tn\/index.php\/wp-json\/wp\/v2\/product_cat?post=31847"},{"taxonomy":"product_tag","embeddable":true,"href":"https:\/\/accrosport.tn\/index.php\/wp-json\/wp\/v2\/product_tag?post=31847"}],"curies":[{"name":"wp","href":"https:\/\/api.w.org\/{rel}","templated":true}]}}