{"id":31834,"date":"2025-10-02T07:21:29","date_gmt":"2025-10-02T07:21:29","guid":{"rendered":"https:\/\/accrosport.tn\/index.php\/product\/c-367-lady-2512-blanco-gris\/"},"modified":"2026-02-28T18:56:41","modified_gmt":"2026-02-28T18:56:41","slug":"c-367-lady-2512-blanco-gris","status":"publish","type":"product","link":"https:\/\/accrosport.tn\/index.php\/product\/c-367-lady-2512-blanco-gris\/","title":{"rendered":"Chaussures casual C.367 Lady 2512 femme blanc gris"},"content":{"rendered":"<p>Chaussures de sport pour femmes. Indiqu\u00e9es pour un usage quotidien dans toutes les activit\u00e9s quotidiennes. Leur design \u00e9l\u00e9gant est inspir\u00e9 du style classique, combin\u00e9 \u00e0 des touches modernes pour suivre les tendances actuelles de la chaussure de sport. De plus, une partie des mat\u00e9riaux utilis\u00e9s sont recycl\u00e9s. Avec elles, Joma rejoint la mode durable.<\/p>\n<p>Tige fabriqu\u00e9e en mesh pour les rendre plus l\u00e9g\u00e8res et respirantes, accompagn\u00e9e de daim de haute qualit\u00e9 et durabilit\u00e9.<\/p>\n<p>Semelle int\u00e9rieure fabriqu\u00e9e \u00e0 partir de mat\u00e9riaux recycl\u00e9s.<\/p>\n<p>Semelle interm\u00e9diaire fabriqu\u00e9e en phylon recycl\u00e9, un mat\u00e9riau l\u00e9ger, flexible et capable d&rsquo;absorber les chocs. Sa fabrication \u00e0 partir de mat\u00e9riaux recycl\u00e9s fait partie de l&rsquo;engagement de Joma pour la protection de la plan\u00e8te. Elle comporte une pi\u00e8ce STABILIS \u00e0 l&rsquo;arri\u00e8re pour stabiliser la foul\u00e9e.<\/p>\n<p>Semelle en caoutchouc DURABILITY \u00e9galement issue de mat\u00e9riaux recycl\u00e9s. L\u00e9g\u00e8re et tr\u00e8s r\u00e9sistante \u00e0 l&rsquo;abrasion.<\/p>\n<ul class=\"featuresul\">\n<li>Semelle interm\u00e9diaire en phylon<\/li>\n<li>Semelle en caoutchouc DURABILITY avec STABILIS int\u00e9gr\u00e9<\/li>\n<li>Forme normale<\/li>\n<\/ul>\n","protected":false},"excerpt":{"rendered":"<p>Chaussures de sport pour femmes. Indiqu\u00e9es pour un usage quotidien dans toutes les activit\u00e9s quotidiennes. Leur design \u00e9l\u00e9gant est inspir\u00e9 du style classique, combin\u00e9 \u00e0 des touches modernes pour suivre les tendances actuelles de la chaussure de sport. De plus, une partie des mat\u00e9riaux utilis\u00e9s sont recycl\u00e9s. Avec elles, Joma rejoint la mode durable.<\/p>\n","protected":false},"featured_media":33608,"template":"","meta":[],"product_brand":[],"product_cat":[80,57,42],"product_tag":[],"class_list":{"0":"post-31834","1":"product","2":"type-product","3":"status-publish","4":"has-post-thumbnail","6":"product_cat-chaussures-casual-femme-tunisie","7":"product_cat-chaussures","8":"product_cat-femme","9":"pa_couleur-white-gray","10":"pa_taille-643","11":"pa_taille-655","12":"pa_taille-644","13":"pa_taille-645","14":"pa_taille-646","16":"first","17":"outofstock","18":"sale","19":"purchasable","20":"product-type-variable"},"_links":{"self":[{"href":"https:\/\/accrosport.tn\/index.php\/wp-json\/wp\/v2\/product\/31834","targetHints":{"allow":["GET"]}}],"collection":[{"href":"https:\/\/accrosport.tn\/index.php\/wp-json\/wp\/v2\/product"}],"about":[{"href":"https:\/\/accrosport.tn\/index.php\/wp-json\/wp\/v2\/types\/product"}],"wp:featuredmedia":[{"embeddable":true,"href":"https:\/\/accrosport.tn\/index.php\/wp-json\/wp\/v2\/media\/33608"}],"wp:attachment":[{"href":"https:\/\/accrosport.tn\/index.php\/wp-json\/wp\/v2\/media?parent=31834"}],"wp:term":[{"taxonomy":"product_brand","embeddable":true,"href":"https:\/\/accrosport.tn\/index.php\/wp-json\/wp\/v2\/product_brand?post=31834"},{"taxonomy":"product_cat","embeddable":true,"href":"https:\/\/accrosport.tn\/index.php\/wp-json\/wp\/v2\/product_cat?post=31834"},{"taxonomy":"product_tag","embeddable":true,"href":"https:\/\/accrosport.tn\/index.php\/wp-json\/wp\/v2\/product_tag?post=31834"}],"curies":[{"name":"wp","href":"https:\/\/api.w.org\/{rel}","templated":true}]}}