{"id":31706,"date":"2025-10-01T11:38:01","date_gmt":"2025-10-01T11:38:01","guid":{"rendered":"https:\/\/accrosport.tn\/index.php\/product\/b-screen-men-2502-white\/"},"modified":"2025-10-01T14:46:12","modified_gmt":"2025-10-01T14:46:12","slug":"b-screen-men-2502-white","status":"publish","type":"product","link":"https:\/\/accrosport.tn\/index.php\/product\/b-screen-men-2502-white\/","title":{"rendered":"Chaussures handball B.Screen Men 25 unisexe blanc"},"content":{"rendered":"<p>Nous pr\u00e9sentons les nouvelles chaussures techniques de handball. Avec les Screen, l&rsquo;innovation se combine avec la performance pour vous offrir l&rsquo;excellence maximale sur le terrain, en s&rsquo;adaptant aux besoins du handball professionnel.<\/p>\n<p>La tige est compos\u00e9e d&rsquo;un m\u00e9lange de maille respirante et de semi-microfibre, des mat\u00e9riaux l\u00e9gers et flexibles qui assurent une ventilation optimale. La maille garde le pied frais en tout temps, tandis que la semi-microfibre offre un ajustement confortable et durable.<\/p>\n<p>La semelle interm\u00e9diaire est fabriqu\u00e9e en PHYLON de haute qualit\u00e9 et technologie STABILIS pour offrir plus de fermet\u00e9 et de stabilit\u00e9. Cette combinaison optimise le confort et la protection contre les mouvements les plus exigeants du jeu.<\/p>\n<p>La semelle en caoutchouc DURABILITY, connue pour sa haute qualit\u00e9 et sa r\u00e9sistance \u00e0 l&rsquo;abrasion, offrant une durabilit\u00e9 exceptionnelle et une traction sur des surfaces compliqu\u00e9es.<\/p>\n","protected":false},"excerpt":{"rendered":"<p>Nous pr\u00e9sentons les nouvelles chaussures techniques de handball. Avec les Screen, l&rsquo;innovation se combine avec la performance pour vous offrir l&rsquo;excellence maximale sur le terrain, en s&rsquo;adaptant aux besoins du handball professionnel.<\/p>\n","protected":false},"featured_media":31762,"template":"","meta":[],"product_brand":[],"product_cat":[78,80,57,61,42,33],"product_tag":[],"class_list":{"0":"post-31706","1":"product","2":"type-product","3":"status-publish","4":"has-post-thumbnail","6":"product_cat-casual","7":"product_cat-chaussures-casual-femme-tunisie","8":"product_cat-chaussures","9":"product_cat-chaussures-homme","10":"product_cat-femme","11":"product_cat-homme","12":"pa_couleur-white","13":"pa_taille-643","14":"pa_taille-655","15":"pa_taille-644","17":"first","18":"outofstock","19":"sale","20":"purchasable","21":"product-type-variable"},"_links":{"self":[{"href":"https:\/\/accrosport.tn\/index.php\/wp-json\/wp\/v2\/product\/31706","targetHints":{"allow":["GET"]}}],"collection":[{"href":"https:\/\/accrosport.tn\/index.php\/wp-json\/wp\/v2\/product"}],"about":[{"href":"https:\/\/accrosport.tn\/index.php\/wp-json\/wp\/v2\/types\/product"}],"wp:featuredmedia":[{"embeddable":true,"href":"https:\/\/accrosport.tn\/index.php\/wp-json\/wp\/v2\/media\/31762"}],"wp:attachment":[{"href":"https:\/\/accrosport.tn\/index.php\/wp-json\/wp\/v2\/media?parent=31706"}],"wp:term":[{"taxonomy":"product_brand","embeddable":true,"href":"https:\/\/accrosport.tn\/index.php\/wp-json\/wp\/v2\/product_brand?post=31706"},{"taxonomy":"product_cat","embeddable":true,"href":"https:\/\/accrosport.tn\/index.php\/wp-json\/wp\/v2\/product_cat?post=31706"},{"taxonomy":"product_tag","embeddable":true,"href":"https:\/\/accrosport.tn\/index.php\/wp-json\/wp\/v2\/product_tag?post=31706"}],"curies":[{"name":"wp","href":"https:\/\/api.w.org\/{rel}","templated":true}]}}