{"id":31698,"date":"2025-10-01T11:38:01","date_gmt":"2025-10-01T11:38:01","guid":{"rendered":"https:\/\/accrosport.tn\/index.php\/product\/mallas-largas-olimpia-marino\/"},"modified":"2025-11-07T23:48:34","modified_gmt":"2025-11-07T23:48:34","slug":"mallas-largas-olimpia-marino","status":"publish","type":"product","link":"https:\/\/accrosport.tn\/index.php\/product\/mallas-largas-olimpia-marino\/","title":{"rendered":"Legging long femme Olimpia bleu marine"},"content":{"rendered":"<p>Collants de course longs. Con\u00e7us pour courir en toute commodit\u00e9. Ils ont une taille \u00e9lastique qui s&rsquo;adapte parfaitement gr\u00e2ce au cordon int\u00e9rieur.<\/p>\n<p>Fabriqu\u00e9s avec un tissu \u00e9lastique, l\u00e9ger et respirant, qui int\u00e8gre des coutures plates Flatlock dans des zones strat\u00e9giques pour \u00e9viter les frottements en courant. Leur \u00e9lasticit\u00e9 permet \u00e0 ces collants de maintenir les muscles, permettant ainsi de faire chaque foul\u00e9e en toute libert\u00e9.<\/p>\n<p>Logo r\u00e9fl\u00e9chissant Joma pour augmenter la visibilit\u00e9 de la sportive dans des conditions de faible luminosit\u00e9.<\/p>\n<ul class=\"featuresul\">\n<li>Inserts en tissu mesh<\/li>\n<li>Tissu \u00e9lastique<\/li>\n<li>Coutures plates Flatlock<\/li>\n<li>Libert\u00e9 de mouvement<\/li>\n<li>Type de coupe : ajust\u00e9e<\/li>\n<li>90% Polyester, 10% \u00c9lasthanne<\/li>\n<\/ul>\n","protected":false},"excerpt":{"rendered":"<p>Legging long de running femme. S&rsquo;ajuste au corps, accompagne vos mouvements, prot\u00e8ge des frottements et permet de courir sans aucune g\u00eane.<\/p>\n","protected":false},"featured_media":31753,"template":"","meta":[],"product_brand":[],"product_cat":[42,58,158],"product_tag":[],"class_list":{"0":"post-31698","1":"product","2":"type-product","3":"status-publish","4":"has-post-thumbnail","6":"product_cat-femme","7":"product_cat-bermudas-et-shorts","8":"product_cat-nouvelle-collection","9":"pa_couleur-navy-blue","10":"pa_taille-l","11":"pa_taille-s","12":"pa_taille-xl","14":"first","15":"outofstock","16":"purchasable","17":"product-type-variable"},"_links":{"self":[{"href":"https:\/\/accrosport.tn\/index.php\/wp-json\/wp\/v2\/product\/31698","targetHints":{"allow":["GET"]}}],"collection":[{"href":"https:\/\/accrosport.tn\/index.php\/wp-json\/wp\/v2\/product"}],"about":[{"href":"https:\/\/accrosport.tn\/index.php\/wp-json\/wp\/v2\/types\/product"}],"wp:featuredmedia":[{"embeddable":true,"href":"https:\/\/accrosport.tn\/index.php\/wp-json\/wp\/v2\/media\/31753"}],"wp:attachment":[{"href":"https:\/\/accrosport.tn\/index.php\/wp-json\/wp\/v2\/media?parent=31698"}],"wp:term":[{"taxonomy":"product_brand","embeddable":true,"href":"https:\/\/accrosport.tn\/index.php\/wp-json\/wp\/v2\/product_brand?post=31698"},{"taxonomy":"product_cat","embeddable":true,"href":"https:\/\/accrosport.tn\/index.php\/wp-json\/wp\/v2\/product_cat?post=31698"},{"taxonomy":"product_tag","embeddable":true,"href":"https:\/\/accrosport.tn\/index.php\/wp-json\/wp\/v2\/product_tag?post=31698"}],"curies":[{"name":"wp","href":"https:\/\/api.w.org\/{rel}","templated":true}]}}