{"id":31683,"date":"2025-10-01T11:37:56","date_gmt":"2025-10-01T11:37:56","guid":{"rendered":"https:\/\/accrosport.tn\/index.php\/product\/camiseta-manga-corta-toletum-vi-negro\/"},"modified":"2025-10-01T15:12:56","modified_gmt":"2025-10-01T15:12:56","slug":"camiseta-manga-corta-toletum-vi-negro","status":"publish","type":"product","link":"https:\/\/accrosport.tn\/index.php\/product\/camiseta-manga-corta-toletum-vi-negro\/","title":{"rendered":"Maillot manches courtes homme TOLETUM VI noir"},"content":{"rendered":"<p>T-shirt \u00e0 manches courtes pour homme, con\u00e7ue pour la pratique du football, offrant des performances exceptionnelles gr\u00e2ce \u00e0 sa combinaison de technologies avanc\u00e9es et de mat\u00e9riaux durables.<\/p>\n<p>Gr\u00e2ce au SYST\u00c8ME MICRO-MESH, situ\u00e9 dans les zones les plus sujettes \u00e0 la transpiration, comme les aisselles, le t-shirt permet au corps de rester frais et sec pendant les moments d&rsquo;intensit\u00e9 maximale. De plus, il pr\u00e9sente des finitions en bord-c\u00f4te au niveau du col et des poignets, offrant un ajustement confortable et s\u00fbr.<\/p>\n<p>Fabriqu\u00e9 \u00e0 100% en polyester recycl\u00e9, ce t-shirt non seulement offre d&rsquo;excellentes performances, mais contribue \u00e9galement \u00e0 la protection de l&rsquo;environnement. Le polyester recycl\u00e9 garantit un v\u00eatement l\u00e9ger, r\u00e9sistant et durable, tout en permettant un s\u00e9chage rapide et une excellente respirabilit\u00e9, essentiels pour maintenir le confort pendant le jeu.<\/p>\n<p>Logo de Joma brod\u00e9.<\/p>\n<ul class=\"featuresul\">\n<li>Manches courtes<\/li>\n<li>Poignets en jersey c\u00f4tel\u00e9<\/li>\n<li>Col rond en jersey c\u00f4tel\u00e9<\/li>\n<li>Tissu \u00e9lastique, l\u00e9ger, respirant et r\u00e9sistant<\/li>\n<li>Technologie Micro-Mesh dans les zones qui transpirent le plus<\/li>\n<li>Fait en polyester recycl\u00e9<\/li>\n<li>Type de coupe : semi fitted<\/li>\n<li>100% Polyester<\/li>\n<\/ul>\n","protected":false},"excerpt":{"rendered":"<p>T-shirt \u00e0 manches courtes pour homme, con\u00e7ue pour la pratique du football, offrant des performances exceptionnelles gr\u00e2ce \u00e0 sa combinaison de technologies avanc\u00e9es et de mat\u00e9riaux durables.<\/p>\n","protected":false},"featured_media":31780,"template":"","meta":[],"product_brand":[],"product_cat":[33,63],"product_tag":[],"class_list":{"0":"post-31683","1":"product","2":"type-product","3":"status-publish","4":"has-post-thumbnail","6":"product_cat-homme","7":"product_cat-polos-et-t-shirt-homme","8":"pa_couleur-noir","9":"pa_taille-2xl","10":"pa_taille-l","11":"pa_taille-m","12":"pa_taille-s","13":"pa_taille-xl","15":"first","16":"outofstock","17":"purchasable","18":"product-type-variable"},"_links":{"self":[{"href":"https:\/\/accrosport.tn\/index.php\/wp-json\/wp\/v2\/product\/31683","targetHints":{"allow":["GET"]}}],"collection":[{"href":"https:\/\/accrosport.tn\/index.php\/wp-json\/wp\/v2\/product"}],"about":[{"href":"https:\/\/accrosport.tn\/index.php\/wp-json\/wp\/v2\/types\/product"}],"wp:featuredmedia":[{"embeddable":true,"href":"https:\/\/accrosport.tn\/index.php\/wp-json\/wp\/v2\/media\/31780"}],"wp:attachment":[{"href":"https:\/\/accrosport.tn\/index.php\/wp-json\/wp\/v2\/media?parent=31683"}],"wp:term":[{"taxonomy":"product_brand","embeddable":true,"href":"https:\/\/accrosport.tn\/index.php\/wp-json\/wp\/v2\/product_brand?post=31683"},{"taxonomy":"product_cat","embeddable":true,"href":"https:\/\/accrosport.tn\/index.php\/wp-json\/wp\/v2\/product_cat?post=31683"},{"taxonomy":"product_tag","embeddable":true,"href":"https:\/\/accrosport.tn\/index.php\/wp-json\/wp\/v2\/product_tag?post=31683"}],"curies":[{"name":"wp","href":"https:\/\/api.w.org\/{rel}","templated":true}]}}