{"id":31670,"date":"2025-10-01T11:37:51","date_gmt":"2025-10-01T11:37:51","guid":{"rendered":"https:\/\/accrosport.tn\/index.php\/product\/camiseta-manga-corta-r-night-iconic-azul\/"},"modified":"2026-03-11T12:46:39","modified_gmt":"2026-03-11T12:46:39","slug":"camiseta-manga-corta-r-night-iconic-azul","status":"publish","type":"product","link":"https:\/\/accrosport.tn\/index.php\/product\/camiseta-manga-corta-r-night-iconic-azul\/","title":{"rendered":"Maillot manches courtes homme R-Night Iconic bleu"},"content":{"rendered":"<p>T-shirt \u00e0 manches courtes. Mod\u00e8le pour homme fabriqu\u00e9 avec un tissu ultral\u00e9ger d\u00e9velopp\u00e9 pour les sports n\u00e9cessitant des niveaux \u00e9lev\u00e9s de l\u00e9g\u00e8ret\u00e9 et de respirabilit\u00e9, comme la course \u00e0 pied.<\/p>\n<p>Il int\u00e8gre un col rond et un covertape pour limiter les frottements. Les manches sont de type raglan pour favoriser la libert\u00e9 de mouvement.<\/p>\n<p>Il est fabriqu\u00e9 avec un tissu tr\u00e8s l\u00e9ger et respirant gr\u00e2ce \u00e0 la technologie MICRO-MESH SYSTEM. Il offre un confort optimal au sportif tout en aidant \u00e0 \u00e9vacuer la transpiration et \u00e0 maintenir une temp\u00e9rature corporelle constante.<\/p>\n<p>Logo Joma sur l&rsquo;\u00e9tiquette tiss\u00e9e.<\/p>\n<ul class=\"featuresul\">\n<li>Manches courtes de type raglan<\/li>\n<li>Col rond<\/li>\n<li>Tissu l\u00e9ger et respirant<\/li>\n<li>Technologie Micro-Mesh dans les zones qui transpirent le plus<\/li>\n<li>Poids de 65 gr en taille M<\/li>\n<li>Type de coupe : semi fitted<\/li>\n<li>100% Polyester<\/li>\n<\/ul>\n","protected":false},"excerpt":{"rendered":"<p>T-shirt \u00e0 manches courtes. Mod\u00e8le pour homme fabriqu\u00e9 avec un tissu ultral\u00e9ger d\u00e9velopp\u00e9 pour les sports n\u00e9cessitant des niveaux \u00e9lev\u00e9s de l\u00e9g\u00e8ret\u00e9 et de respirabilit\u00e9, comme la course \u00e0 pied. Il int\u00e8gre un col rond et un covertape pour limiter les frottements. Les manches sont de type raglan pour favoriser la libert\u00e9 de mouvement. Il [&hellip;]<\/p>\n","protected":false},"featured_media":31813,"template":"","meta":[],"product_brand":[],"product_cat":[15],"product_tag":[],"class_list":{"0":"post-31670","1":"product","2":"type-product","3":"status-publish","4":"has-post-thumbnail","6":"product_cat-fitness","7":"pa_couleur-blue","8":"pa_taille-2xl","9":"pa_taille-l","10":"pa_taille-m","11":"pa_taille-s","12":"pa_taille-xl","14":"first","15":"outofstock","16":"purchasable","17":"product-type-variable"},"_links":{"self":[{"href":"https:\/\/accrosport.tn\/index.php\/wp-json\/wp\/v2\/product\/31670","targetHints":{"allow":["GET"]}}],"collection":[{"href":"https:\/\/accrosport.tn\/index.php\/wp-json\/wp\/v2\/product"}],"about":[{"href":"https:\/\/accrosport.tn\/index.php\/wp-json\/wp\/v2\/types\/product"}],"wp:featuredmedia":[{"embeddable":true,"href":"https:\/\/accrosport.tn\/index.php\/wp-json\/wp\/v2\/media\/31813"}],"wp:attachment":[{"href":"https:\/\/accrosport.tn\/index.php\/wp-json\/wp\/v2\/media?parent=31670"}],"wp:term":[{"taxonomy":"product_brand","embeddable":true,"href":"https:\/\/accrosport.tn\/index.php\/wp-json\/wp\/v2\/product_brand?post=31670"},{"taxonomy":"product_cat","embeddable":true,"href":"https:\/\/accrosport.tn\/index.php\/wp-json\/wp\/v2\/product_cat?post=31670"},{"taxonomy":"product_tag","embeddable":true,"href":"https:\/\/accrosport.tn\/index.php\/wp-json\/wp\/v2\/product_tag?post=31670"}],"curies":[{"name":"wp","href":"https:\/\/api.w.org\/{rel}","templated":true}]}}