{"id":31666,"date":"2025-10-01T11:37:51","date_gmt":"2025-10-01T11:37:51","guid":{"rendered":"https:\/\/accrosport.tn\/index.php\/product\/camiseta-manga-corta-challenge-lima\/"},"modified":"2025-10-01T15:45:18","modified_gmt":"2025-10-01T15:45:18","slug":"camiseta-manga-corta-challenge-lima","status":"publish","type":"product","link":"https:\/\/accrosport.tn\/index.php\/product\/camiseta-manga-corta-challenge-lima\/","title":{"rendered":"Maillot manches courtes homme Challenge vert citron"},"content":{"rendered":"<p>T-shirt \u00e0 manches courtes pour homme. Mod\u00e8le technique d\u00e9velopp\u00e9 pour le padel. Ce t-shirt ultra-respirant int\u00e8gre une technologie destin\u00e9e \u00e0 l&rsquo;\u00e9vacuation de la transpiration. Il pr\u00e9sente un col rond et un covertape int\u00e9rieur pour limiter les frottements dans la zone. Il a \u00e9t\u00e9 fabriqu\u00e9 avec un tissu technique, l\u00e9ger et respirant. Presque tout le v\u00eatement est dot\u00e9 de la technologie MICRO-MESH SYSTEM, qui aide \u00e0 \u00e9liminer l&rsquo;humidit\u00e9, \u00e0 maintenir la temp\u00e9rature corporelle constante et \u00e0 contr\u00f4ler les odeurs corporelles. De plus, il assure la libert\u00e9 de mouvement. Logo Joma en impression haute densit\u00e9.<\/p>\n<ul class=\"featuresul\">\n<li>Manches courtes<\/li>\n<li>Col rond<\/li>\n<li>Tissu \u00e9lastique, l\u00e9ger, respirant et r\u00e9sistant<\/li>\n<li>Technologie Micro-Mesh dans les zones qui transpirent le plus<\/li>\n<li>Limite les mauvaises odeurs<\/li>\n<li>Finitions d\u00e9coup\u00e9es au laser thermosoud\u00e9es<\/li>\n<li>D\u00e9tails en impression<\/li>\n<li>Libert\u00e9 de mouvement<\/li>\n<li>Type de coupe : semi fitted<\/li>\n<li>57% Nylon, 43% Polyester<\/li>\n<\/ul>\n","protected":false},"excerpt":{"rendered":"<p>T-shirt \u00e0 manches courtes pour homme. Mod\u00e8le technique d\u00e9velopp\u00e9 pour le padel. Ce t-shirt ultra-respirant int\u00e8gre une technologie destin\u00e9e \u00e0 l&rsquo;\u00e9vacuation de la transpiration. Il pr\u00e9sente un col rond et un covertape int\u00e9rieur pour limiter les frottements dans la zone.<\/p>\n","protected":false},"featured_media":31801,"template":"","meta":[],"product_brand":[],"product_cat":[33,63],"product_tag":[],"class_list":{"0":"post-31666","1":"product","2":"type-product","3":"status-publish","4":"has-post-thumbnail","6":"product_cat-homme","7":"product_cat-polos-et-t-shirt-homme","8":"pa_couleur-lime","9":"pa_taille-2xl","10":"pa_taille-m","11":"pa_taille-s","13":"first","14":"outofstock","15":"purchasable","16":"product-type-variable"},"_links":{"self":[{"href":"https:\/\/accrosport.tn\/index.php\/wp-json\/wp\/v2\/product\/31666","targetHints":{"allow":["GET"]}}],"collection":[{"href":"https:\/\/accrosport.tn\/index.php\/wp-json\/wp\/v2\/product"}],"about":[{"href":"https:\/\/accrosport.tn\/index.php\/wp-json\/wp\/v2\/types\/product"}],"wp:featuredmedia":[{"embeddable":true,"href":"https:\/\/accrosport.tn\/index.php\/wp-json\/wp\/v2\/media\/31801"}],"wp:attachment":[{"href":"https:\/\/accrosport.tn\/index.php\/wp-json\/wp\/v2\/media?parent=31666"}],"wp:term":[{"taxonomy":"product_brand","embeddable":true,"href":"https:\/\/accrosport.tn\/index.php\/wp-json\/wp\/v2\/product_brand?post=31666"},{"taxonomy":"product_cat","embeddable":true,"href":"https:\/\/accrosport.tn\/index.php\/wp-json\/wp\/v2\/product_cat?post=31666"},{"taxonomy":"product_tag","embeddable":true,"href":"https:\/\/accrosport.tn\/index.php\/wp-json\/wp\/v2\/product_tag?post=31666"}],"curies":[{"name":"wp","href":"https:\/\/api.w.org\/{rel}","templated":true}]}}