{"id":31650,"date":"2025-10-01T11:37:45","date_gmt":"2025-10-01T11:37:45","guid":{"rendered":"https:\/\/accrosport.tn\/index.php\/product\/camiseta-manga-corta-torneo-negro-antracita\/"},"modified":"2026-03-11T12:46:39","modified_gmt":"2026-03-11T12:46:39","slug":"camiseta-manga-corta-torneo-negro-antracita","status":"publish","type":"product","link":"https:\/\/accrosport.tn\/index.php\/product\/camiseta-manga-corta-torneo-negro-antracita\/","title":{"rendered":"Maillot manches courtes homme Torneo noir anthracite"},"content":{"rendered":"<p>T-shirt \u00e0 manches courtes pour homme. Le T-shirt Tournoi est un v\u00eatement technique de haute performance riche en technologie. Il a \u00e9t\u00e9 d\u00e9velopp\u00e9 pour la pratique professionnelle du paddle, offrant les meilleures performances en termes de l\u00e9g\u00e8ret\u00e9, de respirabilit\u00e9 et de libert\u00e9 de mouvement.<\/p>\n<p>Il pr\u00e9sente un col rond avec un covertape int\u00e9rieur anti-frottement et un motif ergonomique pour mieux s&rsquo;adapter \u00e0 l&rsquo;anatomie du sportif.<\/p>\n<p>Fabriqu\u00e9 \u00e0 partir d&rsquo;un tissu super l\u00e9ger et \u00e9lastique fini en jacquard. Au niveau des aisselles et de la zone lombaire, il int\u00e8gre la technologie MICRO-MESH SYSTEM, qui aide \u00e0 contr\u00f4ler la temp\u00e9rature et les odeurs corporelles. De plus, des perforations d\u00e9coup\u00e9es au laser ont \u00e9t\u00e9 ajout\u00e9es dans le dos pour faciliter la ventilation de la transpiration. Le r\u00e9sultat est un v\u00eatement offrant un niveau de respirabilit\u00e9 maximal.<\/p>\n<p>Logo Joma en impression 3D haute densit\u00e9.<\/p>\n<ul class=\"featuresul\">\n<li>Manches courtes<\/li>\n<li>Col rond<\/li>\n<li>Tissu \u00e9lastique, l\u00e9ger et respirant<\/li>\n<li>Inclut un syst\u00e8me de ventilation dans les zones de transpiration excessive<\/li>\n<li>Finitions d\u00e9coup\u00e9es au laser<\/li>\n<li>Design en sublimation<\/li>\n<li>Libert\u00e9 de mouvement<\/li>\n<li>Type de coupe : semi fitted<\/li>\n<li>77% Polyester, 23% Spandex<\/li>\n<\/ul>\n","protected":false},"excerpt":{"rendered":"<p>T-shirt \u00e0 manches courtes pour homme. Le T-shirt Tournoi est un v\u00eatement technique de haute performance riche en technologie. Il a \u00e9t\u00e9 d\u00e9velopp\u00e9 pour la pratique professionnelle du paddle, offrant les meilleures performances en termes de l\u00e9g\u00e8ret\u00e9, de respirabilit\u00e9 et de libert\u00e9 de mouvement.<\/p>\n","protected":false},"featured_media":32088,"template":"","meta":[],"product_brand":[],"product_cat":[33,63],"product_tag":[],"class_list":{"0":"post-31650","1":"product","2":"type-product","3":"status-publish","4":"has-post-thumbnail","6":"product_cat-homme","7":"product_cat-polos-et-t-shirt-homme","8":"pa_couleur-black-dark-gray","9":"pa_taille-2xl","10":"pa_taille-l","11":"pa_taille-m","12":"pa_taille-s","13":"pa_taille-xl","15":"first","16":"outofstock","17":"purchasable","18":"product-type-variable"},"_links":{"self":[{"href":"https:\/\/accrosport.tn\/index.php\/wp-json\/wp\/v2\/product\/31650","targetHints":{"allow":["GET"]}}],"collection":[{"href":"https:\/\/accrosport.tn\/index.php\/wp-json\/wp\/v2\/product"}],"about":[{"href":"https:\/\/accrosport.tn\/index.php\/wp-json\/wp\/v2\/types\/product"}],"wp:featuredmedia":[{"embeddable":true,"href":"https:\/\/accrosport.tn\/index.php\/wp-json\/wp\/v2\/media\/32088"}],"wp:attachment":[{"href":"https:\/\/accrosport.tn\/index.php\/wp-json\/wp\/v2\/media?parent=31650"}],"wp:term":[{"taxonomy":"product_brand","embeddable":true,"href":"https:\/\/accrosport.tn\/index.php\/wp-json\/wp\/v2\/product_brand?post=31650"},{"taxonomy":"product_cat","embeddable":true,"href":"https:\/\/accrosport.tn\/index.php\/wp-json\/wp\/v2\/product_cat?post=31650"},{"taxonomy":"product_tag","embeddable":true,"href":"https:\/\/accrosport.tn\/index.php\/wp-json\/wp\/v2\/product_tag?post=31650"}],"curies":[{"name":"wp","href":"https:\/\/api.w.org\/{rel}","templated":true}]}}