{"id":31643,"date":"2025-10-01T11:37:45","date_gmt":"2025-10-01T11:37:45","guid":{"rendered":"https:\/\/accrosport.tn\/index.php\/product\/camiseta-manga-corta-olimpiada-rojo\/"},"modified":"2025-10-02T07:26:49","modified_gmt":"2025-10-02T07:26:49","slug":"camiseta-manga-corta-olimpiada-rojo","status":"publish","type":"product","link":"https:\/\/accrosport.tn\/index.php\/product\/camiseta-manga-corta-olimpiada-rojo\/","title":{"rendered":"Maillot manches courtes homme Olimpiada rouge"},"content":{"rendered":"<p>T-shirt \u00e0 manches courtes pour homme. Il s&rsquo;agit d&rsquo;un t-shirt polyvalent pour plusieurs sports, qui peut \u00eatre utilis\u00e9 dans diff\u00e9rentes activit\u00e9s physiques. De plus, il est \u00e9cologique car il est enti\u00e8rement fabriqu\u00e9 \u00e0 partir de tissu recycl\u00e9.<\/p>\n<p>Il dispose d&rsquo;un col rond en tissu de base avec une bande \u00e9lastique int\u00e9rieure pour pr\u00e9venir les irritations et am\u00e9liorer l&rsquo;ajustement.<\/p>\n<p>Fabrication \u00e0 100% en polyester recycl\u00e9 dans un processus respectueux de l&rsquo;environnement. En effet, il est obtenu \u00e0 partir de plastiques recycl\u00e9s. De plus, ce mat\u00e9riau se distingue par sa r\u00e9sistance, son \u00e9lasticit\u00e9 et sa respirabilit\u00e9. Libert\u00e9 de mouvement garantie.<\/p>\n<p>Design avec des d\u00e9tails personnalis\u00e9s sur les \u00e9paules. Logo Joma brod\u00e9.<\/p>\n","protected":false},"excerpt":{"rendered":"<p>T-shirt \u00e0 manches courtes pour homme. Il s&rsquo;agit d&rsquo;un t-shirt polyvalent pour plusieurs sports, qui peut \u00eatre utilis\u00e9 dans diff\u00e9rentes activit\u00e9s physiques. De plus, il est \u00e9cologique car il est enti\u00e8rement fabriqu\u00e9 \u00e0 partir de tissu recycl\u00e9.<\/p>\n","protected":false},"featured_media":32074,"template":"","meta":[],"product_brand":[],"product_cat":[33,63],"product_tag":[],"class_list":{"0":"post-31643","1":"product","2":"type-product","3":"status-publish","4":"has-post-thumbnail","6":"product_cat-homme","7":"product_cat-polos-et-t-shirt-homme","8":"pa_couleur-red","9":"pa_taille-s","11":"first","12":"instock","13":"purchasable","14":"product-type-simple"},"_links":{"self":[{"href":"https:\/\/accrosport.tn\/index.php\/wp-json\/wp\/v2\/product\/31643","targetHints":{"allow":["GET"]}}],"collection":[{"href":"https:\/\/accrosport.tn\/index.php\/wp-json\/wp\/v2\/product"}],"about":[{"href":"https:\/\/accrosport.tn\/index.php\/wp-json\/wp\/v2\/types\/product"}],"wp:featuredmedia":[{"embeddable":true,"href":"https:\/\/accrosport.tn\/index.php\/wp-json\/wp\/v2\/media\/32074"}],"wp:attachment":[{"href":"https:\/\/accrosport.tn\/index.php\/wp-json\/wp\/v2\/media?parent=31643"}],"wp:term":[{"taxonomy":"product_brand","embeddable":true,"href":"https:\/\/accrosport.tn\/index.php\/wp-json\/wp\/v2\/product_brand?post=31643"},{"taxonomy":"product_cat","embeddable":true,"href":"https:\/\/accrosport.tn\/index.php\/wp-json\/wp\/v2\/product_cat?post=31643"},{"taxonomy":"product_tag","embeddable":true,"href":"https:\/\/accrosport.tn\/index.php\/wp-json\/wp\/v2\/product_tag?post=31643"}],"curies":[{"name":"wp","href":"https:\/\/api.w.org\/{rel}","templated":true}]}}