{"id":31630,"date":"2025-10-01T11:37:40","date_gmt":"2025-10-01T11:37:40","guid":{"rendered":"https:\/\/accrosport.tn\/index.php\/product\/camiseta-manga-corta-r-night-negro\/"},"modified":"2025-10-02T08:17:02","modified_gmt":"2025-10-02T08:17:02","slug":"camiseta-manga-corta-r-night-negro","status":"publish","type":"product","link":"https:\/\/accrosport.tn\/index.php\/product\/camiseta-manga-corta-r-night-negro\/","title":{"rendered":"Maillot manches courtes homme R-Night noir"},"content":{"rendered":"<p>T-shirt \u00e0 manches courtes pour homme. Ce t-shirt technique de running en tissu haute performance offre le meilleur en termes de l\u00e9g\u00e8ret\u00e9 et de respirabilit\u00e9. Il comporte un col rond et une bande int\u00e9rieure personnalis\u00e9e pour limiter les frottements sur la peau. Fabriqu\u00e9 dans un tissu tr\u00e8s l\u00e9ger, \u00e9lastique et respirant, fini en jacquard pour permettre l&rsquo;\u00e9vacuation de la transpiration. La technologie MICRO-MESH SYSTEM situ\u00e9e sous les aisselles contribue \u00e0 cette sensation, tandis que les perforations dans le dos assurent la ventilation. Design \u00e9quip\u00e9 d&rsquo;un effet emboss\u00e9 et de d\u00e9tails r\u00e9fl\u00e9chissants \u00e0 effet iris\u00e9, garantissant la visibilit\u00e9 du coureur dans des conditions de faible luminosit\u00e9.<\/p>\n<ul class=\"featuresul\">\n<li>Manches courtes<\/li>\n<li>Col rond<\/li>\n<li>Tissu \u00e9lastique, l\u00e9ger et respirant<\/li>\n<li>Technologie Micro-Mesh dans les zones qui transpirent le plus<\/li>\n<li>D\u00e9tails \u00e0 effet r\u00e9fl\u00e9chissant<\/li>\n<li>Type de coupe : semi fitted<\/li>\n<li>Tissu principal 94% Polyester, 6% Spandex \/ Tissu contrastant 88% Polyester, 12% Spandex<\/li>\n<\/ul>\n","protected":false},"excerpt":{"rendered":"<p>T-shirt \u00e0 manches courtes pour homme. Ce t-shirt technique de running en tissu haute performance offre le meilleur en termes de l\u00e9g\u00e8ret\u00e9 et de respirabilit\u00e9.<\/p>\n","protected":false},"featured_media":32104,"template":"","meta":[],"product_brand":[],"product_cat":[33,63],"product_tag":[],"class_list":{"0":"post-31630","1":"product","2":"type-product","3":"status-publish","4":"has-post-thumbnail","6":"product_cat-homme","7":"product_cat-polos-et-t-shirt-homme","8":"pa_couleur-noir","9":"pa_taille-2xl","10":"pa_taille-l","11":"pa_taille-m","12":"pa_taille-s","13":"pa_taille-xl","15":"first","16":"outofstock","17":"purchasable","18":"product-type-variable"},"_links":{"self":[{"href":"https:\/\/accrosport.tn\/index.php\/wp-json\/wp\/v2\/product\/31630","targetHints":{"allow":["GET"]}}],"collection":[{"href":"https:\/\/accrosport.tn\/index.php\/wp-json\/wp\/v2\/product"}],"about":[{"href":"https:\/\/accrosport.tn\/index.php\/wp-json\/wp\/v2\/types\/product"}],"wp:featuredmedia":[{"embeddable":true,"href":"https:\/\/accrosport.tn\/index.php\/wp-json\/wp\/v2\/media\/32104"}],"wp:attachment":[{"href":"https:\/\/accrosport.tn\/index.php\/wp-json\/wp\/v2\/media?parent=31630"}],"wp:term":[{"taxonomy":"product_brand","embeddable":true,"href":"https:\/\/accrosport.tn\/index.php\/wp-json\/wp\/v2\/product_brand?post=31630"},{"taxonomy":"product_cat","embeddable":true,"href":"https:\/\/accrosport.tn\/index.php\/wp-json\/wp\/v2\/product_cat?post=31630"},{"taxonomy":"product_tag","embeddable":true,"href":"https:\/\/accrosport.tn\/index.php\/wp-json\/wp\/v2\/product_tag?post=31630"}],"curies":[{"name":"wp","href":"https:\/\/api.w.org\/{rel}","templated":true}]}}