{"id":31625,"date":"2025-10-01T11:37:40","date_gmt":"2025-10-01T11:37:40","guid":{"rendered":"https:\/\/accrosport.tn\/index.php\/product\/camiseta-manga-corta-r-city-azul\/"},"modified":"2026-03-11T12:46:39","modified_gmt":"2026-03-11T12:46:39","slug":"camiseta-manga-corta-r-city-azul","status":"publish","type":"product","link":"https:\/\/accrosport.tn\/index.php\/product\/camiseta-manga-corta-r-city-azul\/","title":{"rendered":"Maillot manches courtes homme R-City bleu"},"content":{"rendered":"<p>T-shirt \u00e0 manches courtes pour homme. Mod\u00e8le technique de running fabriqu\u00e9 avec un tissu haute performance, super respirant pour augmenter la ventilation de la transpiration et offrir du confort pendant les entra\u00eenements.<\/p>\n<p>Il int\u00e8gre un col rond \u00e9lastique pour optimiser la libert\u00e9 de mouvement du coureur, accompagn\u00e9 d&rsquo;un covertape personnalis\u00e9 \u00e0 l&rsquo;int\u00e9rieur pour pr\u00e9venir les frottements. Il a \u00e9galement des ouvertures sur les c\u00f4t\u00e9s pour augmenter la longueur de la foul\u00e9e.<\/p>\n<p>Il est fabriqu\u00e9 dans un tissu \u00e9lastique, l\u00e9ger et respirant gr\u00e2ce \u00e0 la technologie MICRO-MESH SYSTEM, qui aide \u00e0 maintenir une temp\u00e9rature corporelle constante en tout temps. Dans les zones de transpiration les plus importantes (poitrine et c\u00f4t\u00e9s), il comporte des perforations d\u00e9coup\u00e9es au laser destin\u00e9es \u00e0 la ventilation de la transpiration.<\/p>\n<p>Design \u00e9quip\u00e9 de d\u00e9tails r\u00e9fl\u00e9chissants, qui am\u00e9liorent la visibilit\u00e9 du coureur et donc sa s\u00e9curit\u00e9.<\/p>\n<ul class=\"featuresul\">\n<li>Manches courtes<\/li>\n<li>Col rond<\/li>\n<li>Tissu \u00e9lastique et respirant<\/li>\n<li>Technologie Micro-Mesh dans les zones qui transpirent le plus<\/li>\n<li>Finitions d\u00e9coup\u00e9es au laser<\/li>\n<li>D\u00e9tails \u00e0 effet r\u00e9fl\u00e9chissant<\/li>\n<li>Type de coupe : semi fitted<\/li>\n<li>93% Polyester, 7% Spandex<\/li>\n<\/ul>\n","protected":false},"excerpt":{"rendered":"<p>T-shirt \u00e0 manches courtes pour homme. Mod\u00e8le technique de running fabriqu\u00e9 avec un tissu haute performance, super respirant pour augmenter la ventilation de la transpiration et offrir du confort pendant les entra\u00eenements.<\/p>\n","protected":false},"featured_media":32099,"template":"","meta":[],"product_brand":[],"product_cat":[33,63],"product_tag":[],"class_list":{"0":"post-31625","1":"product","2":"type-product","3":"status-publish","4":"has-post-thumbnail","6":"product_cat-homme","7":"product_cat-polos-et-t-shirt-homme","8":"pa_couleur-blue","9":"pa_taille-2xl","10":"pa_taille-l","11":"pa_taille-m","12":"pa_taille-xl","14":"first","15":"outofstock","16":"purchasable","17":"product-type-variable"},"_links":{"self":[{"href":"https:\/\/accrosport.tn\/index.php\/wp-json\/wp\/v2\/product\/31625","targetHints":{"allow":["GET"]}}],"collection":[{"href":"https:\/\/accrosport.tn\/index.php\/wp-json\/wp\/v2\/product"}],"about":[{"href":"https:\/\/accrosport.tn\/index.php\/wp-json\/wp\/v2\/types\/product"}],"wp:featuredmedia":[{"embeddable":true,"href":"https:\/\/accrosport.tn\/index.php\/wp-json\/wp\/v2\/media\/32099"}],"wp:attachment":[{"href":"https:\/\/accrosport.tn\/index.php\/wp-json\/wp\/v2\/media?parent=31625"}],"wp:term":[{"taxonomy":"product_brand","embeddable":true,"href":"https:\/\/accrosport.tn\/index.php\/wp-json\/wp\/v2\/product_brand?post=31625"},{"taxonomy":"product_cat","embeddable":true,"href":"https:\/\/accrosport.tn\/index.php\/wp-json\/wp\/v2\/product_cat?post=31625"},{"taxonomy":"product_tag","embeddable":true,"href":"https:\/\/accrosport.tn\/index.php\/wp-json\/wp\/v2\/product_tag?post=31625"}],"curies":[{"name":"wp","href":"https:\/\/api.w.org\/{rel}","templated":true}]}}