{"id":31616,"date":"2025-10-01T11:37:35","date_gmt":"2025-10-01T11:37:35","guid":{"rendered":"https:\/\/accrosport.tn\/index.php\/product\/camiseta-manga-corta-elite-xi-marino-blanco\/"},"modified":"2025-10-02T08:50:54","modified_gmt":"2025-10-02T08:50:54","slug":"camiseta-manga-corta-elite-xi-marino-blanco","status":"publish","type":"product","link":"https:\/\/accrosport.tn\/index.php\/product\/camiseta-manga-corta-elite-xi-marino-blanco\/","title":{"rendered":"Maillot manches courtes homme Elite XI bleu marine blanc"},"content":{"rendered":"<p>T-shirt \u00e0 manches courtes pour homme. Ce t-shirt technique de course est l\u00e9ger, \u00e9lastique et respirant. Il vous aidera \u00e0 maintenir votre rythme et vos performances tout au long de la course.<\/p>\n<p>Il a un col rond en tissu de base. \u00c0 l&rsquo;arri\u00e8re, des perforations ont \u00e9t\u00e9 ajout\u00e9es pour optimiser la ventilation de la transpiration dans l&rsquo;une des zones o\u00f9 elle s&rsquo;accumule le plus. La construction du t-shirt a \u00e9t\u00e9 r\u00e9alis\u00e9e avec des finitions d\u00e9coup\u00e9es au laser. Cette technologie vise \u00e0 am\u00e9liorer le confort du coureur en pr\u00e9venant les frottements et en le rendant plus l\u00e9ger.<\/p>\n<p>En ce qui concerne la fabrication, il a \u00e9t\u00e9 confectionn\u00e9 avec un tissu tr\u00e8s l\u00e9ger, \u00e9lastique et respirant. Ainsi, le corps restera frais et sec en tout temps. Utilisation recommand\u00e9e surtout par temps chaud. Libert\u00e9 de mouvement assur\u00e9e.<\/p>\n<p>Design sublim\u00e9 sur les manches.<\/p>\n<p>Logo Joma en impression.<\/p>\n<ul class=\"featuresul\">\n<li>Col rond<\/li>\n<li>Tissu \u00e9lastique, l\u00e9ger et respirant<\/li>\n<li>S\u00e9chage rapide<\/li>\n<li>Finitions d\u00e9coup\u00e9es au laser<\/li>\n<li>Libert\u00e9 de mouvement<\/li>\n<li>Type de coupe : semi fitted<\/li>\n<li>90% Polyester, 10% Spandex<\/li>\n<\/ul>\n","protected":false},"excerpt":{"rendered":"<p>T-shirt \u00e0 manches courtes pour homme. Ce t-shirt technique de course est l\u00e9ger, \u00e9lastique et respirant. Il vous aidera \u00e0 maintenir votre rythme et vos performances tout au long de la course.<\/p>\n","protected":false},"featured_media":32133,"template":"","meta":[],"product_brand":[],"product_cat":[33,63],"product_tag":[],"class_list":{"0":"post-31616","1":"product","2":"type-product","3":"status-publish","4":"has-post-thumbnail","6":"product_cat-homme","7":"product_cat-polos-et-t-shirt-homme","8":"pa_couleur-navy-blue-white","9":"pa_taille-l","10":"pa_taille-m","12":"first","13":"outofstock","14":"purchasable","15":"product-type-variable"},"_links":{"self":[{"href":"https:\/\/accrosport.tn\/index.php\/wp-json\/wp\/v2\/product\/31616","targetHints":{"allow":["GET"]}}],"collection":[{"href":"https:\/\/accrosport.tn\/index.php\/wp-json\/wp\/v2\/product"}],"about":[{"href":"https:\/\/accrosport.tn\/index.php\/wp-json\/wp\/v2\/types\/product"}],"wp:featuredmedia":[{"embeddable":true,"href":"https:\/\/accrosport.tn\/index.php\/wp-json\/wp\/v2\/media\/32133"}],"wp:attachment":[{"href":"https:\/\/accrosport.tn\/index.php\/wp-json\/wp\/v2\/media?parent=31616"}],"wp:term":[{"taxonomy":"product_brand","embeddable":true,"href":"https:\/\/accrosport.tn\/index.php\/wp-json\/wp\/v2\/product_brand?post=31616"},{"taxonomy":"product_cat","embeddable":true,"href":"https:\/\/accrosport.tn\/index.php\/wp-json\/wp\/v2\/product_cat?post=31616"},{"taxonomy":"product_tag","embeddable":true,"href":"https:\/\/accrosport.tn\/index.php\/wp-json\/wp\/v2\/product_tag?post=31616"}],"curies":[{"name":"wp","href":"https:\/\/api.w.org\/{rel}","templated":true}]}}