{"id":31606,"date":"2025-10-01T11:37:35","date_gmt":"2025-10-01T11:37:35","guid":{"rendered":"https:\/\/accrosport.tn\/index.php\/product\/camiseta-manga-corta-ranking-azul\/"},"modified":"2026-03-11T12:46:38","modified_gmt":"2026-03-11T12:46:38","slug":"camiseta-manga-corta-ranking-azul","status":"publish","type":"product","link":"https:\/\/accrosport.tn\/index.php\/product\/camiseta-manga-corta-ranking-azul\/","title":{"rendered":"Maillot manches courtes homme Ranking bleu"},"content":{"rendered":"<p>T-shirt \u00e0 manches courtes pour homme. Il s&rsquo;agit d&rsquo;un t-shirt technique super confortable, indiqu\u00e9 pour s&rsquo;entra\u00eener et jouer \u00e0 des sports de raquette, comme le padel. Avec des zones destin\u00e9es \u00e0 la ventilation de la transpiration pour un niveau de confort sup\u00e9rieur. Excellente libert\u00e9 de mouvement.<\/p>\n<p>Il int\u00e8gre un col rond en tissu \u00e9lastique de base et un covertape int\u00e9rieur pour limiter les frottements dans la zone. Les coutures des \u00e9paules, des manches et du bas sont thermosoud\u00e9es pour maintenir la l\u00e9g\u00e8ret\u00e9 et \u00e9viter les g\u00eanes caus\u00e9es par la friction.<\/p>\n<p>Il a \u00e9t\u00e9 fabriqu\u00e9 avec un tissu l\u00e9ger, r\u00e9sistant et respirant. Les perforations VTS situ\u00e9es dans les parties o\u00f9 l&rsquo;humidit\u00e9 s&rsquo;accumule le plus contribuent \u00e0 cela : le dos central, les c\u00f4t\u00e9s et la poitrine. Pour les ins\u00e9rer, la technique de d\u00e9coupe au laser a \u00e9t\u00e9 utilis\u00e9e. D&rsquo;autre part, les fibres \u00e9lastiques offrent un ajustement sup\u00e9rieur et une libert\u00e9 de mouvement totale, ainsi que les ouvertures lat\u00e9rales du bas, qui augmentent la longueur de la foul\u00e9e.<\/p>\n<p>Le design du t-shirt est r\u00e9fl\u00e9chissant \u00e0 360\u00ba, c&rsquo;est-\u00e0-dire qu&rsquo;il comporte des d\u00e9tails r\u00e9fl\u00e9chissants qui augmentent la visibilit\u00e9 du joueur de tous les c\u00f4t\u00e9s. Le logo Joma est en silicone thermoscell\u00e9 avec la technologie JOMA SPORTECH, qui n&rsquo;ajoute pas de poids suppl\u00e9mentaire et am\u00e9liore le confort.<\/p>\n<ul class=\"featuresul\">\n<li>Col rond<\/li>\n<li>Tissu l\u00e9ger, respirant et r\u00e9sistant<\/li>\n<li>Inclut un syst\u00e8me de ventilation dans les zones de transpiration excessive<\/li>\n<li>Coutures thermosoud\u00e9es<\/li>\n<li>D\u00e9tails en impression<\/li>\n<li>Libert\u00e9 de mouvement<\/li>\n<li>Type de coupe : semi fitted<\/li>\n<li>93% Polyester, 7% Spandex<\/li>\n<\/ul>\n","protected":false},"excerpt":{"rendered":"<p>T-shirt \u00e0 manches courtes con\u00e7ue pour la pratique des sports de raquette. Ce t-shirt technique de padel a \u00e9t\u00e9 fabriqu\u00e9 avec un tissu l\u00e9ger et respirant, accompagn\u00e9 de perforations qui assurent une ventilation correcte de la transpiration. Son \u00e9lasticit\u00e9 permet une totale libert\u00e9 de mouvement pendant le jeu.<\/p>\n","protected":false},"featured_media":32125,"template":"","meta":[],"product_brand":[],"product_cat":[33,63],"product_tag":[],"class_list":{"0":"post-31606","1":"product","2":"type-product","3":"status-publish","4":"has-post-thumbnail","6":"product_cat-homme","7":"product_cat-polos-et-t-shirt-homme","8":"pa_couleur-blue","9":"pa_taille-2xl","10":"pa_taille-l","11":"pa_taille-m","12":"pa_taille-s","13":"pa_taille-xl","15":"first","16":"outofstock","17":"purchasable","18":"product-type-variable"},"_links":{"self":[{"href":"https:\/\/accrosport.tn\/index.php\/wp-json\/wp\/v2\/product\/31606","targetHints":{"allow":["GET"]}}],"collection":[{"href":"https:\/\/accrosport.tn\/index.php\/wp-json\/wp\/v2\/product"}],"about":[{"href":"https:\/\/accrosport.tn\/index.php\/wp-json\/wp\/v2\/types\/product"}],"wp:featuredmedia":[{"embeddable":true,"href":"https:\/\/accrosport.tn\/index.php\/wp-json\/wp\/v2\/media\/32125"}],"wp:attachment":[{"href":"https:\/\/accrosport.tn\/index.php\/wp-json\/wp\/v2\/media?parent=31606"}],"wp:term":[{"taxonomy":"product_brand","embeddable":true,"href":"https:\/\/accrosport.tn\/index.php\/wp-json\/wp\/v2\/product_brand?post=31606"},{"taxonomy":"product_cat","embeddable":true,"href":"https:\/\/accrosport.tn\/index.php\/wp-json\/wp\/v2\/product_cat?post=31606"},{"taxonomy":"product_tag","embeddable":true,"href":"https:\/\/accrosport.tn\/index.php\/wp-json\/wp\/v2\/product_tag?post=31606"}],"curies":[{"name":"wp","href":"https:\/\/api.w.org\/{rel}","templated":true}]}}